{"id":9808,"date":"2022-09-08T14:32:05","date_gmt":"2022-09-08T17:32:05","guid":{"rendered":"https:\/\/jobstore.cl\/?post_type=product&#038;p=9808"},"modified":"2024-03-16T11:28:57","modified_gmt":"2024-03-16T14:28:57","slug":"palo-selfie-con-espejo-23-cm-rojo-y-azul","status":"publish","type":"product","link":"https:\/\/jobstore.cl\/index.php\/product\/palo-selfie-con-espejo-23-cm-rojo-y-azul\/","title":{"rendered":"Palo Selfie con Espejo de 23 Cm  &#8211; Rojo y Azul"},"content":{"rendered":"<ul>\n<li>ise\u00f1o de agarre de silicona esmerilado con una c\u00f3moda sensaci\u00f3n de agarre, excelente resistencia al deslizamiento.<\/li>\n<\/ul>\n<ul>\n<li>Trabajar con el controlador de obturador Bluetooth puede evitar temblores o fatiga en la toma de fotograf\u00edas personales o grupales.<\/li>\n<\/ul>\n<ul>\n<li>Cord\u00f3n port\u00e1til y mosquet\u00f3n intercambiable, hace que sea muy f\u00e1cil de usar en diferentes escenas.<\/li>\n<\/ul>\n","protected":false},"excerpt":{"rendered":"<p>Disfruta sac\u00e1ndote las mejores selfies. Practico y c\u00f3modo de usar.<\/p>\n","protected":false},"featured_media":9811,"comment_status":"open","ping_status":"closed","template":"","meta":{"_joinchat":[]},"product_cat":[192,280],"product_tag":[],"class_list":{"0":"post-9808","1":"product","2":"type-product","3":"status-publish","4":"has-post-thumbnail","6":"product_cat-accesorios","7":"product_cat-accesorios-iphone-accesorios-iphone","9":"first","10":"instock","11":"sale","12":"shipping-taxable","13":"purchasable","14":"product-type-simple"},"_links":{"self":[{"href":"https:\/\/jobstore.cl\/index.php\/wp-json\/wp\/v2\/product\/9808","targetHints":{"allow":["GET"]}}],"collection":[{"href":"https:\/\/jobstore.cl\/index.php\/wp-json\/wp\/v2\/product"}],"about":[{"href":"https:\/\/jobstore.cl\/index.php\/wp-json\/wp\/v2\/types\/product"}],"replies":[{"embeddable":true,"href":"https:\/\/jobstore.cl\/index.php\/wp-json\/wp\/v2\/comments?post=9808"}],"version-history":[{"count":4,"href":"https:\/\/jobstore.cl\/index.php\/wp-json\/wp\/v2\/product\/9808\/revisions"}],"predecessor-version":[{"id":13576,"href":"https:\/\/jobstore.cl\/index.php\/wp-json\/wp\/v2\/product\/9808\/revisions\/13576"}],"wp:featuredmedia":[{"embeddable":true,"href":"https:\/\/jobstore.cl\/index.php\/wp-json\/wp\/v2\/media\/9811"}],"wp:attachment":[{"href":"https:\/\/jobstore.cl\/index.php\/wp-json\/wp\/v2\/media?parent=9808"}],"wp:term":[{"taxonomy":"product_cat","embeddable":true,"href":"https:\/\/jobstore.cl\/index.php\/wp-json\/wp\/v2\/product_cat?post=9808"},{"taxonomy":"product_tag","embeddable":true,"href":"https:\/\/jobstore.cl\/index.php\/wp-json\/wp\/v2\/product_tag?post=9808"}],"curies":[{"name":"wp","href":"https:\/\/api.w.org\/{rel}","templated":true}]}}