{"id":9799,"date":"2022-09-08T14:04:03","date_gmt":"2022-09-08T17:04:03","guid":{"rendered":"https:\/\/jobstore.cl\/?post_type=product&#038;p=9799"},"modified":"2023-03-20T12:52:35","modified_gmt":"2023-03-20T15:52:35","slug":"palo-selfie-plegable-plus-23-cm-rojo","status":"publish","type":"product","link":"https:\/\/jobstore.cl\/index.php\/product\/palo-selfie-plegable-plus-23-cm-rojo\/","title":{"rendered":"Palo Selfie Plegable Plus de 23 Cm &#8211; Color Rojo y Rosado ( Imagen Referencial )"},"content":{"rendered":"<p>&nbsp;<\/p>\n<ul>\n<li>Dise\u00f1o integrado por Bluetooth, control con una sola mano.<\/li>\n<li>Perfectamente compatible con el sistema Apple IOS y Android.<\/li>\n<li>Hecho de material de aluminio espacial, superligero.<\/li>\n<li>Soporte para tel\u00e9fono plegable, ahorra espacio, f\u00e1cil de llevar al aire libre.<\/li>\n<li>Posee alfombrilla antideslizante, puede contener f\u00e1cilmente la mayor\u00eda de los tama\u00f1os de tel\u00e9fonos celulares en el mercado principal (por ejemplo, iPhone 5 \/ 5S \/ 5C \/ 6\/ 6s \/ 6 Plus etc).<\/li>\n<\/ul>\n","protected":false},"excerpt":{"rendered":"<ul>\n<li>Funciona con la c\u00e1mara GoPro.<\/li>\n<li>Dise\u00f1o de agarre de silicona esmerilado con una c\u00f3moda sensaci\u00f3n de agarre.<\/li>\n<li>Excelente resistencia al deslizamiento.<\/li>\n<li>Cord\u00f3n port\u00e1til y mosquet\u00f3n intercambiable, hace que sea muy f\u00e1cil de usar en diferentes escenas.<\/li>\n<li>Usa 1 pila externa.<\/li>\n<\/ul>\n<p>Producto f\u00e1cil de usar y muy funcional.<\/p>\n<p>Imagen referencial.<\/p>\n","protected":false},"featured_media":9800,"comment_status":"open","ping_status":"closed","template":"","meta":{"_joinchat":[]},"product_cat":[192,280],"product_tag":[],"class_list":{"0":"post-9799","1":"product","2":"type-product","3":"status-publish","4":"has-post-thumbnail","6":"product_cat-accesorios","7":"product_cat-accesorios-iphone-accesorios-iphone","9":"first","10":"instock","11":"sale","12":"shipping-taxable","13":"purchasable","14":"product-type-simple"},"_links":{"self":[{"href":"https:\/\/jobstore.cl\/index.php\/wp-json\/wp\/v2\/product\/9799","targetHints":{"allow":["GET"]}}],"collection":[{"href":"https:\/\/jobstore.cl\/index.php\/wp-json\/wp\/v2\/product"}],"about":[{"href":"https:\/\/jobstore.cl\/index.php\/wp-json\/wp\/v2\/types\/product"}],"replies":[{"embeddable":true,"href":"https:\/\/jobstore.cl\/index.php\/wp-json\/wp\/v2\/comments?post=9799"}],"version-history":[{"count":7,"href":"https:\/\/jobstore.cl\/index.php\/wp-json\/wp\/v2\/product\/9799\/revisions"}],"predecessor-version":[{"id":13578,"href":"https:\/\/jobstore.cl\/index.php\/wp-json\/wp\/v2\/product\/9799\/revisions\/13578"}],"wp:featuredmedia":[{"embeddable":true,"href":"https:\/\/jobstore.cl\/index.php\/wp-json\/wp\/v2\/media\/9800"}],"wp:attachment":[{"href":"https:\/\/jobstore.cl\/index.php\/wp-json\/wp\/v2\/media?parent=9799"}],"wp:term":[{"taxonomy":"product_cat","embeddable":true,"href":"https:\/\/jobstore.cl\/index.php\/wp-json\/wp\/v2\/product_cat?post=9799"},{"taxonomy":"product_tag","embeddable":true,"href":"https:\/\/jobstore.cl\/index.php\/wp-json\/wp\/v2\/product_tag?post=9799"}],"curies":[{"name":"wp","href":"https:\/\/api.w.org\/{rel}","templated":true}]}}