{"id":8049,"date":"2022-04-20T16:57:33","date_gmt":"2022-04-20T19:57:33","guid":{"rendered":"https:\/\/jobstore.cl\/?post_type=product&#038;p=8049"},"modified":"2023-03-16T12:51:07","modified_gmt":"2023-03-16T15:51:07","slug":"teclado-con-funda-para-ipad-mini-de-7-9-color-oro","status":"publish","type":"product","link":"https:\/\/jobstore.cl\/index.php\/product\/teclado-con-funda-para-ipad-mini-de-7-9-color-oro\/","title":{"rendered":"Teclado con Funda para iPad Air &#8211; Color Oro"},"content":{"rendered":"<p>Teclado con funda para iPad: fabricado de pl\u00e1stico con un dise\u00f1o elegante y perfecto, para transformar tu iPad en un port\u00e1til de forma inmediata.<\/p>\n","protected":false},"excerpt":{"rendered":"<p>Teclado con funda para iPad: fabricado de pl\u00e1stico con un dise\u00f1o elegante y perfecto, para transformar tu iPad en un port\u00e1til de forma inmediata.<\/p>\n","protected":false},"featured_media":8052,"comment_status":"open","ping_status":"closed","template":"","meta":{"_joinchat":[]},"product_cat":[192,283],"product_tag":[],"class_list":{"0":"post-8049","1":"product","2":"type-product","3":"status-publish","4":"has-post-thumbnail","6":"product_cat-accesorios","7":"product_cat-accesorios-ipad","9":"first","10":"instock","11":"sale","12":"shipping-taxable","13":"purchasable","14":"product-type-simple"},"_links":{"self":[{"href":"https:\/\/jobstore.cl\/index.php\/wp-json\/wp\/v2\/product\/8049","targetHints":{"allow":["GET"]}}],"collection":[{"href":"https:\/\/jobstore.cl\/index.php\/wp-json\/wp\/v2\/product"}],"about":[{"href":"https:\/\/jobstore.cl\/index.php\/wp-json\/wp\/v2\/types\/product"}],"replies":[{"embeddable":true,"href":"https:\/\/jobstore.cl\/index.php\/wp-json\/wp\/v2\/comments?post=8049"}],"version-history":[{"count":6,"href":"https:\/\/jobstore.cl\/index.php\/wp-json\/wp\/v2\/product\/8049\/revisions"}],"predecessor-version":[{"id":13200,"href":"https:\/\/jobstore.cl\/index.php\/wp-json\/wp\/v2\/product\/8049\/revisions\/13200"}],"wp:featuredmedia":[{"embeddable":true,"href":"https:\/\/jobstore.cl\/index.php\/wp-json\/wp\/v2\/media\/8052"}],"wp:attachment":[{"href":"https:\/\/jobstore.cl\/index.php\/wp-json\/wp\/v2\/media?parent=8049"}],"wp:term":[{"taxonomy":"product_cat","embeddable":true,"href":"https:\/\/jobstore.cl\/index.php\/wp-json\/wp\/v2\/product_cat?post=8049"},{"taxonomy":"product_tag","embeddable":true,"href":"https:\/\/jobstore.cl\/index.php\/wp-json\/wp\/v2\/product_tag?post=8049"}],"curies":[{"name":"wp","href":"https:\/\/api.w.org\/{rel}","templated":true}]}}