{"id":7597,"date":"2022-03-23T11:59:18","date_gmt":"2022-03-23T14:59:18","guid":{"rendered":"https:\/\/jobstore.cl\/?post_type=product&#038;p=7597"},"modified":"2024-04-01T13:43:08","modified_gmt":"2024-04-01T16:43:08","slug":"receptor-audio-bluetooth-recargable-negro","status":"publish","type":"product","link":"https:\/\/jobstore.cl\/index.php\/product\/receptor-audio-bluetooth-recargable-negro\/","title":{"rendered":"Receptor de Audio Bluetooth Recargable &#8211; Color Negro"},"content":{"rendered":"<p>El Receptor Bluetooth es un dispositivo inalambrico (manos libres) de alta tecnolog\u00eda que puede recibir m\u00fasica de un tel\u00e9fono m\u00f3vil, equipo de m\u00fasica, radio del auto o un transmisor con capacidad Bluetooth.<\/p>\n<p><strong>Kit ncluye:<\/strong><\/p>\n<ul>\n<li>1 Dispositivo Bluetooth<\/li>\n<li>1 cable Usb-c a Usb-A<\/li>\n<li>1 Adaptador audio 3.5mm tipo puente<\/li>\n<li>1 Manual de uso<\/li>\n<\/ul>\n<p>\u00a0<\/p>\n<p>\u00a0<\/p>\n","protected":false},"excerpt":{"rendered":"<ul>\n<li>Tipo de interfaz: 3,5mm<\/li>\n<li>Versi\u00f3n de Bluetooth: Bluetooth 3.0<\/li>\n<li>Capacidad de la bater\u00eda: 100 mAh<\/li>\n<li>Tiempo de reproducci\u00f3n: 2-4 horas<\/li>\n<li>Recargable puerto MicroUSB<\/li>\n<\/ul>\n","protected":false},"featured_media":7598,"comment_status":"open","ping_status":"closed","template":"","meta":{"_joinchat":[]},"product_cat":[192,397],"product_tag":[],"class_list":{"0":"post-7597","1":"product","2":"type-product","3":"status-publish","4":"has-post-thumbnail","6":"product_cat-accesorios","7":"product_cat-audio","9":"first","10":"outofstock","11":"shipping-taxable","12":"purchasable","13":"product-type-simple"},"_links":{"self":[{"href":"https:\/\/jobstore.cl\/index.php\/wp-json\/wp\/v2\/product\/7597","targetHints":{"allow":["GET"]}}],"collection":[{"href":"https:\/\/jobstore.cl\/index.php\/wp-json\/wp\/v2\/product"}],"about":[{"href":"https:\/\/jobstore.cl\/index.php\/wp-json\/wp\/v2\/types\/product"}],"replies":[{"embeddable":true,"href":"https:\/\/jobstore.cl\/index.php\/wp-json\/wp\/v2\/comments?post=7597"}],"version-history":[{"count":6,"href":"https:\/\/jobstore.cl\/index.php\/wp-json\/wp\/v2\/product\/7597\/revisions"}],"predecessor-version":[{"id":13555,"href":"https:\/\/jobstore.cl\/index.php\/wp-json\/wp\/v2\/product\/7597\/revisions\/13555"}],"wp:featuredmedia":[{"embeddable":true,"href":"https:\/\/jobstore.cl\/index.php\/wp-json\/wp\/v2\/media\/7598"}],"wp:attachment":[{"href":"https:\/\/jobstore.cl\/index.php\/wp-json\/wp\/v2\/media?parent=7597"}],"wp:term":[{"taxonomy":"product_cat","embeddable":true,"href":"https:\/\/jobstore.cl\/index.php\/wp-json\/wp\/v2\/product_cat?post=7597"},{"taxonomy":"product_tag","embeddable":true,"href":"https:\/\/jobstore.cl\/index.php\/wp-json\/wp\/v2\/product_tag?post=7597"}],"curies":[{"name":"wp","href":"https:\/\/api.w.org\/{rel}","templated":true}]}}