{"id":7435,"date":"2022-03-04T13:41:21","date_gmt":"2022-03-04T16:41:21","guid":{"rendered":"https:\/\/jobstore.cl\/?post_type=product&#038;p=7435"},"modified":"2023-03-17T10:03:13","modified_gmt":"2023-03-17T13:03:13","slug":"almohadillas-para-audifonos-beats-kit-talla-m-y-l","status":"publish","type":"product","link":"https:\/\/jobstore.cl\/index.php\/product\/almohadillas-para-audifonos-beats-kit-talla-m-y-l\/","title":{"rendered":"Almohadillas para Aud\u00edfonos Beats \u2013 Kit Tallas M y L"},"content":{"rendered":"<p>Estas almohadillas est\u00e1n espec\u00edficamente dise\u00f1adas para una comodidad a largo plazo con tus auriculares.<\/p>\n<p>El kit incluye 3 par de almohadillas color rosado (2M Y L)<\/p>\n","protected":false},"excerpt":{"rendered":"<p>Estas almohadillas est\u00e1n espec\u00edficamente dise\u00f1adas para una comodidad a largo plazo con tus auriculares. El kit incluye 3 par de almohadillas color rosado (2M Y L)<\/p>\n","protected":false},"featured_media":7436,"comment_status":"open","ping_status":"closed","template":"","meta":{"_joinchat":[]},"product_cat":[192,397],"product_tag":[],"class_list":{"0":"post-7435","1":"product","2":"type-product","3":"status-publish","4":"has-post-thumbnail","6":"product_cat-accesorios","7":"product_cat-audio","9":"first","10":"outofstock","11":"sale","12":"shipping-taxable","13":"purchasable","14":"product-type-simple"},"_links":{"self":[{"href":"https:\/\/jobstore.cl\/index.php\/wp-json\/wp\/v2\/product\/7435","targetHints":{"allow":["GET"]}}],"collection":[{"href":"https:\/\/jobstore.cl\/index.php\/wp-json\/wp\/v2\/product"}],"about":[{"href":"https:\/\/jobstore.cl\/index.php\/wp-json\/wp\/v2\/types\/product"}],"replies":[{"embeddable":true,"href":"https:\/\/jobstore.cl\/index.php\/wp-json\/wp\/v2\/comments?post=7435"}],"version-history":[{"count":4,"href":"https:\/\/jobstore.cl\/index.php\/wp-json\/wp\/v2\/product\/7435\/revisions"}],"predecessor-version":[{"id":13468,"href":"https:\/\/jobstore.cl\/index.php\/wp-json\/wp\/v2\/product\/7435\/revisions\/13468"}],"wp:featuredmedia":[{"embeddable":true,"href":"https:\/\/jobstore.cl\/index.php\/wp-json\/wp\/v2\/media\/7436"}],"wp:attachment":[{"href":"https:\/\/jobstore.cl\/index.php\/wp-json\/wp\/v2\/media?parent=7435"}],"wp:term":[{"taxonomy":"product_cat","embeddable":true,"href":"https:\/\/jobstore.cl\/index.php\/wp-json\/wp\/v2\/product_cat?post=7435"},{"taxonomy":"product_tag","embeddable":true,"href":"https:\/\/jobstore.cl\/index.php\/wp-json\/wp\/v2\/product_tag?post=7435"}],"curies":[{"name":"wp","href":"https:\/\/api.w.org\/{rel}","templated":true}]}}