{"id":7424,"date":"2022-03-04T12:28:25","date_gmt":"2022-03-04T15:28:25","guid":{"rendered":"https:\/\/jobstore.cl\/?post_type=product&#038;p=7424"},"modified":"2025-03-11T16:41:13","modified_gmt":"2025-03-11T19:41:13","slug":"almohadillas-de-airpods-pro-kit-tallas-s-y-l","status":"publish","type":"product","link":"https:\/\/jobstore.cl\/index.php\/product\/almohadillas-de-airpods-pro-kit-tallas-s-y-l\/","title":{"rendered":"Almohadillas para AirPods Pro (1.\u00aa generaci\u00f3n) \u2013 Kit Talla S"},"content":{"rendered":"<p>Los AirPods\u00a0Pro vienen con almohadillas de silicona peque\u00f1as, medianas y grandes. Si usas el tama\u00f1o de almohadillas adecuado para ti, la calidad de sonido ser\u00e1 la mejor y la cancelaci\u00f3n de ruido ser\u00e1 m\u00e1s eficaz.\u00a0Para comprobar el tama\u00f1o de una almohadilla, desenrolla el borde y busca las letras S, M o L grabadas en su interior cerca de la base.<\/p>\n<span style='display:inline;'><input type='hidden' bg_collapse_expand='69dff828558114092807788' value='69dff828558114092807788'><input type='hidden' id='bg-show-more-text-69dff828558114092807788' value='Ver Mas'><input type='hidden' id='bg-show-less-text-69dff828558114092807788' value='Ver Menos'><a id='bg-showmore-action-69dff828558114092807788' class='bg-showmore-plg-link  '  style=\" color:#FF0000;\" href='#'>Ver Mas<\/a><span id='bg-showmore-hidden-69dff828558114092807788' ><\/p>\n<p>Intenta colocarte los AirPods con las almohadillas medianas en los o\u00eddos para ver si los AirPods se sienten c\u00f3modos y seguros. Si no se sellan bien, intenta ajustar el\u00a0AirPod o <a href=\"https:\/\/support.apple.com\/es-cl\/HT210633#remove\">prueba con una almohadilla m\u00e1s grande<\/a>. Si sientes que la almohadilla es demasiado grande o inc\u00f3moda, prueba con una almohadilla m\u00e1s peque\u00f1a.<\/p>\n<p><strong>Incluye:<\/strong><\/p>\n<ul>\n<li>Kit de 1 par de almohadillas (Tallas S).<\/li>\n<\/ul>\n<p><\/span><\/span>\n<p>&nbsp;<\/p>\n","protected":false},"excerpt":{"rendered":"<p>Los AirPods\u00a0Pro vienen con almohadillas de silicona peque\u00f1as, medianas y grandes. Si usas el tama\u00f1o de almohadillas adecuado para ti, la calidad de sonido ser\u00e1 la<span class=\"excerpt-hellip\"> [\u2026]<\/span><\/p>\n","protected":false},"featured_media":7426,"comment_status":"open","ping_status":"closed","template":"","meta":{"_joinchat":[]},"product_cat":[192,431,593],"product_tag":[],"class_list":{"0":"post-7424","1":"product","2":"type-product","3":"status-publish","4":"has-post-thumbnail","6":"product_brand-apple","7":"product_cat-accesorios","8":"product_cat-accesorios-airpods-pro","9":"product_cat-accesorios-apple","11":"first","12":"outofstock","13":"sale","14":"shipping-taxable","15":"purchasable","16":"product-type-simple"},"_links":{"self":[{"href":"https:\/\/jobstore.cl\/index.php\/wp-json\/wp\/v2\/product\/7424","targetHints":{"allow":["GET"]}}],"collection":[{"href":"https:\/\/jobstore.cl\/index.php\/wp-json\/wp\/v2\/product"}],"about":[{"href":"https:\/\/jobstore.cl\/index.php\/wp-json\/wp\/v2\/types\/product"}],"replies":[{"embeddable":true,"href":"https:\/\/jobstore.cl\/index.php\/wp-json\/wp\/v2\/comments?post=7424"}],"version-history":[{"count":7,"href":"https:\/\/jobstore.cl\/index.php\/wp-json\/wp\/v2\/product\/7424\/revisions"}],"predecessor-version":[{"id":7428,"href":"https:\/\/jobstore.cl\/index.php\/wp-json\/wp\/v2\/product\/7424\/revisions\/7428"}],"wp:featuredmedia":[{"embeddable":true,"href":"https:\/\/jobstore.cl\/index.php\/wp-json\/wp\/v2\/media\/7426"}],"wp:attachment":[{"href":"https:\/\/jobstore.cl\/index.php\/wp-json\/wp\/v2\/media?parent=7424"}],"wp:term":[{"taxonomy":"product_cat","embeddable":true,"href":"https:\/\/jobstore.cl\/index.php\/wp-json\/wp\/v2\/product_cat?post=7424"},{"taxonomy":"product_tag","embeddable":true,"href":"https:\/\/jobstore.cl\/index.php\/wp-json\/wp\/v2\/product_tag?post=7424"}],"curies":[{"name":"wp","href":"https:\/\/api.w.org\/{rel}","templated":true}]}}