{"id":7416,"date":"2022-03-04T12:10:20","date_gmt":"2022-03-04T15:10:20","guid":{"rendered":"https:\/\/jobstore.cl\/?post_type=product&#038;p=7416"},"modified":"2026-01-15T18:06:22","modified_gmt":"2026-01-15T21:06:22","slug":"almohadillas-de-airpods-pro-kit-talla-s-m-l","status":"publish","type":"product","link":"https:\/\/jobstore.cl\/index.php\/product\/almohadillas-de-airpods-pro-kit-talla-s-m-l\/","title":{"rendered":"Almohadillas para los AirPods Pro (1.\u00aa generaci\u00f3n) XS,S, L"},"content":{"rendered":"<p>Los AirPods\u00a0Pro vienen con almohadillas de silicona peque\u00f1as, medianas y grandes. Si usas el tama\u00f1o de almohadillas adecuado para ti, la calidad de sonido ser\u00e1 la mejor y la cancelaci\u00f3n de ruido ser\u00e1 m\u00e1s eficaz.\u00a0Para comprobar el tama\u00f1o de una almohadilla, desenrolla el borde y busca las letras S, M o L grabadas en su interior cerca de la base.<\/p>\n<span style='display:inline;'><input type='hidden' bg_collapse_expand='69e62ef15456e7098071277' value='69e62ef15456e7098071277'><input type='hidden' id='bg-show-more-text-69e62ef15456e7098071277' value='Ver Mas'><input type='hidden' id='bg-show-less-text-69e62ef15456e7098071277' value='Ver Menos'><a id='bg-showmore-action-69e62ef15456e7098071277' class='bg-showmore-plg-link  '  style=\" color:#FF0000;\" href='#'>Ver Mas<\/a><span id='bg-showmore-hidden-69e62ef15456e7098071277' ><\/p>\n<p>Intenta colocarte los AirPods con las almohadillas medianas en los o\u00eddos para ver si los AirPods se sienten c\u00f3modos y seguros. Si no se sellan bien, intenta ajustar el\u00a0AirPod o <a href=\"https:\/\/support.apple.com\/es-cl\/HT210633#remove\">prueba con una almohadilla m\u00e1s grande<\/a>. Si sientes que la almohadilla es demasiado grande o inc\u00f3moda, prueba con una almohadilla m\u00e1s peque\u00f1a.<\/p>\n<p><strong>Incluye:<\/strong><\/p>\n<ul>\n<li>Kit de 3 par de almohadillas 1 gen (Tallas XS,S, L).<\/li>\n<\/ul>\n<p><\/span><\/span>\n<p>&nbsp;<\/p>\n","protected":false},"excerpt":{"rendered":"<p>Los AirPods\u00a0Pro vienen con almohadillas de silicona peque\u00f1as, medianas y grandes. Si usas el tama\u00f1o de almohadillas adecuado para ti, la calidad de sonido ser\u00e1 la<span class=\"excerpt-hellip\"> [\u2026]<\/span><\/p>\n","protected":false},"featured_media":7417,"comment_status":"open","ping_status":"closed","template":"","meta":{"_joinchat":[]},"product_cat":[192,431,593],"product_tag":[],"class_list":{"0":"post-7416","1":"product","2":"type-product","3":"status-publish","4":"has-post-thumbnail","6":"product_brand-apple","7":"product_cat-accesorios","8":"product_cat-accesorios-airpods-pro","9":"product_cat-accesorios-apple","11":"first","12":"instock","13":"sale","14":"shipping-taxable","15":"purchasable","16":"product-type-simple"},"_links":{"self":[{"href":"https:\/\/jobstore.cl\/index.php\/wp-json\/wp\/v2\/product\/7416","targetHints":{"allow":["GET"]}}],"collection":[{"href":"https:\/\/jobstore.cl\/index.php\/wp-json\/wp\/v2\/product"}],"about":[{"href":"https:\/\/jobstore.cl\/index.php\/wp-json\/wp\/v2\/types\/product"}],"replies":[{"embeddable":true,"href":"https:\/\/jobstore.cl\/index.php\/wp-json\/wp\/v2\/comments?post=7416"}],"version-history":[{"count":11,"href":"https:\/\/jobstore.cl\/index.php\/wp-json\/wp\/v2\/product\/7416\/revisions"}],"predecessor-version":[{"id":18362,"href":"https:\/\/jobstore.cl\/index.php\/wp-json\/wp\/v2\/product\/7416\/revisions\/18362"}],"wp:featuredmedia":[{"embeddable":true,"href":"https:\/\/jobstore.cl\/index.php\/wp-json\/wp\/v2\/media\/7417"}],"wp:attachment":[{"href":"https:\/\/jobstore.cl\/index.php\/wp-json\/wp\/v2\/media?parent=7416"}],"wp:term":[{"taxonomy":"product_cat","embeddable":true,"href":"https:\/\/jobstore.cl\/index.php\/wp-json\/wp\/v2\/product_cat?post=7416"},{"taxonomy":"product_tag","embeddable":true,"href":"https:\/\/jobstore.cl\/index.php\/wp-json\/wp\/v2\/product_tag?post=7416"}],"curies":[{"name":"wp","href":"https:\/\/api.w.org\/{rel}","templated":true}]}}