{"id":7068,"date":"2022-02-01T11:26:18","date_gmt":"2022-02-01T14:26:18","guid":{"rendered":"https:\/\/jobstore.cl\/?post_type=product&#038;p=7068"},"modified":"2023-03-16T17:10:19","modified_gmt":"2023-03-16T20:10:19","slug":"carcasa-de-silicona-para-iphone-13-negro","status":"publish","type":"product","link":"https:\/\/jobstore.cl\/index.php\/product\/carcasa-de-silicona-para-iphone-13-negro\/","title":{"rendered":"Carcasa de Silicona para iPhone 13 &#8211; Color Negro"},"content":{"rendered":"<p>El complemento perfecto para tu tel\u00e9fono, la forma de la carcasa de silicona se ajusta perfectamente a los botones de volumen, bot\u00f3n lateral y curvas de tu dispositivo sin agregar grosor.<br \/>\nSuave terciopelo en el interior, ayuda a proteger tu iPhone. El acabado sedoso y suave al tacto del exterior de silicona se siente genial en la mano. Compatible con carga inal\u00e1mbrica. Adem\u00e1s, puedes dejar la funda siempre puesta, incluso durante la carga inal\u00e1mbrica del iPhone.<\/p>\n","protected":false},"excerpt":{"rendered":"<p>El complemento perfecto para tu tel\u00e9fono, la forma de la carcasa de silicona se ajusta perfectamente a los botones de volumen, bot\u00f3n lateral y curvas de<span class=\"excerpt-hellip\"> [\u2026]<\/span><\/p>\n","protected":false},"featured_media":7071,"comment_status":"open","ping_status":"closed","template":"","meta":{"_joinchat":[]},"product_cat":[192,280,376,394],"product_tag":[],"class_list":{"0":"post-7068","1":"product","2":"type-product","3":"status-publish","4":"has-post-thumbnail","6":"product_cat-accesorios","7":"product_cat-accesorios-iphone-accesorios-iphone","8":"product_cat-carcasas","9":"product_cat-iphone-13","11":"first","12":"outofstock","13":"shipping-taxable","14":"purchasable","15":"product-type-simple"},"_links":{"self":[{"href":"https:\/\/jobstore.cl\/index.php\/wp-json\/wp\/v2\/product\/7068","targetHints":{"allow":["GET"]}}],"collection":[{"href":"https:\/\/jobstore.cl\/index.php\/wp-json\/wp\/v2\/product"}],"about":[{"href":"https:\/\/jobstore.cl\/index.php\/wp-json\/wp\/v2\/types\/product"}],"replies":[{"embeddable":true,"href":"https:\/\/jobstore.cl\/index.php\/wp-json\/wp\/v2\/comments?post=7068"}],"version-history":[{"count":2,"href":"https:\/\/jobstore.cl\/index.php\/wp-json\/wp\/v2\/product\/7068\/revisions"}],"predecessor-version":[{"id":13321,"href":"https:\/\/jobstore.cl\/index.php\/wp-json\/wp\/v2\/product\/7068\/revisions\/13321"}],"wp:featuredmedia":[{"embeddable":true,"href":"https:\/\/jobstore.cl\/index.php\/wp-json\/wp\/v2\/media\/7071"}],"wp:attachment":[{"href":"https:\/\/jobstore.cl\/index.php\/wp-json\/wp\/v2\/media?parent=7068"}],"wp:term":[{"taxonomy":"product_cat","embeddable":true,"href":"https:\/\/jobstore.cl\/index.php\/wp-json\/wp\/v2\/product_cat?post=7068"},{"taxonomy":"product_tag","embeddable":true,"href":"https:\/\/jobstore.cl\/index.php\/wp-json\/wp\/v2\/product_tag?post=7068"}],"curies":[{"name":"wp","href":"https:\/\/api.w.org\/{rel}","templated":true}]}}