{"id":6932,"date":"2022-01-24T16:01:51","date_gmt":"2022-01-24T19:01:51","guid":{"rendered":"https:\/\/jobstore.cl\/?post_type=product&#038;p=6932"},"modified":"2026-04-13T15:12:31","modified_gmt":"2026-04-13T18:12:31","slug":"soporte-magnetico-de-iphone-para-auto","status":"publish","type":"product","link":"https:\/\/jobstore.cl\/index.php\/product\/soporte-magnetico-de-iphone-para-auto\/","title":{"rendered":"Soporte Magn\u00e9tico de Auto para IPhone &#8211; Color Negro"},"content":{"rendered":"<p data-spm-anchor-id=\"a2g0o.detail.1000023.i0.3c8e1eb7vSm65H\"><strong>Dotfes F02 es un soporte magn\u00e9tico de ventilaci\u00f3n de aire de auto para tu iPhone<\/strong><\/p>\n<ul>\n<li>Este soporte magn\u00e9tico se fija en la salida del aire de tu auto, tiene una robusta Base de goma y una poderosa cabeza magn\u00e9tica para mantener fijo \u00a0los tel\u00e9fonos inteligentes gracias a sus cuatro imanes de neodimio otorgando sost\u00e9n al tel\u00e9fono de forma constante incluso en carreteras con baches.<\/li>\n<li>Este soporte magn\u00e9tico para tel\u00e9fono puede mantenerse firme en la carretera y la pantalla del tel\u00e9fono en la misma l\u00ednea de visi\u00f3n. No afectar\u00e1 tu reacci\u00f3n.<\/li>\n<li>Compatible con la mayor\u00eda de bandas de tel\u00e9fonos inteligentes<\/li>\n<\/ul>\n","protected":false},"excerpt":{"rendered":"<p>Dotfes F02 es un soporte magn\u00e9tico de ventilaci\u00f3n de aire de auto para tu iPhone Este soporte magn\u00e9tico se fija en la salida del aire de<span class=\"excerpt-hellip\"> [\u2026]<\/span><\/p>\n","protected":false},"featured_media":6935,"comment_status":"open","ping_status":"closed","template":"","meta":{"_joinchat":[]},"product_cat":[192,280,576],"product_tag":[],"class_list":{"0":"post-6932","1":"product","2":"type-product","3":"status-publish","4":"has-post-thumbnail","6":"product_brand-dotfes","7":"product_cat-accesorios","8":"product_cat-accesorios-iphone-accesorios-iphone","9":"product_cat-ofertas-50","11":"first","12":"instock","13":"shipping-taxable","14":"product-type-simple"},"_links":{"self":[{"href":"https:\/\/jobstore.cl\/index.php\/wp-json\/wp\/v2\/product\/6932","targetHints":{"allow":["GET"]}}],"collection":[{"href":"https:\/\/jobstore.cl\/index.php\/wp-json\/wp\/v2\/product"}],"about":[{"href":"https:\/\/jobstore.cl\/index.php\/wp-json\/wp\/v2\/types\/product"}],"replies":[{"embeddable":true,"href":"https:\/\/jobstore.cl\/index.php\/wp-json\/wp\/v2\/comments?post=6932"}],"version-history":[{"count":5,"href":"https:\/\/jobstore.cl\/index.php\/wp-json\/wp\/v2\/product\/6932\/revisions"}],"predecessor-version":[{"id":13629,"href":"https:\/\/jobstore.cl\/index.php\/wp-json\/wp\/v2\/product\/6932\/revisions\/13629"}],"wp:featuredmedia":[{"embeddable":true,"href":"https:\/\/jobstore.cl\/index.php\/wp-json\/wp\/v2\/media\/6935"}],"wp:attachment":[{"href":"https:\/\/jobstore.cl\/index.php\/wp-json\/wp\/v2\/media?parent=6932"}],"wp:term":[{"taxonomy":"product_cat","embeddable":true,"href":"https:\/\/jobstore.cl\/index.php\/wp-json\/wp\/v2\/product_cat?post=6932"},{"taxonomy":"product_tag","embeddable":true,"href":"https:\/\/jobstore.cl\/index.php\/wp-json\/wp\/v2\/product_tag?post=6932"}],"curies":[{"name":"wp","href":"https:\/\/api.w.org\/{rel}","templated":true}]}}