{"id":6869,"date":"2022-01-20T10:45:37","date_gmt":"2022-01-20T13:45:37","guid":{"rendered":"https:\/\/jobstore.cl\/?post_type=product&#038;p=6869"},"modified":"2024-12-13T19:16:54","modified_gmt":"2024-12-13T22:16:54","slug":"lamina-de-proteccion-para-iphone-12-mini","status":"publish","type":"product","link":"https:\/\/jobstore.cl\/index.php\/product\/lamina-de-proteccion-para-iphone-12-mini\/","title":{"rendered":"Vidrio Templado Antiesp\u00eda para iPhone 12 Mini curved"},"content":{"rendered":"<div class=\"para-list as-pdp-lastparalist\">\n<p><strong>Anti Peeper (Anti Espionaje)<\/strong><\/p>\n<\/div>\n<p>Evita que otros vean lo que estas leyendo en tu iPhone; Esa l\u00e1mina evitara ojos entrometidos.<\/p>\n<div class=\"product-short-description max-h\">\n<ul>\n<li><strong>Protege tu privacidad<\/strong>: Mant\u00e9n tu pantalla protegida de ojos esp\u00edas mientras usas tu iPhone con este filtro especializado que incluye esta nueva l\u00e1mina templada .<\/li>\n<\/ul>\n<p>NOTA: Este producto puede causar que su pantalla aparezca oscurecida y puede ser necesario ajustar el brillo de esta.<\/p>\n<ul>\n<li><strong>F\u00e1cil instalaci\u00f3n<\/strong>: incluye kit de limpieza e instalaci\u00f3n.<\/li>\n<\/ul>\n<\/div>\n<span style='display:inline;'><input type='hidden' bg_collapse_expand='69e087bf25aa42041961638' value='69e087bf25aa42041961638'><input type='hidden' id='bg-show-more-text-69e087bf25aa42041961638' value='Ver Mas'><input type='hidden' id='bg-show-less-text-69e087bf25aa42041961638' value='Ver Menos'><a id='bg-showmore-action-69e087bf25aa42041961638' class='bg-showmore-plg-link  '  style=\" color:#FF0000;\" href='#'>Ver Mas<\/a><span id='bg-showmore-hidden-69e087bf25aa42041961638' ><\/p>\n<div class=\"para-list as-pdp-lastparalist\">\n<p>El protector de pantalla antirreflejo de Dotfes brinda una m\u00e1xima protecci\u00f3n y pr\u00edstina visibilidad para la pantalla de tu iPhone. Esto es posible al reducir los reflejos tanto de la luz del sol como de la luz artificial, te permite apreciar la pantalla de forma m\u00e1s c\u00f3moda incluso en entornos luminosos y brillantes.<\/p>\n<\/div>\n<div class=\"para-list as-pdp-lastparalist\">\n<p><span style=\"font-size: 1.3em;color: var(--base-font-color)\">Protecci\u00f3n mejorada<\/span><\/p>\n<p><span style=\"color: var(--base-font-color)\">El protector no s\u00f3lo evita da\u00f1os visuales y mantiene el aspecto de tu iPhone como nuevo, tambi\u00e9n conserva la funcionalidad de la pantalla Multi-Touch.<\/span><\/p>\n<\/div>\n<h4 class=\"h4-para-title\">Ultra Thin (delgado)<\/h4>\n<div class=\"para-list as-pdp-lastparalist\">\n<p>El grosor del protector de pantalla antirreflejo de Dotfes para iPhone es ultra delgado manteniendo una\u00a0Protecci\u00f3n 9h anti rallas ( Mohs, una escala de dureza de materiales que va del 1 al 10), es ligero y \u00a0conserva la sensibilidad de la pantalla Multi-Touch. Reduce las posibilidades de da\u00f1ar tu iPhone ante rallas y reducir los da\u00f1os ante ca\u00eddas *<\/p>\n<\/div>\n<ul>\n<li>El producto no garantiza quebraduras ante ca\u00eddas.<\/li>\n<li>iPhone No incluido<\/li>\n<li><span style=\"color: var(--base-font-color)\">99% Anti reflejo<\/span><\/li>\n<li><span style=\"color: var(--base-font-color)\">98 % Anti UVA UVB<\/span><\/li>\n<\/ul>\n<p><\/span><\/span>\n<p>&nbsp;<\/p>\n","protected":false},"excerpt":{"rendered":"<p>Anti Peeper (Anti Espionaje) Evita que otros vean lo que estas leyendo en tu iPhone; Esa l\u00e1mina evitara ojos entrometidos. Protege tu privacidad: Mant\u00e9n tu pantalla<span class=\"excerpt-hellip\"> [\u2026]<\/span><\/p>\n","protected":false},"featured_media":6893,"comment_status":"open","ping_status":"closed","template":"","meta":{"_joinchat":[]},"product_cat":[192,280,611,436],"product_tag":[445,435,443,444,446,447],"class_list":{"0":"post-6869","1":"product","2":"type-product","3":"status-publish","4":"has-post-thumbnail","6":"product_brand-dotfes","7":"product_cat-accesorios","8":"product_cat-accesorios-iphone-accesorios-iphone","9":"product_cat-tempered-glass","10":"product_cat-laminas-de-vidrio-templado","11":"product_tag-espia","12":"product_tag-lamina-de-vidrio-templado","13":"product_tag-peeper","14":"product_tag-privacidad","15":"product_tag-templado","16":"product_tag-vidrio","18":"first","19":"instock","20":"sale","21":"shipping-taxable","22":"purchasable","23":"product-type-simple"},"_links":{"self":[{"href":"https:\/\/jobstore.cl\/index.php\/wp-json\/wp\/v2\/product\/6869","targetHints":{"allow":["GET"]}}],"collection":[{"href":"https:\/\/jobstore.cl\/index.php\/wp-json\/wp\/v2\/product"}],"about":[{"href":"https:\/\/jobstore.cl\/index.php\/wp-json\/wp\/v2\/types\/product"}],"replies":[{"embeddable":true,"href":"https:\/\/jobstore.cl\/index.php\/wp-json\/wp\/v2\/comments?post=6869"}],"version-history":[{"count":12,"href":"https:\/\/jobstore.cl\/index.php\/wp-json\/wp\/v2\/product\/6869\/revisions"}],"predecessor-version":[{"id":15749,"href":"https:\/\/jobstore.cl\/index.php\/wp-json\/wp\/v2\/product\/6869\/revisions\/15749"}],"wp:featuredmedia":[{"embeddable":true,"href":"https:\/\/jobstore.cl\/index.php\/wp-json\/wp\/v2\/media\/6893"}],"wp:attachment":[{"href":"https:\/\/jobstore.cl\/index.php\/wp-json\/wp\/v2\/media?parent=6869"}],"wp:term":[{"taxonomy":"product_cat","embeddable":true,"href":"https:\/\/jobstore.cl\/index.php\/wp-json\/wp\/v2\/product_cat?post=6869"},{"taxonomy":"product_tag","embeddable":true,"href":"https:\/\/jobstore.cl\/index.php\/wp-json\/wp\/v2\/product_tag?post=6869"}],"curies":[{"name":"wp","href":"https:\/\/api.w.org\/{rel}","templated":true}]}}