{"id":6811,"date":"2022-01-18T16:22:39","date_gmt":"2022-01-18T19:22:39","guid":{"rendered":"https:\/\/jobstore.cl\/?post_type=product&#038;p=6811"},"modified":"2023-04-20T13:58:50","modified_gmt":"2023-04-20T16:58:50","slug":"cargador-para-auto-de-dos-puertos-usb-c-y-usb-a-blanco","status":"publish","type":"product","link":"https:\/\/jobstore.cl\/index.php\/product\/cargador-para-auto-de-dos-puertos-usb-c-y-usb-a-blanco\/","title":{"rendered":"Cargador para Auto con 2 Puertos de Carga USB-C y USB-A &#8211; Color Blanco"},"content":{"rendered":"<p>Este cargador para autom\u00f3vil puede proporcionar una carga r\u00e1pida para 2 dispositivos simult\u00e1neamente.<\/p>\n<span style='display:inline;'><input type='hidden' bg_collapse_expand='69f5e0539cb4d4095709090' value='69f5e0539cb4d4095709090'><input type='hidden' id='bg-show-more-text-69f5e0539cb4d4095709090' value='Ver Mas'><input type='hidden' id='bg-show-less-text-69f5e0539cb4d4095709090' value='Ver Menos'><a id='bg-showmore-action-69f5e0539cb4d4095709090' class='bg-showmore-plg-link  '  style=\" color:#FF0000;\" href='#'>Ver Mas<\/a><span id='bg-showmore-hidden-69f5e0539cb4d4095709090' ><\/p>\n<p>Compatible con iPhone 13\/13Pro\/Max\/ 12\/12 Pro\/Max\/12 Mini\/11\/11 Pro\/11 Pro Max\/XS\/Max\/XR\/X\/8\/iPad Pro\/iPad Air\/Mini, Google Pixel 3a XL\/3a\/3\/3 XL\/2\/2 XL\/XL\/C\/Nexus 6P\/5X, Galaxy S10\/S10+\/S9\/S9+, Nota 10\/Nota 9\/Nota 8, G7 ThinQ, etc.<\/p>\n<p>El sistema de protecci\u00f3n inteligente incorporado para proteger tus dispositivos contra sobrecorriente, sobrecarga y sobrecalentamiento garantiza un rendimiento, seguridad y confiabilidad superiores.<\/p>\n<p><\/span><\/span>\n<p>\u00a0<\/p>\n","protected":false},"excerpt":{"rendered":"<p><strong>Especificaciones<\/strong><\/p>\n<ul>\n<li><strong>Input:<\/strong> 12-24V<\/li>\n<li><strong>QC3.0 Port Output:<\/strong> 5V 3A, 9V 2A, 12V 1.5A (Max 18W)<\/li>\n<li><strong>PD Port Output:<\/strong> 5V 3A, 9V 2.25A, 12V 1.67A (Max 20W)<\/li>\n<li><strong>QC3.0+ PD Port Total Output:<\/strong> 38W (Max)<\/li>\n<\/ul>\n<p>&nbsp;<\/p>\n","protected":false},"featured_media":6815,"comment_status":"open","ping_status":"closed","template":"","meta":{"_joinchat":[]},"product_cat":[192,283,280],"product_tag":[],"class_list":{"0":"post-6811","1":"product","2":"type-product","3":"status-publish","4":"has-post-thumbnail","6":"product_cat-accesorios","7":"product_cat-accesorios-ipad","8":"product_cat-accesorios-iphone-accesorios-iphone","10":"first","11":"outofstock","12":"shipping-taxable","13":"purchasable","14":"product-type-simple"},"_links":{"self":[{"href":"https:\/\/jobstore.cl\/index.php\/wp-json\/wp\/v2\/product\/6811","targetHints":{"allow":["GET"]}}],"collection":[{"href":"https:\/\/jobstore.cl\/index.php\/wp-json\/wp\/v2\/product"}],"about":[{"href":"https:\/\/jobstore.cl\/index.php\/wp-json\/wp\/v2\/types\/product"}],"replies":[{"embeddable":true,"href":"https:\/\/jobstore.cl\/index.php\/wp-json\/wp\/v2\/comments?post=6811"}],"version-history":[{"count":9,"href":"https:\/\/jobstore.cl\/index.php\/wp-json\/wp\/v2\/product\/6811\/revisions"}],"predecessor-version":[{"id":13655,"href":"https:\/\/jobstore.cl\/index.php\/wp-json\/wp\/v2\/product\/6811\/revisions\/13655"}],"wp:featuredmedia":[{"embeddable":true,"href":"https:\/\/jobstore.cl\/index.php\/wp-json\/wp\/v2\/media\/6815"}],"wp:attachment":[{"href":"https:\/\/jobstore.cl\/index.php\/wp-json\/wp\/v2\/media?parent=6811"}],"wp:term":[{"taxonomy":"product_cat","embeddable":true,"href":"https:\/\/jobstore.cl\/index.php\/wp-json\/wp\/v2\/product_cat?post=6811"},{"taxonomy":"product_tag","embeddable":true,"href":"https:\/\/jobstore.cl\/index.php\/wp-json\/wp\/v2\/product_tag?post=6811"}],"curies":[{"name":"wp","href":"https:\/\/api.w.org\/{rel}","templated":true}]}}