{"id":6707,"date":"2022-01-13T15:52:45","date_gmt":"2022-01-13T18:52:45","guid":{"rendered":"https:\/\/jobstore.cl\/?post_type=product&#038;p=6707"},"modified":"2023-03-23T12:27:13","modified_gmt":"2023-03-23T15:27:13","slug":"disco-duro-1tb-usb-expansion-negro","status":"publish","type":"product","link":"https:\/\/jobstore.cl\/index.php\/product\/disco-duro-1tb-usb-expansion-negro\/","title":{"rendered":"Disco Duro Port\u00e1til de 1 TB USB Expansion &#8211; Color Negro"},"content":{"rendered":"<p>El disco duro port\u00e1til Expansion Portable de Seagate ofrece una sencilla soluci\u00f3n cuando necesitas agregar almacenamiento instant\u00e1neo a tu computador y llevar archivos contigo.<\/p>\n<ul>\n<li>Almacenamiento de archivos mediante la t\u00e9cnica de arrastrar y soltar listo para usarse<\/li>\n<li>Energizado a trav\u00e9s de USB &#8211; No necesita conectarse a la pared<\/li>\n<li>R\u00e1pida transferencia de datos con la conectividad USB 3.1 Gen 1<\/li>\n<\/ul>\n<p>&nbsp;<\/p>\n","protected":false},"excerpt":{"rendered":"<ul>\n<li><strong>Incluye:<\/strong><\/li>\n<li>Unidad de disco duro port\u00e1til Expansion Portable de Seagate<\/li>\n<li>Cable USB 3.1 Gen 1 (Tipo A)<\/li>\n<li>Gu\u00eda de inicio r\u00e1pido<\/li>\n<\/ul>\n","protected":false},"featured_media":6711,"comment_status":"open","ping_status":"closed","template":"","meta":{"_joinchat":[]},"product_cat":[192,329],"product_tag":[427],"class_list":{"0":"post-6707","1":"product","2":"type-product","3":"status-publish","4":"has-post-thumbnail","6":"product_cat-accesorios","7":"product_cat-accesorios-air","8":"product_tag-stea1000400","10":"first","11":"outofstock","12":"shipping-taxable","13":"purchasable","14":"product-type-simple"},"_links":{"self":[{"href":"https:\/\/jobstore.cl\/index.php\/wp-json\/wp\/v2\/product\/6707","targetHints":{"allow":["GET"]}}],"collection":[{"href":"https:\/\/jobstore.cl\/index.php\/wp-json\/wp\/v2\/product"}],"about":[{"href":"https:\/\/jobstore.cl\/index.php\/wp-json\/wp\/v2\/types\/product"}],"replies":[{"embeddable":true,"href":"https:\/\/jobstore.cl\/index.php\/wp-json\/wp\/v2\/comments?post=6707"}],"version-history":[{"count":5,"href":"https:\/\/jobstore.cl\/index.php\/wp-json\/wp\/v2\/product\/6707\/revisions"}],"predecessor-version":[{"id":13652,"href":"https:\/\/jobstore.cl\/index.php\/wp-json\/wp\/v2\/product\/6707\/revisions\/13652"}],"wp:featuredmedia":[{"embeddable":true,"href":"https:\/\/jobstore.cl\/index.php\/wp-json\/wp\/v2\/media\/6711"}],"wp:attachment":[{"href":"https:\/\/jobstore.cl\/index.php\/wp-json\/wp\/v2\/media?parent=6707"}],"wp:term":[{"taxonomy":"product_cat","embeddable":true,"href":"https:\/\/jobstore.cl\/index.php\/wp-json\/wp\/v2\/product_cat?post=6707"},{"taxonomy":"product_tag","embeddable":true,"href":"https:\/\/jobstore.cl\/index.php\/wp-json\/wp\/v2\/product_tag?post=6707"}],"curies":[{"name":"wp","href":"https:\/\/api.w.org\/{rel}","templated":true}]}}