{"id":6660,"date":"2022-01-13T12:53:00","date_gmt":"2022-01-13T15:53:00","guid":{"rendered":"https:\/\/jobstore.cl\/?post_type=product&#038;p=6660"},"modified":"2023-03-24T11:35:53","modified_gmt":"2023-03-24T14:35:53","slug":"adaptador-de-audio-belkin-3-5-cargador-rockstar-blanco","status":"publish","type":"product","link":"https:\/\/jobstore.cl\/index.php\/product\/adaptador-de-audio-belkin-3-5-cargador-rockstar-blanco\/","title":{"rendered":"Adaptador de Lightning a Audio Jack de 3.5 mm + Conector Lightning de Carga RockStar &#8211; Color Blanco"},"content":{"rendered":"<p><strong>Adaptador de Audio Belkin 3.5 + Cargador RockStar Blanco <\/strong><\/p>\n<p>El adaptador de audio de 3,5 mm + carga RockStar te permite usar tus auriculares mientras cargas tu iPhone. Simplemente conecta tus auriculares, altavoces o cable auxiliar (aux) de 3,5 mm para disfrutar de tu m\u00fasica o hablar con manos libres mientras cargas el m\u00f3vil. Usa el RockStar con toma de 3,5 mm en cualquier sitio: en casa, en el trabajo en el coche o en movilidad.<\/p>\n<span style='display:inline;'><input type='hidden' bg_collapse_expand='69e1e3cc785b50023180901' value='69e1e3cc785b50023180901'><input type='hidden' id='bg-show-more-text-69e1e3cc785b50023180901' value='Ver Mas'><input type='hidden' id='bg-show-less-text-69e1e3cc785b50023180901' value='Ver Menos'><a id='bg-showmore-action-69e1e3cc785b50023180901' class='bg-showmore-plg-link  '  style=\" color:#FF0000;\" href='#'>Ver Mas<\/a><span id='bg-showmore-hidden-69e1e3cc785b50023180901' ><\/p>\n<p><strong>Compatible con:<\/strong> cualquier dispositivo Apple con iOS 9 o posterior, incluyendo iPhone 12, iPhone 11, iPhone XS, iPhone XS Max, iPhone XR, iPhone X, iPhone 8 Plus, iPhone 8, iPhone 7 Plus o iPhone 7. Cables de Lightning a USB con certificaci\u00f3n MFi Auriculares de 3,5 mm, altavoces y otros dispositivos de audio que se conecten en tu toma jack de auriculares de 3,5 mm o cable auxiliar (AUX).<\/p>\n<p><strong>LA DIFERENCIA DE BELKIN<\/strong><\/p>\n<ul>\n<li>Carga tu iPhone y escucha m\u00fasica al mismo tiempo<\/li>\n<li>Su exclusivo dise\u00f1o proporciona una carga \u00f3ptima y un audio de una calidad excelente<\/li>\n<li>Admite la sincronizaci\u00f3n de datos con tu port\u00e1til<\/li>\n<li>Fabricado para el iPhone (con certificaci\u00f3n MFi) y dise\u00f1ado para cumplir con las especificaciones de Apple.<\/li>\n<\/ul>\n<p><strong>FUNCIONALIDAD DUAL<\/strong><\/p>\n<p>La funci\u00f3n pass-through carga y proporciona electricidad a tu dispositivo iOS a la m\u00e1xima velocidad posible. Esto garantiza que, ya est\u00e9s escuchando m\u00fasica, viendo v\u00eddeos, usando la navegaci\u00f3n con audio o hablando por tel\u00e9fono, mientras cargas no habr\u00e1 p\u00e9rdida alguna de velocidad o rendimiento. *Admite solo un cable de audio de 3,5 mm y un cable Lightning.<\/p>\n<p><strong>CALIDAD DE AUDIO M\u00c1XIMA<\/strong><\/p>\n<p>Saca m\u00e1s partido de la experiencia de audio con tu iPhone. El adaptador de audio de 3,5 mm + cargar RockStar est\u00e1 certificado para cumplir con las especificaciones de Apple y su dise\u00f1o proporciona un audio claro y n\u00edtido.<\/p>\n<p><strong>PERFECTO PARA SINCRONIZAR DATOS<\/strong> Usa el RockStar para conectar tu iPhone a un port\u00e1til y acceder a tu m\u00fasica mientras realizas la sincronizaci\u00f3n de datos. MADE FOR iPHONE.<\/p>\n<p>La indicaci\u00f3n Made for iPhone significa que se ha dise\u00f1ado un accesorio electr\u00f3nico para conectar de manera espec\u00edfica al iPhone y que ha sido certificado por el desarrollador por cumplir con las especificaciones de Apple.<\/p>\n<p><strong>CARACTER\u00cdSTICAS Y VENTAJAS PRINCIPALES<\/strong><\/p>\n<p>Convertidor de digital a anal\u00f3gico que garantizar uan calidad de audio sin degradaci\u00f3n alguna. Conector Lightning hembra que admite una carga por pass-through \u00f3ptima de hasta 2,4 A Puerto auxiliar de 3,5 mm para conectar auriculares, altavoces y otros dispositivos de audio. La certificaci\u00f3n MFi asegura la compatibilidad y seguridad. La construcci\u00f3n TPE es respetuosa con el medioambiente y le da a este resistente cable una textura suave adem\u00e1s de una gran flexibilidad.<\/p>\n<p><strong>Contenido de la caja:<\/strong> Adaptador de audio de 3,5 mm + carga RockStar. Gu\u00eda de instalaci\u00f3n r\u00e1pida. Impreso sobre el cumplimiento de las normativas.<\/p>\n<p><\/span><\/span>\n<p>&nbsp;<\/p>\n","protected":false},"excerpt":{"rendered":"<ul>\n<li>Carga tu iPhone y escucha m\u00fasica al mismo tiempo<\/li>\n<li>Su exclusivo dise\u00f1o proporciona una carga \u00f3ptima y un audio de una calidad excelente<\/li>\n<li>Admite la sincronizaci\u00f3n de datos con tu port\u00e1til<\/li>\n<li>Fabricado para el iPhone (con certificaci\u00f3n MFi) y dise\u00f1ado para cumplir con las especificaciones de Apple.<\/li>\n<\/ul>\n","protected":false},"featured_media":6662,"comment_status":"open","ping_status":"closed","template":"","meta":{"_joinchat":[]},"product_cat":[192,280,397],"product_tag":[422],"class_list":{"0":"post-6660","1":"product","2":"type-product","3":"status-publish","4":"has-post-thumbnail","6":"product_cat-accesorios","7":"product_cat-accesorios-iphone-accesorios-iphone","8":"product_cat-audio","9":"product_tag-f8j212btwht","11":"first","12":"outofstock","13":"shipping-taxable","14":"purchasable","15":"product-type-simple"},"_links":{"self":[{"href":"https:\/\/jobstore.cl\/index.php\/wp-json\/wp\/v2\/product\/6660","targetHints":{"allow":["GET"]}}],"collection":[{"href":"https:\/\/jobstore.cl\/index.php\/wp-json\/wp\/v2\/product"}],"about":[{"href":"https:\/\/jobstore.cl\/index.php\/wp-json\/wp\/v2\/types\/product"}],"replies":[{"embeddable":true,"href":"https:\/\/jobstore.cl\/index.php\/wp-json\/wp\/v2\/comments?post=6660"}],"version-history":[{"count":7,"href":"https:\/\/jobstore.cl\/index.php\/wp-json\/wp\/v2\/product\/6660\/revisions"}],"predecessor-version":[{"id":13683,"href":"https:\/\/jobstore.cl\/index.php\/wp-json\/wp\/v2\/product\/6660\/revisions\/13683"}],"wp:featuredmedia":[{"embeddable":true,"href":"https:\/\/jobstore.cl\/index.php\/wp-json\/wp\/v2\/media\/6662"}],"wp:attachment":[{"href":"https:\/\/jobstore.cl\/index.php\/wp-json\/wp\/v2\/media?parent=6660"}],"wp:term":[{"taxonomy":"product_cat","embeddable":true,"href":"https:\/\/jobstore.cl\/index.php\/wp-json\/wp\/v2\/product_cat?post=6660"},{"taxonomy":"product_tag","embeddable":true,"href":"https:\/\/jobstore.cl\/index.php\/wp-json\/wp\/v2\/product_tag?post=6660"}],"curies":[{"name":"wp","href":"https:\/\/api.w.org\/{rel}","templated":true}]}}