{"id":5772,"date":"2021-12-28T09:38:56","date_gmt":"2021-12-28T12:38:56","guid":{"rendered":"https:\/\/jobstore.cl\/?post_type=product&#038;p=5772"},"modified":"2023-03-16T18:00:20","modified_gmt":"2023-03-16T21:00:20","slug":"kit-de-limpieza-para-pantallas-de-tv-celulares-laptops-y-monitores","status":"publish","type":"product","link":"https:\/\/jobstore.cl\/index.php\/product\/kit-de-limpieza-para-pantallas-de-tv-celulares-laptops-y-monitores\/","title":{"rendered":"Kit de Limpieza para Pantallas de TV, Celulares, Laptops y Monitores"},"content":{"rendered":"<p>Limpia de forma segura y delicada las pantallas de TV, celulares, laptops y monitores.<\/p>\n<p>Contiene una f\u00f3rmula antiest\u00e1tica que elimina huellas, grasa y polvo acumulado. Incluye un pa\u00f1o de microfibra.<\/p>\n<p>Reduce la adherencia de part\u00edculas sobre las superficies, previniendo que agentes externos la deterioren. No incluye componentes agresivos o abrasivos que manchen o rayen la pantalla, siendo as\u00ed un producto seguro para sus dispositivos electr\u00f3nicos.<\/p>\n","protected":false},"excerpt":{"rendered":"<p>Limpia de forma segura y delicada las pantallas de TV, celulares, laptops y monitores. Contiene una f\u00f3rmula antiest\u00e1tica que elimina huellas, grasa y polvo acumulado. Incluye<span class=\"excerpt-hellip\"> [\u2026]<\/span><\/p>\n","protected":false},"featured_media":5773,"comment_status":"open","ping_status":"closed","template":"","meta":{"_joinchat":[]},"product_cat":[192],"product_tag":[],"class_list":{"0":"post-5772","1":"product","2":"type-product","3":"status-publish","4":"has-post-thumbnail","6":"product_cat-accesorios","8":"first","9":"outofstock","10":"shipping-taxable","11":"purchasable","12":"product-type-simple"},"_links":{"self":[{"href":"https:\/\/jobstore.cl\/index.php\/wp-json\/wp\/v2\/product\/5772","targetHints":{"allow":["GET"]}}],"collection":[{"href":"https:\/\/jobstore.cl\/index.php\/wp-json\/wp\/v2\/product"}],"about":[{"href":"https:\/\/jobstore.cl\/index.php\/wp-json\/wp\/v2\/types\/product"}],"replies":[{"embeddable":true,"href":"https:\/\/jobstore.cl\/index.php\/wp-json\/wp\/v2\/comments?post=5772"}],"version-history":[{"count":4,"href":"https:\/\/jobstore.cl\/index.php\/wp-json\/wp\/v2\/product\/5772\/revisions"}],"predecessor-version":[{"id":13359,"href":"https:\/\/jobstore.cl\/index.php\/wp-json\/wp\/v2\/product\/5772\/revisions\/13359"}],"wp:featuredmedia":[{"embeddable":true,"href":"https:\/\/jobstore.cl\/index.php\/wp-json\/wp\/v2\/media\/5773"}],"wp:attachment":[{"href":"https:\/\/jobstore.cl\/index.php\/wp-json\/wp\/v2\/media?parent=5772"}],"wp:term":[{"taxonomy":"product_cat","embeddable":true,"href":"https:\/\/jobstore.cl\/index.php\/wp-json\/wp\/v2\/product_cat?post=5772"},{"taxonomy":"product_tag","embeddable":true,"href":"https:\/\/jobstore.cl\/index.php\/wp-json\/wp\/v2\/product_tag?post=5772"}],"curies":[{"name":"wp","href":"https:\/\/api.w.org\/{rel}","templated":true}]}}