{"id":5628,"date":"2021-12-27T13:48:41","date_gmt":"2021-12-27T16:48:41","guid":{"rendered":"https:\/\/jobstore.cl\/?post_type=product&#038;p=5628"},"modified":"2023-03-16T18:02:52","modified_gmt":"2023-03-16T21:02:52","slug":"carcasa-para-iphone-6-plus-series-aluminio-cafe-dorado","status":"publish","type":"product","link":"https:\/\/jobstore.cl\/index.php\/product\/carcasa-para-iphone-6-plus-series-aluminio-cafe-dorado\/","title":{"rendered":"Carcasa para iPhone 6 Plus Series Aluminio &#8211; Color Caf\u00e9 Dorado"},"content":{"rendered":"<p>Estuche r\u00edgido posterior de protecci\u00f3n marca Hoco.\u00a0Black Series Aluminio para iPhone 6 Plus de color caf\u00e9 dorado.<\/p>\n","protected":false},"excerpt":{"rendered":"<p>Estuche r\u00edgido posterior de protecci\u00f3n marca Hoco.\u00a0Black Series Aluminio para iPhone 6 Plus de color caf\u00e9 dorado.<\/p>\n","protected":false},"featured_media":5630,"comment_status":"open","ping_status":"closed","template":"","meta":{"_joinchat":[]},"product_cat":[192,280,376],"product_tag":[],"class_list":{"0":"post-5628","1":"product","2":"type-product","3":"status-publish","4":"has-post-thumbnail","6":"product_cat-accesorios","7":"product_cat-accesorios-iphone-accesorios-iphone","8":"product_cat-carcasas","10":"first","11":"instock","12":"sale","13":"shipping-taxable","14":"purchasable","15":"product-type-simple"},"_links":{"self":[{"href":"https:\/\/jobstore.cl\/index.php\/wp-json\/wp\/v2\/product\/5628","targetHints":{"allow":["GET"]}}],"collection":[{"href":"https:\/\/jobstore.cl\/index.php\/wp-json\/wp\/v2\/product"}],"about":[{"href":"https:\/\/jobstore.cl\/index.php\/wp-json\/wp\/v2\/types\/product"}],"replies":[{"embeddable":true,"href":"https:\/\/jobstore.cl\/index.php\/wp-json\/wp\/v2\/comments?post=5628"}],"version-history":[{"count":2,"href":"https:\/\/jobstore.cl\/index.php\/wp-json\/wp\/v2\/product\/5628\/revisions"}],"predecessor-version":[{"id":13363,"href":"https:\/\/jobstore.cl\/index.php\/wp-json\/wp\/v2\/product\/5628\/revisions\/13363"}],"wp:featuredmedia":[{"embeddable":true,"href":"https:\/\/jobstore.cl\/index.php\/wp-json\/wp\/v2\/media\/5630"}],"wp:attachment":[{"href":"https:\/\/jobstore.cl\/index.php\/wp-json\/wp\/v2\/media?parent=5628"}],"wp:term":[{"taxonomy":"product_cat","embeddable":true,"href":"https:\/\/jobstore.cl\/index.php\/wp-json\/wp\/v2\/product_cat?post=5628"},{"taxonomy":"product_tag","embeddable":true,"href":"https:\/\/jobstore.cl\/index.php\/wp-json\/wp\/v2\/product_tag?post=5628"}],"curies":[{"name":"wp","href":"https:\/\/api.w.org\/{rel}","templated":true}]}}