{"id":5329,"date":"2021-12-15T14:01:50","date_gmt":"2021-12-15T17:01:50","guid":{"rendered":"https:\/\/jobstore.cl\/?post_type=product&#038;p=5329"},"modified":"2023-03-16T18:07:21","modified_gmt":"2023-03-16T21:07:21","slug":"carcasa-trasera-para-iphone-7-plus-ultra-fina-azul","status":"publish","type":"product","link":"https:\/\/jobstore.cl\/index.php\/product\/carcasa-trasera-para-iphone-7-plus-ultra-fina-azul\/","title":{"rendered":"Carcasa para iPhone 7 Plus Ultra Delgada &#8211; Color Azul"},"content":{"rendered":"<p>Funda protectora de serie ultra fina con patr\u00f3n de fibra de carbono para iPhone 7 Plus, carcasa resistente al desgaste con protecci\u00f3n para la c\u00e1mara del tel\u00e9fono m\u00f3vil.<\/p>\n","protected":false},"excerpt":{"rendered":"<ul>\n<li>Utilizando la materia prima de PP modificada mediante mezcla, segura y respetuosa con el medio ambiente, no oxidada ni amarillenta, resistente al desgaste, al calor y al fr\u00edo, no deformable ni conductora.<\/li>\n<li>Superficie con tratamiento de fibra de carbono, combinada con tecnolog\u00eda de formaci\u00f3n integral ultradelgada, que ofrece la sensaci\u00f3n real de un tel\u00e9fono desnudo.<\/li>\n<li>El orificio de la c\u00e1mara es m\u00e1s alto para proteger la c\u00e1mara de la abrasi\u00f3n.<\/li>\n<\/ul>\n","protected":false},"featured_media":5330,"comment_status":"open","ping_status":"closed","template":"","meta":{"_joinchat":[]},"product_cat":[192,280,376,380],"product_tag":[],"class_list":{"0":"post-5329","1":"product","2":"type-product","3":"status-publish","4":"has-post-thumbnail","6":"product_cat-accesorios","7":"product_cat-accesorios-iphone-accesorios-iphone","8":"product_cat-carcasas","9":"product_cat-iphone-7-plus","11":"first","12":"instock","13":"sale","14":"shipping-taxable","15":"purchasable","16":"product-type-simple"},"_links":{"self":[{"href":"https:\/\/jobstore.cl\/index.php\/wp-json\/wp\/v2\/product\/5329","targetHints":{"allow":["GET"]}}],"collection":[{"href":"https:\/\/jobstore.cl\/index.php\/wp-json\/wp\/v2\/product"}],"about":[{"href":"https:\/\/jobstore.cl\/index.php\/wp-json\/wp\/v2\/types\/product"}],"replies":[{"embeddable":true,"href":"https:\/\/jobstore.cl\/index.php\/wp-json\/wp\/v2\/comments?post=5329"}],"version-history":[{"count":5,"href":"https:\/\/jobstore.cl\/index.php\/wp-json\/wp\/v2\/product\/5329\/revisions"}],"predecessor-version":[{"id":13371,"href":"https:\/\/jobstore.cl\/index.php\/wp-json\/wp\/v2\/product\/5329\/revisions\/13371"}],"wp:featuredmedia":[{"embeddable":true,"href":"https:\/\/jobstore.cl\/index.php\/wp-json\/wp\/v2\/media\/5330"}],"wp:attachment":[{"href":"https:\/\/jobstore.cl\/index.php\/wp-json\/wp\/v2\/media?parent=5329"}],"wp:term":[{"taxonomy":"product_cat","embeddable":true,"href":"https:\/\/jobstore.cl\/index.php\/wp-json\/wp\/v2\/product_cat?post=5329"},{"taxonomy":"product_tag","embeddable":true,"href":"https:\/\/jobstore.cl\/index.php\/wp-json\/wp\/v2\/product_tag?post=5329"}],"curies":[{"name":"wp","href":"https:\/\/api.w.org\/{rel}","templated":true}]}}