{"id":5274,"date":"2021-12-13T16:33:54","date_gmt":"2021-12-13T19:33:54","guid":{"rendered":"https:\/\/jobstore.cl\/?post_type=product&#038;p=5274"},"modified":"2023-03-16T18:12:51","modified_gmt":"2023-03-16T21:12:51","slug":"carcasa-para-iphone-7-serie-glint-classic-tpu-negro","status":"publish","type":"product","link":"https:\/\/jobstore.cl\/index.php\/product\/carcasa-para-iphone-7-serie-glint-classic-tpu-negro\/","title":{"rendered":"Carcasa para iPhone 7 Serie Glint Classic TPU &#8211; Color Negro"},"content":{"rendered":"<p>La nueva carcasa Serie Glint Classic TPU de la marca Hoco, ofrece una interesante y original carcasa trasera compatible con iPhone 7. Esta funda es fabricada en TPU (poliuretano termopl\u00e1stico), un material suave, flexible y duradero que brinda protecci\u00f3n al tel\u00e9fono con una superficie similar al cuero. La funda de TPU Hoco Glint Classic para iPhone 7 es ligera, fina, el\u00e1stica y resistente al desgaste y a los ara\u00f1azos. Con un grosor de solo 0,6 mm, Hoco Glint Classic TPU promete proteger y resaltar la belleza de su iPhone.<\/p>\n","protected":false},"excerpt":{"rendered":"<p>La nueva carcasa Serie Glint Classic TPU de la marca Hoco, ofrece una interesante y original carcasa trasera compatible con iPhone 7. Esta funda es fabricada<span class=\"excerpt-hellip\"> [\u2026]<\/span><\/p>\n","protected":false},"featured_media":5275,"comment_status":"open","ping_status":"closed","template":"","meta":{"_joinchat":[]},"product_cat":[192,280,379],"product_tag":[],"class_list":{"0":"post-5274","1":"product","2":"type-product","3":"status-publish","4":"has-post-thumbnail","6":"product_cat-accesorios","7":"product_cat-accesorios-iphone-accesorios-iphone","8":"product_cat-iphone-7","10":"first","11":"instock","12":"sale","13":"shipping-taxable","14":"purchasable","15":"product-type-simple"},"_links":{"self":[{"href":"https:\/\/jobstore.cl\/index.php\/wp-json\/wp\/v2\/product\/5274","targetHints":{"allow":["GET"]}}],"collection":[{"href":"https:\/\/jobstore.cl\/index.php\/wp-json\/wp\/v2\/product"}],"about":[{"href":"https:\/\/jobstore.cl\/index.php\/wp-json\/wp\/v2\/types\/product"}],"replies":[{"embeddable":true,"href":"https:\/\/jobstore.cl\/index.php\/wp-json\/wp\/v2\/comments?post=5274"}],"version-history":[{"count":3,"href":"https:\/\/jobstore.cl\/index.php\/wp-json\/wp\/v2\/product\/5274\/revisions"}],"predecessor-version":[{"id":13377,"href":"https:\/\/jobstore.cl\/index.php\/wp-json\/wp\/v2\/product\/5274\/revisions\/13377"}],"wp:featuredmedia":[{"embeddable":true,"href":"https:\/\/jobstore.cl\/index.php\/wp-json\/wp\/v2\/media\/5275"}],"wp:attachment":[{"href":"https:\/\/jobstore.cl\/index.php\/wp-json\/wp\/v2\/media?parent=5274"}],"wp:term":[{"taxonomy":"product_cat","embeddable":true,"href":"https:\/\/jobstore.cl\/index.php\/wp-json\/wp\/v2\/product_cat?post=5274"},{"taxonomy":"product_tag","embeddable":true,"href":"https:\/\/jobstore.cl\/index.php\/wp-json\/wp\/v2\/product_tag?post=5274"}],"curies":[{"name":"wp","href":"https:\/\/api.w.org\/{rel}","templated":true}]}}