{"id":5267,"date":"2021-12-13T15:57:03","date_gmt":"2021-12-13T18:57:03","guid":{"rendered":"https:\/\/jobstore.cl\/?post_type=product&#038;p=5267"},"modified":"2023-03-17T17:13:24","modified_gmt":"2023-03-17T20:13:24","slug":"carcasa-para-iphone-7-a-prueba-de-choques-negro","status":"publish","type":"product","link":"https:\/\/jobstore.cl\/index.php\/product\/carcasa-para-iphone-7-a-prueba-de-choques-negro\/","title":{"rendered":"Carcasa para iPhone 7 a Prueba de Golpes &#8211; Color Negro"},"content":{"rendered":"<p>Carcasa de protecci\u00f3n anti-golpes y ara\u00f1azos para iPhone 7, con material de aluminio, permitiendo a la cubierta trasera actuar como un blindaje h\u00edbrido de alta resistencia.<\/p>\n","protected":false},"excerpt":{"rendered":"<p>Carcasa de protecci\u00f3n anti-golpes y ara\u00f1azos para iPhone 7, con material de aluminio, permitiendo a la cubierta trasera actuar como un blindaje h\u00edbrido de alta resistencia.<\/p>\n","protected":false},"featured_media":5268,"comment_status":"open","ping_status":"closed","template":"","meta":{"_joinchat":[]},"product_cat":[192,280,379],"product_tag":[],"class_list":{"0":"post-5267","1":"product","2":"type-product","3":"status-publish","4":"has-post-thumbnail","6":"product_cat-accesorios","7":"product_cat-accesorios-iphone-accesorios-iphone","8":"product_cat-iphone-7","10":"first","11":"outofstock","12":"sale","13":"shipping-taxable","14":"purchasable","15":"product-type-simple"},"_links":{"self":[{"href":"https:\/\/jobstore.cl\/index.php\/wp-json\/wp\/v2\/product\/5267","targetHints":{"allow":["GET"]}}],"collection":[{"href":"https:\/\/jobstore.cl\/index.php\/wp-json\/wp\/v2\/product"}],"about":[{"href":"https:\/\/jobstore.cl\/index.php\/wp-json\/wp\/v2\/types\/product"}],"replies":[{"embeddable":true,"href":"https:\/\/jobstore.cl\/index.php\/wp-json\/wp\/v2\/comments?post=5267"}],"version-history":[{"count":3,"href":"https:\/\/jobstore.cl\/index.php\/wp-json\/wp\/v2\/product\/5267\/revisions"}],"predecessor-version":[{"id":13521,"href":"https:\/\/jobstore.cl\/index.php\/wp-json\/wp\/v2\/product\/5267\/revisions\/13521"}],"wp:featuredmedia":[{"embeddable":true,"href":"https:\/\/jobstore.cl\/index.php\/wp-json\/wp\/v2\/media\/5268"}],"wp:attachment":[{"href":"https:\/\/jobstore.cl\/index.php\/wp-json\/wp\/v2\/media?parent=5267"}],"wp:term":[{"taxonomy":"product_cat","embeddable":true,"href":"https:\/\/jobstore.cl\/index.php\/wp-json\/wp\/v2\/product_cat?post=5267"},{"taxonomy":"product_tag","embeddable":true,"href":"https:\/\/jobstore.cl\/index.php\/wp-json\/wp\/v2\/product_tag?post=5267"}],"curies":[{"name":"wp","href":"https:\/\/api.w.org\/{rel}","templated":true}]}}