{"id":5261,"date":"2021-12-13T14:00:58","date_gmt":"2021-12-13T17:00:58","guid":{"rendered":"https:\/\/jobstore.cl\/?post_type=product&#038;p=5261"},"modified":"2023-03-16T18:13:39","modified_gmt":"2023-03-16T21:13:39","slug":"carcasa-para-iphone-7-serie-dream-color-tpu-plata","status":"publish","type":"product","link":"https:\/\/jobstore.cl\/index.php\/product\/carcasa-para-iphone-7-serie-dream-color-tpu-plata\/","title":{"rendered":"Carcasa para iPhone 7 Serie Dream Color TPU &#8211; Color Plata"},"content":{"rendered":"<p>El material de TPU premium de esta carcasa Serie Dream Color para iPhone 7 de marca Hoco, posee una gran flexibilidad, lo que permite un giro libre sin deformarse. La mano de obra recubierta de goma proporciona una delicada sensaci\u00f3n t\u00e1ctil. S\u00faper delgado y liviano, no agrega volumen y se adapta perfectamente a tu tel\u00e9fono, protegi\u00e9ndolo sin sacrificar la funcionalidad.<\/p>\n","protected":false},"excerpt":{"rendered":"<ul>\n<li>Material de TPU de alta calidad, protecci\u00f3n duradera.<\/li>\n<li>Superficie de goma, buena al tacto.<\/li>\n<li>Dise\u00f1o delgado y ligero de 0,8 mm.<\/li>\n<li>Evite ara\u00f1azos y roturas en su dispositivo durante el uso diario<\/li>\n<li>Las cubiertas de botones sensibles permiten presiones sensibles.<\/li>\n<\/ul>\n","protected":false},"featured_media":5264,"comment_status":"open","ping_status":"closed","template":"","meta":{"_joinchat":[]},"product_cat":[192,280,379],"product_tag":[],"class_list":{"0":"post-5261","1":"product","2":"type-product","3":"status-publish","4":"has-post-thumbnail","6":"product_cat-accesorios","7":"product_cat-accesorios-iphone-accesorios-iphone","8":"product_cat-iphone-7","10":"first","11":"instock","12":"sale","13":"shipping-taxable","14":"purchasable","15":"product-type-simple"},"_links":{"self":[{"href":"https:\/\/jobstore.cl\/index.php\/wp-json\/wp\/v2\/product\/5261","targetHints":{"allow":["GET"]}}],"collection":[{"href":"https:\/\/jobstore.cl\/index.php\/wp-json\/wp\/v2\/product"}],"about":[{"href":"https:\/\/jobstore.cl\/index.php\/wp-json\/wp\/v2\/types\/product"}],"replies":[{"embeddable":true,"href":"https:\/\/jobstore.cl\/index.php\/wp-json\/wp\/v2\/comments?post=5261"}],"version-history":[{"count":3,"href":"https:\/\/jobstore.cl\/index.php\/wp-json\/wp\/v2\/product\/5261\/revisions"}],"predecessor-version":[{"id":13379,"href":"https:\/\/jobstore.cl\/index.php\/wp-json\/wp\/v2\/product\/5261\/revisions\/13379"}],"wp:featuredmedia":[{"embeddable":true,"href":"https:\/\/jobstore.cl\/index.php\/wp-json\/wp\/v2\/media\/5264"}],"wp:attachment":[{"href":"https:\/\/jobstore.cl\/index.php\/wp-json\/wp\/v2\/media?parent=5261"}],"wp:term":[{"taxonomy":"product_cat","embeddable":true,"href":"https:\/\/jobstore.cl\/index.php\/wp-json\/wp\/v2\/product_cat?post=5261"},{"taxonomy":"product_tag","embeddable":true,"href":"https:\/\/jobstore.cl\/index.php\/wp-json\/wp\/v2\/product_tag?post=5261"}],"curies":[{"name":"wp","href":"https:\/\/api.w.org\/{rel}","templated":true}]}}