{"id":5246,"date":"2021-12-13T12:42:13","date_gmt":"2021-12-13T15:42:13","guid":{"rendered":"https:\/\/jobstore.cl\/?post_type=product&#038;p=5246"},"modified":"2023-03-16T18:14:42","modified_gmt":"2023-03-16T21:14:42","slug":"carcasa-transparente-para-iphone7-serie-holder-finger","status":"publish","type":"product","link":"https:\/\/jobstore.cl\/index.php\/product\/carcasa-transparente-para-iphone7-serie-holder-finger\/","title":{"rendered":"Carcasa para iPhone 7 Serie Holder Finger &#8211; Transparente"},"content":{"rendered":"<p>Carcasa transparente de la serie Holder FingerLight anti-golpes de hoco. para proteger tu iPhone 7.<\/p>\n","protected":false},"excerpt":{"rendered":"<ul>\n<li>Cubierta TPU protectora y delgada de 0.8mm para iphone 7.<\/li>\n<li>Est\u00e1 hecho de TPU importado de alta pureza con 0.8mm de espesor.<\/li>\n<li>Utiliza dise\u00f1o de colch\u00f3n de aire en cada esquina contra impacto, choque y resistente a los golpes.<\/li>\n<li>Utiliza antideslizante titular anillo ocultos en su parte posterior, funci\u00f3n de prevenci\u00f3n de ca\u00edda y la prestaci\u00f3n de apoyo.<\/li>\n<li>Su agujero de la c\u00e1mara es m\u00e1s alto para proteger la c\u00e1mara contra la abrasi\u00f3n.<\/li>\n<\/ul>\n","protected":false},"featured_media":5249,"comment_status":"open","ping_status":"closed","template":"","meta":{"_joinchat":[]},"product_cat":[192,280,379],"product_tag":[],"class_list":{"0":"post-5246","1":"product","2":"type-product","3":"status-publish","4":"has-post-thumbnail","6":"product_cat-accesorios","7":"product_cat-accesorios-iphone-accesorios-iphone","8":"product_cat-iphone-7","10":"first","11":"instock","12":"sale","13":"shipping-taxable","14":"purchasable","15":"product-type-simple"},"_links":{"self":[{"href":"https:\/\/jobstore.cl\/index.php\/wp-json\/wp\/v2\/product\/5246","targetHints":{"allow":["GET"]}}],"collection":[{"href":"https:\/\/jobstore.cl\/index.php\/wp-json\/wp\/v2\/product"}],"about":[{"href":"https:\/\/jobstore.cl\/index.php\/wp-json\/wp\/v2\/types\/product"}],"replies":[{"embeddable":true,"href":"https:\/\/jobstore.cl\/index.php\/wp-json\/wp\/v2\/comments?post=5246"}],"version-history":[{"count":4,"href":"https:\/\/jobstore.cl\/index.php\/wp-json\/wp\/v2\/product\/5246\/revisions"}],"predecessor-version":[{"id":13381,"href":"https:\/\/jobstore.cl\/index.php\/wp-json\/wp\/v2\/product\/5246\/revisions\/13381"}],"wp:featuredmedia":[{"embeddable":true,"href":"https:\/\/jobstore.cl\/index.php\/wp-json\/wp\/v2\/media\/5249"}],"wp:attachment":[{"href":"https:\/\/jobstore.cl\/index.php\/wp-json\/wp\/v2\/media?parent=5246"}],"wp:term":[{"taxonomy":"product_cat","embeddable":true,"href":"https:\/\/jobstore.cl\/index.php\/wp-json\/wp\/v2\/product_cat?post=5246"},{"taxonomy":"product_tag","embeddable":true,"href":"https:\/\/jobstore.cl\/index.php\/wp-json\/wp\/v2\/product_tag?post=5246"}],"curies":[{"name":"wp","href":"https:\/\/api.w.org\/{rel}","templated":true}]}}