{"id":5238,"date":"2021-12-13T11:45:47","date_gmt":"2021-12-13T14:45:47","guid":{"rendered":"https:\/\/jobstore.cl\/?post_type=product&#038;p=5238"},"modified":"2022-05-20T17:58:32","modified_gmt":"2022-05-20T20:58:32","slug":"carcasa-para-iphone-x-serie-light-shadows-transparente","status":"publish","type":"product","link":"https:\/\/jobstore.cl\/index.php\/product\/carcasa-para-iphone-x-serie-light-shadows-transparente\/","title":{"rendered":"Carcasa para iPhone X Serie Light Shadows -Transparente"},"content":{"rendered":"<p>Carcasa transparente de la serie Light Shadows anti-golpes de hoco. para proteger tu iPhone X.<\/p>\n","protected":false},"excerpt":{"rendered":"<ul>\n<li>Cubierta trasera de TPU suave de alta calidad.<span class=\"Apple-converted-space\">\u00a0<\/span><\/li>\n<li>Funda trasera transparente cristalina.<\/li>\n<li>Fabricado en poliuretanos termopl\u00e1sticos y materiales pl\u00e1sticos transparentes.<\/li>\n<li>Proporciona un agarre c\u00f3modo, protecci\u00f3n adicional contra ca\u00eddas accidentales.<\/li>\n<li>Mantiene su iPhone seguro y protegido contra rasgu\u00f1os.<\/li>\n<li>Corte preciso para un acceso completo a todos los puertos y llaves, c\u00f3modo de usar.<\/li>\n<\/ul>\n","protected":false},"featured_media":5243,"comment_status":"open","ping_status":"closed","template":"","meta":{"_joinchat":[]},"product_cat":[192,280,384],"product_tag":[],"class_list":{"0":"post-5238","1":"product","2":"type-product","3":"status-publish","4":"has-post-thumbnail","6":"product_brand-hoco","7":"product_cat-accesorios","8":"product_cat-accesorios-iphone-accesorios-iphone","9":"product_cat-iphone-x","11":"first","12":"instock","13":"sale","14":"shipping-taxable","15":"purchasable","16":"product-type-simple"},"_links":{"self":[{"href":"https:\/\/jobstore.cl\/index.php\/wp-json\/wp\/v2\/product\/5238","targetHints":{"allow":["GET"]}}],"collection":[{"href":"https:\/\/jobstore.cl\/index.php\/wp-json\/wp\/v2\/product"}],"about":[{"href":"https:\/\/jobstore.cl\/index.php\/wp-json\/wp\/v2\/types\/product"}],"replies":[{"embeddable":true,"href":"https:\/\/jobstore.cl\/index.php\/wp-json\/wp\/v2\/comments?post=5238"}],"version-history":[{"count":2,"href":"https:\/\/jobstore.cl\/index.php\/wp-json\/wp\/v2\/product\/5238\/revisions"}],"predecessor-version":[{"id":5241,"href":"https:\/\/jobstore.cl\/index.php\/wp-json\/wp\/v2\/product\/5238\/revisions\/5241"}],"wp:featuredmedia":[{"embeddable":true,"href":"https:\/\/jobstore.cl\/index.php\/wp-json\/wp\/v2\/media\/5243"}],"wp:attachment":[{"href":"https:\/\/jobstore.cl\/index.php\/wp-json\/wp\/v2\/media?parent=5238"}],"wp:term":[{"taxonomy":"product_cat","embeddable":true,"href":"https:\/\/jobstore.cl\/index.php\/wp-json\/wp\/v2\/product_cat?post=5238"},{"taxonomy":"product_tag","embeddable":true,"href":"https:\/\/jobstore.cl\/index.php\/wp-json\/wp\/v2\/product_tag?post=5238"}],"curies":[{"name":"wp","href":"https:\/\/api.w.org\/{rel}","templated":true}]}}