{"id":5185,"date":"2021-12-10T11:53:10","date_gmt":"2021-12-10T14:53:10","guid":{"rendered":"https:\/\/jobstore.cl\/?post_type=product&#038;p=5185"},"modified":"2024-01-04T14:59:13","modified_gmt":"2024-01-04T17:59:13","slug":"cable-de-carga-magnetica-a-usb-para-apple-watch-de-2-m","status":"publish","type":"product","link":"https:\/\/jobstore.cl\/index.php\/product\/cable-de-carga-magnetica-a-usb-para-apple-watch-de-2-m\/","title":{"rendered":"Cable Apple de Carga Magn\u00e9tica a USB-A para Apple Watch de 2 Mt"},"content":{"rendered":"<p>Quer\u00edamos que recargar tu Apple\u00a0Watch fuera sencillo. La soluci\u00f3n fue combinar nuestra tecnolog\u00eda MagSafe con la carga inductiva. Es un sistema completamente sellado en el que ning\u00fan contacto queda expuesto. Adem\u00e1s, es muy pr\u00e1ctico ya que no necesita una alineaci\u00f3n precisa. S\u00f3lo tienes que sostener el conector cerca de la parte posterior del reloj y los imanes se encargar\u00e1n de adherirlo.<\/p>\n","protected":false},"excerpt":{"rendered":"<ul class=\"spec-list summary\">\n<li>Largo 2 m<\/li>\n<\/ul>\n<span style='display:inline;'><input type='hidden' bg_collapse_expand='69e2af236b0822094433740' value='69e2af236b0822094433740'><input type='hidden' id='bg-show-more-text-69e2af236b0822094433740' value='Ver Mas'><input type='hidden' id='bg-show-less-text-69e2af236b0822094433740' value='Ver Menos'><a id='bg-showmore-action-69e2af236b0822094433740' class='bg-showmore-plg-link  '  style=\" color:#FF0000;\" href='#'>Ver Mas<\/a><span id='bg-showmore-hidden-69e2af236b0822094433740' ><\/p>\n<p>&nbsp;<\/p>\n<table>\n<tbody>\n<tr>\n<td><strong>Compatibilidad<\/strong><\/td>\n<td>Apple Watch Series 6<\/p>\n<p>Apple Watch SE<\/p>\n<p>Apple Watch Series\u00a05<\/p>\n<p>Apple Watch Series 4<\/p>\n<p>Apple Watch Series 3<\/p>\n<p>Apple Watch Series 2<\/p>\n<p>Apple Watch Series 1<\/p>\n<p>Apple Watch (1\u00aa generaci\u00f3n)<\/td>\n<\/tr>\n<\/tbody>\n<\/table>\n<p><\/span><\/span>\n<p>&nbsp;<\/p>\n","protected":false},"featured_media":5187,"comment_status":"open","ping_status":"closed","template":"","meta":{"_joinchat":[]},"product_cat":[192,593,277,69],"product_tag":[236],"class_list":{"0":"post-5185","1":"product","2":"type-product","3":"status-publish","4":"has-post-thumbnail","6":"product_brand-apple","7":"product_cat-accesorios","8":"product_cat-accesorios-apple","9":"product_cat-accesorios-watch","10":"product_cat-mac","11":"product_tag-mx2f2am-a","13":"first","14":"outofstock","15":"shipping-taxable","16":"purchasable","17":"product-type-simple"},"_links":{"self":[{"href":"https:\/\/jobstore.cl\/index.php\/wp-json\/wp\/v2\/product\/5185","targetHints":{"allow":["GET"]}}],"collection":[{"href":"https:\/\/jobstore.cl\/index.php\/wp-json\/wp\/v2\/product"}],"about":[{"href":"https:\/\/jobstore.cl\/index.php\/wp-json\/wp\/v2\/types\/product"}],"replies":[{"embeddable":true,"href":"https:\/\/jobstore.cl\/index.php\/wp-json\/wp\/v2\/comments?post=5185"}],"version-history":[{"count":4,"href":"https:\/\/jobstore.cl\/index.php\/wp-json\/wp\/v2\/product\/5185\/revisions"}],"predecessor-version":[{"id":13383,"href":"https:\/\/jobstore.cl\/index.php\/wp-json\/wp\/v2\/product\/5185\/revisions\/13383"}],"wp:featuredmedia":[{"embeddable":true,"href":"https:\/\/jobstore.cl\/index.php\/wp-json\/wp\/v2\/media\/5187"}],"wp:attachment":[{"href":"https:\/\/jobstore.cl\/index.php\/wp-json\/wp\/v2\/media?parent=5185"}],"wp:term":[{"taxonomy":"product_cat","embeddable":true,"href":"https:\/\/jobstore.cl\/index.php\/wp-json\/wp\/v2\/product_cat?post=5185"},{"taxonomy":"product_tag","embeddable":true,"href":"https:\/\/jobstore.cl\/index.php\/wp-json\/wp\/v2\/product_tag?post=5185"}],"curies":[{"name":"wp","href":"https:\/\/api.w.org\/{rel}","templated":true}]}}