{"id":5055,"date":"2021-12-07T11:17:12","date_gmt":"2021-12-07T14:17:12","guid":{"rendered":"https:\/\/jobstore.cl\/?post_type=product&#038;p=5055"},"modified":"2023-03-16T18:17:07","modified_gmt":"2023-03-16T21:17:07","slug":"carcasa-de-proteccion-para-iphone-6s-plus-6-plus","status":"publish","type":"product","link":"https:\/\/jobstore.cl\/index.php\/product\/carcasa-de-proteccion-para-iphone-6s-plus-6-plus\/","title":{"rendered":"Carcasa para iPhone 6 Plus \/ 6s Plus"},"content":{"rendered":"<p><strong>Principales caracter\u00edsticas:<\/strong><\/p>\n<ul>\n<li>La funci\u00f3n \u00fanica de colch\u00f3n de aire tetragonal es prevenir eficazmente las ca\u00eddas repentinas.<\/li>\n<li>Las part\u00edculas elevadas a prueba de sacudidas en la parte posterior pueden absorber eficazmente el impacto de la ca\u00edda.<\/li>\n<li>Dise\u00f1o curvo cl\u00e1sico, protecci\u00f3n m\u00e1s cuidadosa y tacto m\u00e1s c\u00f3modo.<\/li>\n<li>El protector de pantalla que utiliza PET de alta definici\u00f3n con materiales de TPU proporcionan a tu tel\u00e9fono protecci\u00f3n antideslizante y de alta definici\u00f3n.<\/li>\n<li>Se puede acceder a todos los botones y puertos.<\/li>\n<li>Producto premium para una mejor protecci\u00f3n del dispositivo.<\/li>\n<\/ul>\n<span style='display:inline;'><input type='hidden' bg_collapse_expand='69f2ebacbfa2e3096046893' value='69f2ebacbfa2e3096046893'><input type='hidden' id='bg-show-more-text-69f2ebacbfa2e3096046893' value='Ver Mas'><input type='hidden' id='bg-show-less-text-69f2ebacbfa2e3096046893' value='Ver Menos'><a id='bg-showmore-action-69f2ebacbfa2e3096046893' class='bg-showmore-plg-link  '  style=\" color:#FF0000;\" href='#'>Ver Mas<\/a><span id='bg-showmore-hidden-69f2ebacbfa2e3096046893' ><\/p>\n<p><strong>Funci\u00f3n:<span class=\"Apple-converted-space\">\u00a0<\/span><\/strong><\/p>\n<ul>\n<li>Antidetonante y resistente a la suciedad.<\/li>\n<\/ul>\n<p><strong>Contenidos del paquete:<span class=\"Apple-converted-space\">\u00a0<\/span><\/strong><\/p>\n<ul>\n<li>1 Funda para tel\u00e9fono HOCO Armor anti-explosi\u00f3n con protector de pantalla de alta definici\u00f3n para iPhone 6 Plus \/ 6S Plus, m\u00e1s una herramienta auxiliar de instalaci\u00f3n.<\/li>\n<\/ul>\n<p><\/span><\/span>\n<p>\u00a0<\/p>\n","protected":false},"excerpt":{"rendered":"<p>Principales caracter\u00edsticas: La funci\u00f3n \u00fanica de colch\u00f3n de aire tetragonal es prevenir eficazmente las ca\u00eddas repentinas. Las part\u00edculas elevadas a prueba de sacudidas en la parte<span class=\"excerpt-hellip\"> [\u2026]<\/span><\/p>\n","protected":false},"featured_media":5057,"comment_status":"open","ping_status":"closed","template":"","meta":{"_joinchat":[]},"product_cat":[192,279],"product_tag":[],"class_list":{"0":"post-5055","1":"product","2":"type-product","3":"status-publish","4":"has-post-thumbnail","6":"product_cat-accesorios","7":"product_cat-accesorios-iphone","9":"first","10":"instock","11":"sale","12":"shipping-taxable","13":"purchasable","14":"product-type-simple"},"_links":{"self":[{"href":"https:\/\/jobstore.cl\/index.php\/wp-json\/wp\/v2\/product\/5055","targetHints":{"allow":["GET"]}}],"collection":[{"href":"https:\/\/jobstore.cl\/index.php\/wp-json\/wp\/v2\/product"}],"about":[{"href":"https:\/\/jobstore.cl\/index.php\/wp-json\/wp\/v2\/types\/product"}],"replies":[{"embeddable":true,"href":"https:\/\/jobstore.cl\/index.php\/wp-json\/wp\/v2\/comments?post=5055"}],"version-history":[{"count":4,"href":"https:\/\/jobstore.cl\/index.php\/wp-json\/wp\/v2\/product\/5055\/revisions"}],"predecessor-version":[{"id":13385,"href":"https:\/\/jobstore.cl\/index.php\/wp-json\/wp\/v2\/product\/5055\/revisions\/13385"}],"wp:featuredmedia":[{"embeddable":true,"href":"https:\/\/jobstore.cl\/index.php\/wp-json\/wp\/v2\/media\/5057"}],"wp:attachment":[{"href":"https:\/\/jobstore.cl\/index.php\/wp-json\/wp\/v2\/media?parent=5055"}],"wp:term":[{"taxonomy":"product_cat","embeddable":true,"href":"https:\/\/jobstore.cl\/index.php\/wp-json\/wp\/v2\/product_cat?post=5055"},{"taxonomy":"product_tag","embeddable":true,"href":"https:\/\/jobstore.cl\/index.php\/wp-json\/wp\/v2\/product_tag?post=5055"}],"curies":[{"name":"wp","href":"https:\/\/api.w.org\/{rel}","templated":true}]}}