{"id":5029,"date":"2021-12-06T14:00:37","date_gmt":"2021-12-06T17:00:37","guid":{"rendered":"https:\/\/jobstore.cl\/?post_type=product&#038;p=5029"},"modified":"2026-04-13T14:19:14","modified_gmt":"2026-04-13T17:19:14","slug":"apple-airtag-1-unidad","status":"publish","type":"product","link":"https:\/\/jobstore.cl\/index.php\/product\/apple-airtag-1-unidad\/","title":{"rendered":"Apple AirTag &#8211; 1 Unidad"},"content":{"rendered":"<h4>AirTag. Pierde la costumbre de perder las cosas.<\/h4>\n<p>Gracias al AirTag, podr\u00e1s localizar tus llaves, billetera, equipaje, mochila y mucho m\u00e1s con la app Encontrar. Activa un sonido a trav\u00e9s del parlante integrado o simplemente di: \u00abOye Siri, encuentra mi bolso del gimnasio\u00bb. Adem\u00e1s, en algunos modelos de iPhone, la funcionalidad Rastreo Preciso te ayuda a encontrar un AirTag que est\u00e9 cerca tuyo.<sup>1<\/sup> Y si est\u00e1 m\u00e1s lejos, cientos de millones de dispositivos Apple en la red de la app Encontrar te podr\u00e1n ayudar a localizarlo. Todo el proceso es an\u00f3nimo y est\u00e1 encriptado para tu proteger tu privacidad.<\/p>\n<span style='display:inline;'><input type='hidden' bg_collapse_expand='69e185c05fded9072057838' value='69e185c05fded9072057838'><input type='hidden' id='bg-show-more-text-69e185c05fded9072057838' value='Ver Mas'><input type='hidden' id='bg-show-less-text-69e185c05fded9072057838' value='Ver Menos'><a id='bg-showmore-action-69e185c05fded9072057838' class='bg-showmore-plg-link  '  style=\" color:#FF0000;\" href='#'>Ver Mas<\/a><span id='bg-showmore-hidden-69e185c05fded9072057838' ><\/p>\n<ul>\n<li>Rastrea tus cosas y encuentra tus dispositivos y a tus amistades con la app Encontrar<\/li>\n<li>Gracias a la configuraci\u00f3n con un toque, podr\u00e1s conectar el AirTag a tu iPhone o iPad al instante<\/li>\n<li>Activa un sonido a trav\u00e9s de su parlante integrado para encontrar tus cosas, o simplemente p\u00eddele ayuda a Siri<\/li>\n<li>Gracias a la tecnolog\u00eda de banda ultraancha, la funcionalidad Rastreo Preciso te gu\u00eda hasta un AirTag cercano (en determinados modelos de iPhone)<sup>1 2<\/sup><\/li>\n<li>Encuentra los objetos que hayas perdido lejos de tu casa con la ayuda de cientos de millones de dispositivos Apple en la red de la app Encontrar<\/li>\n<li>Pon tu AirTag en Modo Perdido para recibir una notificaci\u00f3n autom\u00e1tica cuando la red de la app Encontrar lo detecte<\/li>\n<li>Todas las comunicaciones a trav\u00e9s de la red de la app Encontrar son an\u00f3nimas y est\u00e1n encriptadas para proteger tu privacidad<\/li>\n<li>La informaci\u00f3n y el historial de tu ubicaci\u00f3n nunca se guardan en el AirTag<\/li>\n<li>Bater\u00eda reemplazable que dura m\u00e1s de un a\u00f1o<sup>3<\/sup><\/li>\n<li>El AirTag es resistente al agua y al polvo, y tiene una clasificaci\u00f3n IP67<sup>4<\/sup><\/li>\n<li>Combina tu AirTag con una gama de coloridos accesorios para hacerlo m\u00e1s tuyo<\/li>\n<\/ul>\n<p>&nbsp;<\/p>\n<ol>\n<li>. Rastreo Preciso es compatible con el iPhone 11, iPhone 11 Pro, iPhone 11 Pro Max, iPhone 12, iPhone 12 mini, iPhone 12 Pro y iPhone 12 Pro Max.<\/li>\n<li>. Las funciones de banda ultraancha no se encuentran disponibles en todos los pa\u00edses o regiones. <a href=\"https:\/\/support.apple.com\/es-cl\/HT212274\">M\u00e1s informaci\u00f3n.<\/a><\/li>\n<li>. Pruebas realizadas por Apple en marzo de 2021 con unidades AirTag en preproducci\u00f3n y versiones preliminares de software enlazadas con unidades iPhone 11, iPhone 11 Pro, iPhone 11 Pro Max, iPhone 12 mini, iPhone 12, iPhone 12 Pro y iPhone 12 Pro Max con versiones preliminares de software. La duraci\u00f3n de la bater\u00eda se basa en el uso diario, con cuatro activaciones de sonido y una solicitud de Rastreo Preciso al d\u00eda. La duraci\u00f3n de la bater\u00eda var\u00eda seg\u00fan el uso, las condiciones medioambientales, el fabricante de la bater\u00eda de reemplazo y muchos otros factores; los resultados reales pueden ser diferentes.<\/li>\n<li>. El AirTag es resistente a las salpicaduras, al agua y al polvo, y fue probado en condiciones de laboratorio controladas, con una clasificaci\u00f3n IP67 seg\u00fan la norma IEC 60529 (hasta 30 minutos a una profundidad m\u00e1xima de 1 metro). La resistencia a las salpicaduras, al agua y al polvo no es una condici\u00f3n permanente, y podr\u00eda disminuir como consecuencia del uso normal. Consulta la documentaci\u00f3n sobre seguridad y manejo para ver las instrucciones de limpieza y secado.<\/li>\n<\/ol>\n<p><\/span><\/span>\n<p>&nbsp;<\/p>\n","protected":false},"excerpt":{"rendered":"<ul>\n<li>Apple AirTag.<\/li>\n<li>Paquete de 1 unidad.<\/li>\n<\/ul>\n<span style='display:inline;'><input type='hidden' bg_collapse_expand='69e185c0606587023874336' value='69e185c0606587023874336'><input type='hidden' id='bg-show-more-text-69e185c0606587023874336' value='Ver Mas'><input type='hidden' id='bg-show-less-text-69e185c0606587023874336' value='Ver Menos'><a id='bg-showmore-action-69e185c0606587023874336' class='bg-showmore-plg-link  '  style=\" color:#FF0000;\" href='#'>Ver Mas<\/a><span id='bg-showmore-hidden-69e185c0606587023874336' ><\/p>\n<table>\n<tbody>\n<tr>\n<td><strong>Tama\u00f1o y peso<\/strong><\/td>\n<td>Di\u00e1metro: 31,9 mm<\/p>\n<p>Grosor: 8 mm<\/p>\n<p>Peso: 11 g<\/p>\n<p>&nbsp;<\/td>\n<\/tr>\n<tr>\n<td><strong>Resistencia a las salpicaduras, al agua y al polvo<\/strong><\/td>\n<td>Clasificaci\u00f3n IP67 (hasta 30 minutos a una profundidad m\u00e1xima de 1 metro) seg\u00fan la norma IEC 60529<\/p>\n<p>&nbsp;<\/td>\n<\/tr>\n<tr>\n<td><strong>Conexi\u00f3n<\/strong><\/td>\n<td>Bluetooth para la localizaci\u00f3n por proximidad<br \/>\nChip U1 dise\u00f1ado por Apple para la tecnolog\u00eda de banda ultraancha y la funcionalidad Rastreo Preciso<sup>1<\/sup><br \/>\nToque NFC para el Modo Perdido<\/td>\n<\/tr>\n<tr>\n<td><strong>Parlante<\/strong><\/td>\n<td>Parlante integrado<\/p>\n<p>&nbsp;<\/td>\n<\/tr>\n<tr>\n<td><strong>Bater\u00eda<\/strong><\/td>\n<td>Bater\u00eda tipo bot\u00f3n CR2032 reemplazable por el usuario<\/p>\n<p>&nbsp;<\/td>\n<\/tr>\n<tr>\n<td><strong>Sensor<\/strong><\/td>\n<td>Aceler\u00f3metro<\/p>\n<p>&nbsp;<\/td>\n<\/tr>\n<tr>\n<td><strong>Accesibilidad<\/strong><\/td>\n<td>La app Encontrar es compatible con las siguientes funcionalidades de accesibilidad del iPhone:<\/p>\n<ul>\n<li>VoiceOver<\/li>\n<li>Invertir Colores<\/li>\n<li>Texto M\u00e1s Grande<\/li>\n<li>Compatibilidad con pantallas braille<\/li>\n<\/ul>\n<p>&nbsp;<\/td>\n<\/tr>\n<tr>\n<td><strong>Requisitos del sistema y compatibilidad<\/strong><\/td>\n<td>Apple ID<br \/>\nModelos de iPhone y iPod touch con iOS 14.5 o posterior<br \/>\nModelos de iPad con iPadOS 14.5 o posterior<\/td>\n<\/tr>\n<tr>\n<td><strong>Incluye<\/strong><\/td>\n<td>AirTag con bater\u00eda tipo bot\u00f3n CR2032 instalada<br \/>\nDocumentaci\u00f3n<\/td>\n<\/tr>\n<tr>\n<td><strong>Pa\u00eds de origen<\/strong><\/td>\n<td>China<\/td>\n<\/tr>\n<\/tbody>\n<\/table>\n<ol>\n<li>. Las funciones de banda ultraancha no se encuentran disponibles en todos los pa\u00edses o regiones. <a href=\"https:\/\/support.apple.com\/es-cl\/HT212274\">M\u00e1s informaci\u00f3n.<\/a><\/li>\n<\/ol>\n<p><\/span><\/span>\n<p>&nbsp;<\/p>\n","protected":false},"featured_media":5031,"comment_status":"open","ping_status":"closed","template":"","meta":{"_joinchat":[]},"product_cat":[192,593,533],"product_tag":[369],"class_list":{"0":"post-5029","1":"product","2":"type-product","3":"status-publish","4":"has-post-thumbnail","6":"product_brand-apple","7":"product_cat-accesorios","8":"product_cat-accesorios-apple","9":"product_cat-airtag","10":"product_tag-mx532am-a","12":"first","13":"instock","14":"shipping-taxable","15":"purchasable","16":"product-type-simple"},"_links":{"self":[{"href":"https:\/\/jobstore.cl\/index.php\/wp-json\/wp\/v2\/product\/5029","targetHints":{"allow":["GET"]}}],"collection":[{"href":"https:\/\/jobstore.cl\/index.php\/wp-json\/wp\/v2\/product"}],"about":[{"href":"https:\/\/jobstore.cl\/index.php\/wp-json\/wp\/v2\/types\/product"}],"replies":[{"embeddable":true,"href":"https:\/\/jobstore.cl\/index.php\/wp-json\/wp\/v2\/comments?post=5029"}],"version-history":[{"count":5,"href":"https:\/\/jobstore.cl\/index.php\/wp-json\/wp\/v2\/product\/5029\/revisions"}],"predecessor-version":[{"id":13000,"href":"https:\/\/jobstore.cl\/index.php\/wp-json\/wp\/v2\/product\/5029\/revisions\/13000"}],"wp:featuredmedia":[{"embeddable":true,"href":"https:\/\/jobstore.cl\/index.php\/wp-json\/wp\/v2\/media\/5031"}],"wp:attachment":[{"href":"https:\/\/jobstore.cl\/index.php\/wp-json\/wp\/v2\/media?parent=5029"}],"wp:term":[{"taxonomy":"product_cat","embeddable":true,"href":"https:\/\/jobstore.cl\/index.php\/wp-json\/wp\/v2\/product_cat?post=5029"},{"taxonomy":"product_tag","embeddable":true,"href":"https:\/\/jobstore.cl\/index.php\/wp-json\/wp\/v2\/product_tag?post=5029"}],"curies":[{"name":"wp","href":"https:\/\/api.w.org\/{rel}","templated":true}]}}