{"id":5002,"date":"2021-12-06T12:45:08","date_gmt":"2021-12-06T15:45:08","guid":{"rendered":"https:\/\/jobstore.cl\/?post_type=product&#038;p=5002"},"modified":"2023-03-24T11:54:30","modified_gmt":"2023-03-24T14:54:30","slug":"anillo-de-luz-led-regulable-rgb","status":"publish","type":"product","link":"https:\/\/jobstore.cl\/index.php\/product\/anillo-de-luz-led-regulable-rgb\/","title":{"rendered":"Anillo de Luz LED USB-A Regulable RGB"},"content":{"rendered":"<p><strong>Soporte de tr\u00edpode:\u00a0<\/strong><\/p>\n<ul>\n<li>Las patas compactas del tr\u00edpode se pueden plegar, por lo que es lo suficientemente peque\u00f1o como para llevar casi cualquier lugar.<\/li>\n<li>Ajuste la altura del tr\u00edpode ajustando el eje central para satisfacer diferentes conceptos de disparo.<\/li>\n<li>Adecuado para tel\u00e9fonos m\u00f3viles, tabletas, c\u00e1maras deportivas, c\u00e1maras DV, m\u00e1quinas de tarjetas o micro-singles.<\/li>\n<li>Dise\u00f1o ligero y port\u00e1til: conveniente para usar para viajar o trabajar al aire libre, etc.<\/li>\n<\/ul>\n<p><strong>Especificaciones LED del anillo:<\/strong><\/p>\n<ul>\n<li>Cuentas LED: 75 piezas SMD 5050 RGBW.<\/li>\n<li>Potencia: 30 W.<\/li>\n<li>Color de la luz: RGB + blanco.<\/li>\n<li>Modos de control: aplicaci\u00f3n Bluetooth, control remoto.<\/li>\n<li>Modos de funci\u00f3n remota: 20 colores est\u00e1ticos y 6 colores din\u00e1micos.<\/li>\n<li>Modos de funci\u00f3n de aplicaci\u00f3n: modo de ajuste de color, modo de m\u00fasica, modo de control de voz, modo de interruptor de tiempo.<\/li>\n<\/ul>\n","protected":false},"excerpt":{"rendered":"<p>Soporte de tr\u00edpode:\u00a0 Las patas compactas del tr\u00edpode se pueden plegar, por lo que es lo suficientemente peque\u00f1o como para llevar casi cualquier lugar. Ajuste la<span class=\"excerpt-hellip\"> [\u2026]<\/span><\/p>\n","protected":false},"featured_media":5003,"comment_status":"open","ping_status":"closed","template":"","meta":{"_joinchat":[]},"product_cat":[192,280],"product_tag":[],"class_list":{"0":"post-5002","1":"product","2":"type-product","3":"status-publish","4":"has-post-thumbnail","6":"product_cat-accesorios","7":"product_cat-accesorios-iphone-accesorios-iphone","9":"first","10":"outofstock","11":"shipping-taxable","12":"purchasable","13":"product-type-simple"},"_links":{"self":[{"href":"https:\/\/jobstore.cl\/index.php\/wp-json\/wp\/v2\/product\/5002","targetHints":{"allow":["GET"]}}],"collection":[{"href":"https:\/\/jobstore.cl\/index.php\/wp-json\/wp\/v2\/product"}],"about":[{"href":"https:\/\/jobstore.cl\/index.php\/wp-json\/wp\/v2\/types\/product"}],"replies":[{"embeddable":true,"href":"https:\/\/jobstore.cl\/index.php\/wp-json\/wp\/v2\/comments?post=5002"}],"version-history":[{"count":5,"href":"https:\/\/jobstore.cl\/index.php\/wp-json\/wp\/v2\/product\/5002\/revisions"}],"predecessor-version":[{"id":13687,"href":"https:\/\/jobstore.cl\/index.php\/wp-json\/wp\/v2\/product\/5002\/revisions\/13687"}],"wp:featuredmedia":[{"embeddable":true,"href":"https:\/\/jobstore.cl\/index.php\/wp-json\/wp\/v2\/media\/5003"}],"wp:attachment":[{"href":"https:\/\/jobstore.cl\/index.php\/wp-json\/wp\/v2\/media?parent=5002"}],"wp:term":[{"taxonomy":"product_cat","embeddable":true,"href":"https:\/\/jobstore.cl\/index.php\/wp-json\/wp\/v2\/product_cat?post=5002"},{"taxonomy":"product_tag","embeddable":true,"href":"https:\/\/jobstore.cl\/index.php\/wp-json\/wp\/v2\/product_tag?post=5002"}],"curies":[{"name":"wp","href":"https:\/\/api.w.org\/{rel}","templated":true}]}}