{"id":4826,"date":"2021-11-30T16:40:40","date_gmt":"2021-11-30T19:40:40","guid":{"rendered":"https:\/\/jobstore.cl\/?post_type=product&#038;p=4826"},"modified":"2023-09-30T14:23:28","modified_gmt":"2023-09-30T17:23:28","slug":"palo-selfie-plegable-plus-wireless-integrated-edition-de-87-cm-rojo","status":"publish","type":"product","link":"https:\/\/jobstore.cl\/index.php\/product\/palo-selfie-plegable-plus-wireless-integrated-edition-de-87-cm-rojo\/","title":{"rendered":"Palo Selfie Plus Plegable, Wireless Integrated Edition de 87 Cm &#8211; Color Rojo"},"content":{"rendered":"<p>Palo selfie plegable que ocupa menos espacio, f\u00e1cil de transportar, ajustable hasta 120 cm, porta c\u00e1mara GoPro, soporte para tel\u00e9fono inteligente, m\u00e1s estable y m\u00e1s seguro.<\/p>\n<p>La palanca del autodisparador Bluetooth es la combinaci\u00f3n perfecta del sistema Bluetooth compatible con Apple IOS y Android. Bluetooth, dise\u00f1o integrado, control con una sola mano.<\/p>\n<span style='display:inline;'><input type='hidden' bg_collapse_expand='69f2cadf217ec4074535189' value='69f2cadf217ec4074535189'><input type='hidden' id='bg-show-more-text-69f2cadf217ec4074535189' value='Ver Mas'><input type='hidden' id='bg-show-less-text-69f2cadf217ec4074535189' value='Ver Menos'><a id='bg-showmore-action-69f2cadf217ec4074535189' class='bg-showmore-plg-link  '  style=\" color:#FF0000;\" href='#'>Ver Mas<\/a><span id='bg-showmore-hidden-69f2cadf217ec4074535189' ><\/p>\n<p>Juego de cabezal giratorio de gran angular, f\u00e1cil de capturar con la lente de m\u00faltiples \u00e1ngulos, para minimizar la longitud de la palanca del disparador autom\u00e1tico.<\/p>\n<p>Una carga puede admitir miles de fotograf\u00edas tomadas.<\/p>\n<p>El cord\u00f3n y el mosquet\u00f3n livianos y m\u00e1s port\u00e1tiles se pueden reemplazar, se pueden usar en todas partes.<\/p>\n<p><\/span><\/span>\n<p>\u00a0<\/p>\n","protected":false},"excerpt":{"rendered":"<ul>\n<li>Dise\u00f1o integrado por Bluetooth, control con una sola mano.<\/li>\n<li>Perfectamente compatible con el sistema Apple IOS y Android.<\/li>\n<li>Hecho de material de aluminio espacial, superligero.<\/li>\n<li>Soporte para tel\u00e9fono plegable, ahorra espacio, f\u00e1cil de llevar al aire libre.<\/li>\n<li>Posee alfombrilla antideslizante, puede contener f\u00e1cilmente la mayor\u00eda de los tama\u00f1os de tel\u00e9fonos celulares en el mercado principal (por ejemplo, iPhone 5 \/ 5S \/ 5C \/ 6\/ 6s \/ 6 Plus etc).<\/li>\n<\/ul>\n","protected":false},"featured_media":4828,"comment_status":"open","ping_status":"closed","template":"","meta":{"_joinchat":[]},"product_cat":[192,280],"product_tag":[],"class_list":{"0":"post-4826","1":"product","2":"type-product","3":"status-publish","4":"has-post-thumbnail","6":"product_cat-accesorios","7":"product_cat-accesorios-iphone-accesorios-iphone","9":"first","10":"outofstock","11":"sale","12":"shipping-taxable","13":"purchasable","14":"product-type-simple"},"_links":{"self":[{"href":"https:\/\/jobstore.cl\/index.php\/wp-json\/wp\/v2\/product\/4826","targetHints":{"allow":["GET"]}}],"collection":[{"href":"https:\/\/jobstore.cl\/index.php\/wp-json\/wp\/v2\/product"}],"about":[{"href":"https:\/\/jobstore.cl\/index.php\/wp-json\/wp\/v2\/types\/product"}],"replies":[{"embeddable":true,"href":"https:\/\/jobstore.cl\/index.php\/wp-json\/wp\/v2\/comments?post=4826"}],"version-history":[{"count":4,"href":"https:\/\/jobstore.cl\/index.php\/wp-json\/wp\/v2\/product\/4826\/revisions"}],"predecessor-version":[{"id":13388,"href":"https:\/\/jobstore.cl\/index.php\/wp-json\/wp\/v2\/product\/4826\/revisions\/13388"}],"wp:featuredmedia":[{"embeddable":true,"href":"https:\/\/jobstore.cl\/index.php\/wp-json\/wp\/v2\/media\/4828"}],"wp:attachment":[{"href":"https:\/\/jobstore.cl\/index.php\/wp-json\/wp\/v2\/media?parent=4826"}],"wp:term":[{"taxonomy":"product_cat","embeddable":true,"href":"https:\/\/jobstore.cl\/index.php\/wp-json\/wp\/v2\/product_cat?post=4826"},{"taxonomy":"product_tag","embeddable":true,"href":"https:\/\/jobstore.cl\/index.php\/wp-json\/wp\/v2\/product_tag?post=4826"}],"curies":[{"name":"wp","href":"https:\/\/api.w.org\/{rel}","templated":true}]}}