{"id":4494,"date":"2021-11-25T17:28:24","date_gmt":"2021-11-25T20:28:24","guid":{"rendered":"https:\/\/jobstore.cl\/?post_type=product&#038;p=4494"},"modified":"2023-03-16T18:30:39","modified_gmt":"2023-03-16T21:30:39","slug":"banda-de-brazo-deportiva-para-iphone-5-5s-5c-5se-y-otros-de-tamano-similar-negro","status":"publish","type":"product","link":"https:\/\/jobstore.cl\/index.php\/product\/banda-de-brazo-deportiva-para-iphone-5-5s-5c-5se-y-otros-de-tamano-similar-negro\/","title":{"rendered":"Banda de Brazo Deportiva para Iphone 5, 5S, 5C, 5SE y Otros de Tama\u00f1o Similar &#8211; Color Negro"},"content":{"rendered":"<p>La funda sport Armband protege tu iPhone dentro de una carcasa suave, super ligera y ajustable para cuando hagas ejercicio en el gimnasio o al aire libre. Cuenta con un protector de pantalla incorporado y brinda acceso completo a los puertos mientras est\u00e1 en uso. Compatible con iPhone de quinta generaci\u00f3n u otros dispositivos Apple del mismo tama\u00f1o.<\/p>\n","protected":false},"excerpt":{"rendered":"<ul>\n<li>Brazalete Deluxe gen\u00e9rico de alta calidad para mantener seguro y protegido tu iPhone.<\/li>\n<li>Ejercita y escucha libremente m\u00fasica con esta funda con banda deportiva t\u00e1ctil definitiva.<\/li>\n<li>M\u00faltiples capas de acolchado ofrecen la mejor protecci\u00f3n.<\/li>\n<li>La placa frontal transparente de alta resistencia le permite ver su iPhone mientras a\u00fan est\u00e1 en la bolsa.<\/li>\n<li>Puedes correr, saltar, levantar y m\u00e1s sin perderte ni un segundo de tus canciones favoritas.<\/li>\n<\/ul>\n","protected":false},"featured_media":4496,"comment_status":"open","ping_status":"closed","template":"","meta":{"_joinchat":[]},"product_cat":[280],"product_tag":[],"class_list":{"0":"post-4494","1":"product","2":"type-product","3":"status-publish","4":"has-post-thumbnail","6":"product_cat-accesorios-iphone-accesorios-iphone","8":"first","9":"instock","10":"sale","11":"shipping-taxable","12":"purchasable","13":"product-type-simple"},"_links":{"self":[{"href":"https:\/\/jobstore.cl\/index.php\/wp-json\/wp\/v2\/product\/4494","targetHints":{"allow":["GET"]}}],"collection":[{"href":"https:\/\/jobstore.cl\/index.php\/wp-json\/wp\/v2\/product"}],"about":[{"href":"https:\/\/jobstore.cl\/index.php\/wp-json\/wp\/v2\/types\/product"}],"replies":[{"embeddable":true,"href":"https:\/\/jobstore.cl\/index.php\/wp-json\/wp\/v2\/comments?post=4494"}],"version-history":[{"count":6,"href":"https:\/\/jobstore.cl\/index.php\/wp-json\/wp\/v2\/product\/4494\/revisions"}],"predecessor-version":[{"id":13404,"href":"https:\/\/jobstore.cl\/index.php\/wp-json\/wp\/v2\/product\/4494\/revisions\/13404"}],"wp:featuredmedia":[{"embeddable":true,"href":"https:\/\/jobstore.cl\/index.php\/wp-json\/wp\/v2\/media\/4496"}],"wp:attachment":[{"href":"https:\/\/jobstore.cl\/index.php\/wp-json\/wp\/v2\/media?parent=4494"}],"wp:term":[{"taxonomy":"product_cat","embeddable":true,"href":"https:\/\/jobstore.cl\/index.php\/wp-json\/wp\/v2\/product_cat?post=4494"},{"taxonomy":"product_tag","embeddable":true,"href":"https:\/\/jobstore.cl\/index.php\/wp-json\/wp\/v2\/product_tag?post=4494"}],"curies":[{"name":"wp","href":"https:\/\/api.w.org\/{rel}","templated":true}]}}