{"id":4489,"date":"2021-11-25T17:58:25","date_gmt":"2021-11-25T20:58:25","guid":{"rendered":"https:\/\/jobstore.cl\/?post_type=product&#038;p=4489"},"modified":"2023-03-16T18:29:25","modified_gmt":"2023-03-16T21:29:25","slug":"adaptador-usb-c-a-hdmi-carga-negro","status":"publish","type":"product","link":"https:\/\/jobstore.cl\/index.php\/product\/adaptador-usb-c-a-hdmi-carga-negro\/","title":{"rendered":"Adaptador USB-C a HDMI + USB-C para Carga &#8211; Color Negro"},"content":{"rendered":"<p>Este adaptador USB-C\u00ae a HDMI\u00ae + carga se conecta a tu port\u00e1til o tableta por un puerto USB-C, proporcion\u00e1ndote un puerto HDMI para v\u00eddeo y un puerto USB-C para cargar. Su dise\u00f1o plug-and-play funciona con cualquier modelo de port\u00e1til Mac o Windows, adem\u00e1s de otros dispositivos USB-C.<\/p>\n<span style='display:inline;'><input type='hidden' bg_collapse_expand='69f225a4e06915052246037' value='69f225a4e06915052246037'><input type='hidden' id='bg-show-more-text-69f225a4e06915052246037' value='Ver Mas'><input type='hidden' id='bg-show-less-text-69f225a4e06915052246037' value='Ver Menos'><a id='bg-showmore-action-69f225a4e06915052246037' class='bg-showmore-plg-link  '  style=\" color:#FF0000;\" href='#'>Ver Mas<\/a><span id='bg-showmore-hidden-69f225a4e06915052246037' ><\/p>\n<p>Ofrece una portabilidad muy flexible que es genial para clases, salas de conferencias o ferias comerciales.<\/p>\n<p>Puedes mantener tu dispositivo cargado mientras ves tu contenido en una pantalla. Incluye funci\u00f3n USB Power Delivery por pass-through de hasta 60W, por lo que tu dispositivo se cargar\u00e1 a la vez que observas su contenido en una pantalla.<\/p>\n<p>Disfruta de v\u00eddeo en 4K en cualquier dispositivo compatible. Este cable admite resoluciones de 2K y 4K (3840\u00d72160) a 60 Hz para compartir contenido en UHD en cualquier entorno.<\/p>\n<p><\/span><\/span>\n<p>\u00a0<\/p>\n","protected":false},"excerpt":{"rendered":"<ul>\n<li>Adaptador USB-C a HDMI con Power Delivery de hasta 60 W.<span class=\"Apple-converted-space\">\u00a0<\/span><\/li>\n<li>Admite resoluciones de v\u00eddeo de hasta 2K y 4K (3840\u00d72160) a 60 Hz.<span class=\"Apple-converted-space\">\u00a0 <\/span>Ancho: 59 mm Alto: 14 mm Longitud (sin cable): 131,5 mm<span class=\"Apple-converted-space\">\u00a0<\/span><\/li>\n<li>Longitud (con cable): 191,5 mm.<\/li>\n<\/ul>\n","protected":false},"featured_media":4491,"comment_status":"open","ping_status":"closed","template":"","meta":{"_joinchat":[]},"product_cat":[192],"product_tag":[354],"class_list":{"0":"post-4489","1":"product","2":"type-product","3":"status-publish","4":"has-post-thumbnail","6":"product_cat-accesorios","7":"product_tag-avc002btbk","9":"first","10":"outofstock","11":"shipping-taxable","12":"purchasable","13":"product-type-simple"},"_links":{"self":[{"href":"https:\/\/jobstore.cl\/index.php\/wp-json\/wp\/v2\/product\/4489","targetHints":{"allow":["GET"]}}],"collection":[{"href":"https:\/\/jobstore.cl\/index.php\/wp-json\/wp\/v2\/product"}],"about":[{"href":"https:\/\/jobstore.cl\/index.php\/wp-json\/wp\/v2\/types\/product"}],"replies":[{"embeddable":true,"href":"https:\/\/jobstore.cl\/index.php\/wp-json\/wp\/v2\/comments?post=4489"}],"version-history":[{"count":5,"href":"https:\/\/jobstore.cl\/index.php\/wp-json\/wp\/v2\/product\/4489\/revisions"}],"predecessor-version":[{"id":13402,"href":"https:\/\/jobstore.cl\/index.php\/wp-json\/wp\/v2\/product\/4489\/revisions\/13402"}],"wp:featuredmedia":[{"embeddable":true,"href":"https:\/\/jobstore.cl\/index.php\/wp-json\/wp\/v2\/media\/4491"}],"wp:attachment":[{"href":"https:\/\/jobstore.cl\/index.php\/wp-json\/wp\/v2\/media?parent=4489"}],"wp:term":[{"taxonomy":"product_cat","embeddable":true,"href":"https:\/\/jobstore.cl\/index.php\/wp-json\/wp\/v2\/product_cat?post=4489"},{"taxonomy":"product_tag","embeddable":true,"href":"https:\/\/jobstore.cl\/index.php\/wp-json\/wp\/v2\/product_tag?post=4489"}],"curies":[{"name":"wp","href":"https:\/\/api.w.org\/{rel}","templated":true}]}}