{"id":4484,"date":"2021-11-25T17:48:22","date_gmt":"2021-11-25T20:48:22","guid":{"rendered":"https:\/\/jobstore.cl\/?post_type=product&#038;p=4484"},"modified":"2026-03-17T10:41:48","modified_gmt":"2026-03-17T13:41:48","slug":"adaptador-de-mini-displayport-a-hdmi-4k-negro","status":"publish","type":"product","link":"https:\/\/jobstore.cl\/index.php\/product\/adaptador-de-mini-displayport-a-hdmi-4k-negro\/","title":{"rendered":"Adaptador de Mini DisplayPort a HDMI 4K &#8211; Color Negro"},"content":{"rendered":"<p>El adaptador de Mini DisplayPort a HDTV te permite transmitir por streaming contenido de audio\/v\u00eddeo de alta calidad desde tu port\u00e1til o tablet a una HDTV. \u00dasalo junto a un cable HDMI (se vende por separado) para ver pel\u00edculas, compartir fotos o expandir tu estaci\u00f3n de trabajo con un escritorio clonado.<\/p>\n<span style='display:inline;'><input type='hidden' bg_collapse_expand='69e73d22dd5968017288423' value='69e73d22dd5968017288423'><input type='hidden' id='bg-show-more-text-69e73d22dd5968017288423' value='Ver Mas'><input type='hidden' id='bg-show-less-text-69e73d22dd5968017288423' value='Ver Menos'><a id='bg-showmore-action-69e73d22dd5968017288423' class='bg-showmore-plg-link  '  style=\" color:#FF0000;\" href='#'>Ver Mas<\/a><span id='bg-showmore-hidden-69e73d22dd5968017288423' ><\/p>\n<p>El adaptador ofrece un alivio de tensi\u00f3n moldeado para mayor flexibilidad en los puntos de conexi\u00f3n, reduciendo el desgaste producido por un uso intenso. Una etiqueta blanca te ayuda a identificar la posici\u00f3n de encaje de los extremos para una inserci\u00f3n f\u00e1cil y r\u00e1pida.<\/p>\n<p>Con una dimension de 5 pulgadas el adaptador es un compacto y port\u00e1til accesorio de bolsillo para instalaciones de televisiones HD tanto en casa como en la oficina. Si se utiliza con un cable HDMI ofrece capacidad de conexi\u00f3n plug-and-play, ideal para presentaciones m\u00f3viles.<\/p>\n<p><b>Nota:<\/b> este adaptador se conecta en el puerto Mini DisplayPort\/Thunderbolt&#x2122; presente en MacBooks y muchos ordenadores Ultrabooks y tablets. Por favor, comprueba tus dispositivos para confirmar la compatibilidad.<\/p>\n<p><\/span><\/span>\n<p>&nbsp;<\/p>\n","protected":false},"excerpt":{"rendered":"<p><strong>Especificaciones t\u00e9cnicas:<\/strong><\/p>\n<ul>\n<li>Compatible con 4K UHD.<\/li>\n<li>Transmite audio y v\u00eddeo desde Mini DisplayPort a HDMI.<\/li>\n<li>Ideal para conectar ordenadores port\u00e1tiles o tabletas a una televisi\u00f3n HD.<\/li>\n<li>Para pel\u00edculas, presentaciones y estaciones de trabajo entre otras muchas aplicaciones.<\/li>\n<li>Dise\u00f1o compacto y port\u00e1til de 5 pulgadas (12,5 cm).<\/li>\n<li>Requiere de un cable HDMI.<\/li>\n<\/ul>\n<span style='display:inline;'><input type='hidden' bg_collapse_expand='69e73d22ddaf01012650077' value='69e73d22ddaf01012650077'><input type='hidden' id='bg-show-more-text-69e73d22ddaf01012650077' value='Ver Mas'><input type='hidden' id='bg-show-less-text-69e73d22ddaf01012650077' value='Ver Menos'><a id='bg-showmore-action-69e73d22ddaf01012650077' class='bg-showmore-plg-link  '  style=\" color:#FF0000;\" href='#'>Ver Mas<\/a><span id='bg-showmore-hidden-69e73d22ddaf01012650077' ><\/p>\n<p><strong>Compatibilidad:<\/strong><\/p>\n<ul class=\"compatibility-list pdp-list\">\n<li>MacBook Pro (2014)<\/li>\n<li>MacBook Air<\/li>\n<li>MacBook<\/li>\n<li>MacBook Pro 17\u201d<\/li>\n<li>MacBook Pro 15\u201d<\/li>\n<li>MacBook Pro 13\u201d<\/li>\n<li>MacBook Air 13\u201d<\/li>\n<li>MacBook Air 11\u201d<\/li>\n<li>Surface Pro 4<\/li>\n<\/ul>\n<p><\/span><\/span>\n<p>&nbsp;<\/p>\n","protected":false},"featured_media":4486,"comment_status":"open","ping_status":"closed","template":"","meta":{"_joinchat":[]},"product_cat":[192,329,201,191],"product_tag":[353],"class_list":{"0":"post-4484","1":"product","2":"type-product","3":"status-publish","4":"has-post-thumbnail","6":"product_cat-accesorios","7":"product_cat-accesorios-air","8":"product_cat-mac-pro","9":"product_cat-pro","10":"product_tag-f2cd079bt","12":"first","13":"instock","14":"shipping-taxable","15":"purchasable","16":"product-type-simple"},"_links":{"self":[{"href":"https:\/\/jobstore.cl\/index.php\/wp-json\/wp\/v2\/product\/4484","targetHints":{"allow":["GET"]}}],"collection":[{"href":"https:\/\/jobstore.cl\/index.php\/wp-json\/wp\/v2\/product"}],"about":[{"href":"https:\/\/jobstore.cl\/index.php\/wp-json\/wp\/v2\/types\/product"}],"replies":[{"embeddable":true,"href":"https:\/\/jobstore.cl\/index.php\/wp-json\/wp\/v2\/comments?post=4484"}],"version-history":[{"count":7,"href":"https:\/\/jobstore.cl\/index.php\/wp-json\/wp\/v2\/product\/4484\/revisions"}],"predecessor-version":[{"id":13403,"href":"https:\/\/jobstore.cl\/index.php\/wp-json\/wp\/v2\/product\/4484\/revisions\/13403"}],"wp:featuredmedia":[{"embeddable":true,"href":"https:\/\/jobstore.cl\/index.php\/wp-json\/wp\/v2\/media\/4486"}],"wp:attachment":[{"href":"https:\/\/jobstore.cl\/index.php\/wp-json\/wp\/v2\/media?parent=4484"}],"wp:term":[{"taxonomy":"product_cat","embeddable":true,"href":"https:\/\/jobstore.cl\/index.php\/wp-json\/wp\/v2\/product_cat?post=4484"},{"taxonomy":"product_tag","embeddable":true,"href":"https:\/\/jobstore.cl\/index.php\/wp-json\/wp\/v2\/product_tag?post=4484"}],"curies":[{"name":"wp","href":"https:\/\/api.w.org\/{rel}","templated":true}]}}