{"id":4478,"date":"2021-11-25T13:46:34","date_gmt":"2021-11-25T16:46:34","guid":{"rendered":"https:\/\/jobstore.cl\/?post_type=product&#038;p=4478"},"modified":"2024-01-04T15:01:18","modified_gmt":"2024-01-04T18:01:18","slug":"cable-de-carga-magnetica-rapida-a-usb-c-para-apple-watch-de-1-mt","status":"publish","type":"product","link":"https:\/\/jobstore.cl\/index.php\/product\/cable-de-carga-magnetica-rapida-a-usb-c-para-apple-watch-de-1-mt\/","title":{"rendered":"Cable de Carga Magn\u00e9tica a USB-C para Apple Watch de 1 Mt"},"content":{"rendered":"<p>Quer\u00edamos que cargar tu Apple Watch fuera sencillo. Y ahora, se carga hasta un 33% m\u00e1s r\u00e1pido al conectar el Apple Watch Series 7, as\u00ed que puedes tener el 80% de carga en aproximadamente 45 minutos.<sup>1<\/sup> S\u00f3lo tienes que acercar el conector a la parte posterior del reloj y los imanes se encargar\u00e1n de adherirlo. Se trata de un sistema completamente sellado en el que ning\u00fan contacto queda expuesto. Adem\u00e1s, es muy pr\u00e1ctico ya que ni siquiera necesita una alineaci\u00f3n perfecta.<\/p>\n<p>La carga r\u00e1pida s\u00f3lo es compatible con el Apple Watch Series 7. Los otros modelos tendr\u00e1n tiempos de carga est\u00e1ndar.<\/p>\n<span style='display:inline;'><input type='hidden' bg_collapse_expand='69f5e1211ec335028352461' value='69f5e1211ec335028352461'><input type='hidden' id='bg-show-more-text-69f5e1211ec335028352461' value='Ver Mas'><input type='hidden' id='bg-show-less-text-69f5e1211ec335028352461' value='Ver Menos'><a id='bg-showmore-action-69f5e1211ec335028352461' class='bg-showmore-plg-link  '  style=\" color:#FF0000;\" href='#'>Ver Mas<\/a><span id='bg-showmore-hidden-69f5e1211ec335028352461' ><\/p>\n<ol>\n<li>. Pruebas realizadas por Apple en agosto de 2021 con unidades Apple Watch Series 7 (GPS) y Apple Watch Series 7 (GPS + Cellular) en preproducci\u00f3n con cable de carga magn\u00e9tica r\u00e1pida con conector USB-C para el Apple Watch (Modelo A2515) y adaptador de corriente USB-C de 20 W de Apple (Modelo A2305), as\u00ed como Apple Watch Series 6 (GPS) y Apple Watch Series 6 (GPS + Cellular) con cable de carga magn\u00e9tica para el Apple Watch (Modelos A2255 y A2256) y adaptador de corriente USB de 5 W de Apple (Modelo A1385); cada unidad de Apple Watch enlazada con un iPhone. Todos los dispositivos fueron probados con versiones preliminares de software. Los tiempos de carga var\u00edan seg\u00fan la regi\u00f3n, la configuraci\u00f3n y los factores ambientales; los resultados reales pueden ser diferentes.\u00a0La carga r\u00e1pida no est\u00e1 disponible en Argentina, India o Vietnam.<\/li>\n<\/ol>\n<p><\/span><\/span>\n<p>\u00a0<\/p>\n","protected":false},"excerpt":{"rendered":"<table>\n<tbody>\n<tr>\n<td><strong>Largo<\/strong><\/td>\n<td>1 metro<\/td>\n<\/tr>\n<tr>\n<td><strong>Compatibilidad<\/strong><\/td>\n<td>Apple Watch Series 7\u00a0(Compatible con funci\u00f3n de carga r\u00e1pida)<\/p>\n<p>Apple Watch Series 6<\/p>\n<p>Apple Watch SE<\/p>\n<p>Apple Watch Series\u00a05<\/p>\n<p>Apple Watch Series 4<\/p>\n<p>Apple Watch Series 3<\/p>\n<p>Apple Watch Series 2<\/p>\n<p>Apple Watch Series 1<\/p>\n<p>Apple Watch (1\u00aa generaci\u00f3n)<\/td>\n<\/tr>\n<tr>\n<td><strong>Pa\u00eds de origen<\/strong><\/td>\n<td>China<\/td>\n<\/tr>\n<\/tbody>\n<\/table>\n","protected":false},"featured_media":4480,"comment_status":"open","ping_status":"closed","template":"","meta":{"_joinchat":[]},"product_cat":[192,593,277,599],"product_tag":[352],"class_list":{"0":"post-4478","1":"product","2":"type-product","3":"status-publish","4":"has-post-thumbnail","6":"product_brand-apple","7":"product_cat-accesorios","8":"product_cat-accesorios-apple","9":"product_cat-accesorios-watch","10":"product_cat-cables","11":"product_tag-mlwj3am-a","13":"first","14":"outofstock","15":"shipping-taxable","16":"purchasable","17":"product-type-simple"},"_links":{"self":[{"href":"https:\/\/jobstore.cl\/index.php\/wp-json\/wp\/v2\/product\/4478","targetHints":{"allow":["GET"]}}],"collection":[{"href":"https:\/\/jobstore.cl\/index.php\/wp-json\/wp\/v2\/product"}],"about":[{"href":"https:\/\/jobstore.cl\/index.php\/wp-json\/wp\/v2\/types\/product"}],"replies":[{"embeddable":true,"href":"https:\/\/jobstore.cl\/index.php\/wp-json\/wp\/v2\/comments?post=4478"}],"version-history":[{"count":6,"href":"https:\/\/jobstore.cl\/index.php\/wp-json\/wp\/v2\/product\/4478\/revisions"}],"predecessor-version":[{"id":13405,"href":"https:\/\/jobstore.cl\/index.php\/wp-json\/wp\/v2\/product\/4478\/revisions\/13405"}],"wp:featuredmedia":[{"embeddable":true,"href":"https:\/\/jobstore.cl\/index.php\/wp-json\/wp\/v2\/media\/4480"}],"wp:attachment":[{"href":"https:\/\/jobstore.cl\/index.php\/wp-json\/wp\/v2\/media?parent=4478"}],"wp:term":[{"taxonomy":"product_cat","embeddable":true,"href":"https:\/\/jobstore.cl\/index.php\/wp-json\/wp\/v2\/product_cat?post=4478"},{"taxonomy":"product_tag","embeddable":true,"href":"https:\/\/jobstore.cl\/index.php\/wp-json\/wp\/v2\/product_tag?post=4478"}],"curies":[{"name":"wp","href":"https:\/\/api.w.org\/{rel}","templated":true}]}}