{"id":4027,"date":"2021-11-24T15:34:02","date_gmt":"2021-11-24T18:34:02","guid":{"rendered":"https:\/\/jobstore.cl\/?post_type=product&#038;p=4027"},"modified":"2023-03-16T18:33:16","modified_gmt":"2023-03-16T21:33:16","slug":"palo-selfie-de-bolsillo-de-120-cm-rojo","status":"publish","type":"product","link":"https:\/\/jobstore.cl\/index.php\/product\/palo-selfie-de-bolsillo-de-120-cm-rojo\/","title":{"rendered":"Palo Selfie de Bolsillo de 120 Cm &#8211; Color Rojo"},"content":{"rendered":"<p>Palo selfie plegable que ocupa menos espacio, f\u00e1cil de transportar, ajustable hasta 120 cm, porta c\u00e1mara GoPro, soporte para tel\u00e9fono inteligente, m\u00e1s estable y m\u00e1s seguro.<\/p>\n<p>Convi\u00e9rtete en un talento para selfies. No importa la c\u00e1mara o el tel\u00e9fono, esto puede satisfacer completamente tu demanda de tomar fotos.<\/p>\n","protected":false},"excerpt":{"rendered":"<ul>\n<li>Funciona con la c\u00e1mara GoPro.<\/li>\n<li>Dise\u00f1o de agarre de silicona esmerilado con una c\u00f3moda sensaci\u00f3n de agarre.<\/li>\n<li>Excelente resistencia al deslizamiento.<\/li>\n<li>Cord\u00f3n port\u00e1til y mosquet\u00f3n intercambiable, hace que sea muy f\u00e1cil de usar en diferentes escenas.<\/li>\n<li>Usa 1 pila externa.<\/li>\n<\/ul>\n","protected":false},"featured_media":4035,"comment_status":"open","ping_status":"closed","template":"","meta":{"_joinchat":[]},"product_cat":[192,280],"product_tag":[],"class_list":{"0":"post-4027","1":"product","2":"type-product","3":"status-publish","4":"has-post-thumbnail","6":"product_cat-accesorios","7":"product_cat-accesorios-iphone-accesorios-iphone","9":"first","10":"instock","11":"sale","12":"shipping-taxable","13":"purchasable","14":"product-type-simple"},"_links":{"self":[{"href":"https:\/\/jobstore.cl\/index.php\/wp-json\/wp\/v2\/product\/4027","targetHints":{"allow":["GET"]}}],"collection":[{"href":"https:\/\/jobstore.cl\/index.php\/wp-json\/wp\/v2\/product"}],"about":[{"href":"https:\/\/jobstore.cl\/index.php\/wp-json\/wp\/v2\/types\/product"}],"replies":[{"embeddable":true,"href":"https:\/\/jobstore.cl\/index.php\/wp-json\/wp\/v2\/comments?post=4027"}],"version-history":[{"count":3,"href":"https:\/\/jobstore.cl\/index.php\/wp-json\/wp\/v2\/product\/4027\/revisions"}],"predecessor-version":[{"id":13408,"href":"https:\/\/jobstore.cl\/index.php\/wp-json\/wp\/v2\/product\/4027\/revisions\/13408"}],"wp:featuredmedia":[{"embeddable":true,"href":"https:\/\/jobstore.cl\/index.php\/wp-json\/wp\/v2\/media\/4035"}],"wp:attachment":[{"href":"https:\/\/jobstore.cl\/index.php\/wp-json\/wp\/v2\/media?parent=4027"}],"wp:term":[{"taxonomy":"product_cat","embeddable":true,"href":"https:\/\/jobstore.cl\/index.php\/wp-json\/wp\/v2\/product_cat?post=4027"},{"taxonomy":"product_tag","embeddable":true,"href":"https:\/\/jobstore.cl\/index.php\/wp-json\/wp\/v2\/product_tag?post=4027"}],"curies":[{"name":"wp","href":"https:\/\/api.w.org\/{rel}","templated":true}]}}