{"id":3783,"date":"2021-11-23T17:49:43","date_gmt":"2021-11-23T20:49:43","guid":{"rendered":"https:\/\/jobstore.cl\/?post_type=product&#038;p=3783"},"modified":"2023-03-16T18:35:38","modified_gmt":"2023-03-16T21:35:38","slug":"palo-selfie-de-bolsillo-de-50-cm-azul","status":"publish","type":"product","link":"https:\/\/jobstore.cl\/index.php\/product\/palo-selfie-de-bolsillo-de-50-cm-azul\/","title":{"rendered":"Palo Selfie de Bolsillo de 50 Cm &#8211; Color Azul"},"content":{"rendered":"<p>Hecho de material de aluminio espacial, superligero; su longitud es solo de 15 cm. Ideal para llevar o colocar libremente en bolsillos, bolsas y otros.<\/p>\n<p>El soporte ajustable funciona con c\u00e1maras GoPro y tel\u00e9fonos con alfombrilla antideslizante (apto para la mayor\u00eda de los celulares en el mercado).<\/p>\n<p>Dise\u00f1o de agarre de silicona esmerilado con una c\u00f3moda sensaci\u00f3n al contacto y excelente resistencia al deslizamiento.<\/p>\n<p>Al trabajar con el controlador de obturador Bluetooth se evita temblores o fatiga en la toma de fotos personales o grupales. Permitiendo as\u00ed conseguir una buena fotograf\u00eda en cada gran momento agradable.<\/p>\n<p>Cord\u00f3n port\u00e1til y mosquet\u00f3n intercambiable, hace que sea muy f\u00e1cil de usar en diferentes escenas.<\/p>\n","protected":false},"excerpt":{"rendered":"<ul>\n<li>Dise\u00f1o de agarre de silicona esmerilado con una c\u00f3moda sensaci\u00f3n de agarre, excelente resistencia al deslizamiento.<\/li>\n<\/ul>\n<ul>\n<li>Trabajar con el controlador de obturador Bluetooth puede evitar temblores o fatiga en la toma de fotograf\u00edas personales o grupales.<\/li>\n<\/ul>\n<ul>\n<li>Cord\u00f3n port\u00e1til y mosquet\u00f3n intercambiable, hace que sea muy f\u00e1cil de usar en diferentes escenas.<\/li>\n<\/ul>\n","protected":false},"featured_media":3785,"comment_status":"open","ping_status":"closed","template":"","meta":{"_joinchat":[]},"product_cat":[192,280],"product_tag":[],"class_list":{"0":"post-3783","1":"product","2":"type-product","3":"status-publish","4":"has-post-thumbnail","6":"product_cat-accesorios","7":"product_cat-accesorios-iphone-accesorios-iphone","9":"first","10":"outofstock","11":"sale","12":"shipping-taxable","13":"purchasable","14":"product-type-simple"},"_links":{"self":[{"href":"https:\/\/jobstore.cl\/index.php\/wp-json\/wp\/v2\/product\/3783","targetHints":{"allow":["GET"]}}],"collection":[{"href":"https:\/\/jobstore.cl\/index.php\/wp-json\/wp\/v2\/product"}],"about":[{"href":"https:\/\/jobstore.cl\/index.php\/wp-json\/wp\/v2\/types\/product"}],"replies":[{"embeddable":true,"href":"https:\/\/jobstore.cl\/index.php\/wp-json\/wp\/v2\/comments?post=3783"}],"version-history":[{"count":3,"href":"https:\/\/jobstore.cl\/index.php\/wp-json\/wp\/v2\/product\/3783\/revisions"}],"predecessor-version":[{"id":13413,"href":"https:\/\/jobstore.cl\/index.php\/wp-json\/wp\/v2\/product\/3783\/revisions\/13413"}],"wp:featuredmedia":[{"embeddable":true,"href":"https:\/\/jobstore.cl\/index.php\/wp-json\/wp\/v2\/media\/3785"}],"wp:attachment":[{"href":"https:\/\/jobstore.cl\/index.php\/wp-json\/wp\/v2\/media?parent=3783"}],"wp:term":[{"taxonomy":"product_cat","embeddable":true,"href":"https:\/\/jobstore.cl\/index.php\/wp-json\/wp\/v2\/product_cat?post=3783"},{"taxonomy":"product_tag","embeddable":true,"href":"https:\/\/jobstore.cl\/index.php\/wp-json\/wp\/v2\/product_tag?post=3783"}],"curies":[{"name":"wp","href":"https:\/\/api.w.org\/{rel}","templated":true}]}}