{"id":3728,"date":"2021-11-22T13:42:00","date_gmt":"2021-11-22T16:42:00","guid":{"rendered":"https:\/\/jobstore.cl\/?post_type=product&#038;p=3728"},"modified":"2023-03-16T18:42:48","modified_gmt":"2023-03-16T21:42:48","slug":"carcasa-ultradelgada-para-iphone-6s-plus-6-plus-con-ranura-para-llevar-tarjetas-rosa-dorado","status":"publish","type":"product","link":"https:\/\/jobstore.cl\/index.php\/product\/carcasa-ultradelgada-para-iphone-6s-plus-6-plus-con-ranura-para-llevar-tarjetas-rosa-dorado\/","title":{"rendered":"Carcasa ultra delgada para iPhone 6 Plus \/ 6s Plus con Ranura para Tarjetas &#8211; Color Rosa Dorado"},"content":{"rendered":"<p>Estuche para iPhone 6s Plus\/ 6 Plus marca Dotfes ultradelgado G02 con ranura trasera para llevar tarjetas, r\u00edgido de fibra de carbono, de atractivo dise\u00f1o, brindando protecci\u00f3n diaria contra rasgu\u00f1os y golpes.<\/p>\n","protected":false},"excerpt":{"rendered":"<ul>\n<li>Estuche delgado especialmente dise\u00f1ado, apariencia de moda y sensaci\u00f3n c\u00f3moda en la mano.<\/li>\n<li>Material: fibra de carbono + cuero PU, que brindan una apariencia elegante, un agarre f\u00e1cil y seguro.<\/li>\n<li>Ranura trasera para llevar tarjetas, dise\u00f1o ultradelgado y atractivo.<\/li>\n<li>Dise\u00f1o de protecci\u00f3n frontal: borde elevado para proteger la pantalla contra rasgu\u00f1os \/ manchas mientras mira hacia abajo.<\/li>\n<li>Botones laterales con protecci\u00f3n de cubierta completa, simple para usar tranquilamente todas las funciones.<\/li>\n<\/ul>\n","protected":false},"featured_media":3730,"comment_status":"open","ping_status":"closed","template":"","meta":{"_joinchat":[]},"product_cat":[280],"product_tag":[],"class_list":{"0":"post-3728","1":"product","2":"type-product","3":"status-publish","4":"has-post-thumbnail","6":"product_cat-accesorios-iphone-accesorios-iphone","8":"first","9":"instock","10":"sale","11":"shipping-taxable","12":"purchasable","13":"product-type-simple"},"_links":{"self":[{"href":"https:\/\/jobstore.cl\/index.php\/wp-json\/wp\/v2\/product\/3728","targetHints":{"allow":["GET"]}}],"collection":[{"href":"https:\/\/jobstore.cl\/index.php\/wp-json\/wp\/v2\/product"}],"about":[{"href":"https:\/\/jobstore.cl\/index.php\/wp-json\/wp\/v2\/types\/product"}],"replies":[{"embeddable":true,"href":"https:\/\/jobstore.cl\/index.php\/wp-json\/wp\/v2\/comments?post=3728"}],"version-history":[{"count":4,"href":"https:\/\/jobstore.cl\/index.php\/wp-json\/wp\/v2\/product\/3728\/revisions"}],"predecessor-version":[{"id":13420,"href":"https:\/\/jobstore.cl\/index.php\/wp-json\/wp\/v2\/product\/3728\/revisions\/13420"}],"wp:featuredmedia":[{"embeddable":true,"href":"https:\/\/jobstore.cl\/index.php\/wp-json\/wp\/v2\/media\/3730"}],"wp:attachment":[{"href":"https:\/\/jobstore.cl\/index.php\/wp-json\/wp\/v2\/media?parent=3728"}],"wp:term":[{"taxonomy":"product_cat","embeddable":true,"href":"https:\/\/jobstore.cl\/index.php\/wp-json\/wp\/v2\/product_cat?post=3728"},{"taxonomy":"product_tag","embeddable":true,"href":"https:\/\/jobstore.cl\/index.php\/wp-json\/wp\/v2\/product_tag?post=3728"}],"curies":[{"name":"wp","href":"https:\/\/api.w.org\/{rel}","templated":true}]}}