{"id":3723,"date":"2021-11-22T12:41:19","date_gmt":"2021-11-22T15:41:19","guid":{"rendered":"https:\/\/jobstore.cl\/?post_type=product&#038;p=3723"},"modified":"2023-03-16T18:43:30","modified_gmt":"2023-03-16T21:43:30","slug":"carcasa-trasera-de-tpu-con-grano-de-madera-de-la-serie-element-para-iphone-6s-plus-6-plus","status":"publish","type":"product","link":"https:\/\/jobstore.cl\/index.php\/product\/carcasa-trasera-de-tpu-con-grano-de-madera-de-la-serie-element-para-iphone-6s-plus-6-plus\/","title":{"rendered":"Carcasa TPU con Grano de Madera de la Serie Element para iPhone 6 \/ 6s"},"content":{"rendered":"<p>Funda trasera de TPU con grano de madera de la serie HOCO Element para iPhone 6 \/ 6s, estuche r\u00edgido de TPU resistente a los ara\u00f1azos contorneado y delgado, adem\u00e1s de atractivo dise\u00f1o, brindando protecci\u00f3n diaria contra rasgu\u00f1os y golpes.<\/p>\n","protected":false},"excerpt":{"rendered":"<p>Descripci\u00f3n del producto:<\/p>\n<ul>\n<li>Hecho de TPU<\/li>\n<li>Patr\u00f3n de madera, f\u00e1cil de poner y quitar<\/li>\n<li>Se adapta perfectamente al iPhone 6s Plus\/ 6 Plus<\/li>\n<li>Su estuche protege del polvo, ara\u00f1azos y golpes<\/li>\n<li>Dise\u00f1o atractivo y decorativo para tu iPhone.<\/li>\n<\/ul>\n","protected":false},"featured_media":3725,"comment_status":"open","ping_status":"closed","template":"","meta":{"_joinchat":[]},"product_cat":[280],"product_tag":[],"class_list":{"0":"post-3723","1":"product","2":"type-product","3":"status-publish","4":"has-post-thumbnail","6":"product_cat-accesorios-iphone-accesorios-iphone","8":"first","9":"instock","10":"sale","11":"shipping-taxable","12":"purchasable","13":"product-type-simple"},"_links":{"self":[{"href":"https:\/\/jobstore.cl\/index.php\/wp-json\/wp\/v2\/product\/3723","targetHints":{"allow":["GET"]}}],"collection":[{"href":"https:\/\/jobstore.cl\/index.php\/wp-json\/wp\/v2\/product"}],"about":[{"href":"https:\/\/jobstore.cl\/index.php\/wp-json\/wp\/v2\/types\/product"}],"replies":[{"embeddable":true,"href":"https:\/\/jobstore.cl\/index.php\/wp-json\/wp\/v2\/comments?post=3723"}],"version-history":[{"count":5,"href":"https:\/\/jobstore.cl\/index.php\/wp-json\/wp\/v2\/product\/3723\/revisions"}],"predecessor-version":[{"id":13421,"href":"https:\/\/jobstore.cl\/index.php\/wp-json\/wp\/v2\/product\/3723\/revisions\/13421"}],"wp:featuredmedia":[{"embeddable":true,"href":"https:\/\/jobstore.cl\/index.php\/wp-json\/wp\/v2\/media\/3725"}],"wp:attachment":[{"href":"https:\/\/jobstore.cl\/index.php\/wp-json\/wp\/v2\/media?parent=3723"}],"wp:term":[{"taxonomy":"product_cat","embeddable":true,"href":"https:\/\/jobstore.cl\/index.php\/wp-json\/wp\/v2\/product_cat?post=3723"},{"taxonomy":"product_tag","embeddable":true,"href":"https:\/\/jobstore.cl\/index.php\/wp-json\/wp\/v2\/product_tag?post=3723"}],"curies":[{"name":"wp","href":"https:\/\/api.w.org\/{rel}","templated":true}]}}