{"id":3599,"date":"2021-11-18T15:44:18","date_gmt":"2021-11-18T18:44:18","guid":{"rendered":"https:\/\/jobstore.cl\/?post_type=product&#038;p=3599"},"modified":"2025-02-18T17:32:28","modified_gmt":"2025-02-18T20:32:28","slug":"cable-de-seguridad-para-ordenador-portatil","status":"publish","type":"product","link":"https:\/\/jobstore.cl\/index.php\/product\/cable-de-seguridad-para-ordenador-portatil\/","title":{"rendered":"Cable de Seguridad para Computador Port\u00e1til o de Escritorio"},"content":{"rendered":"<p>Cable de seguridad Microsaver\u00ae Safe Pro, Bloqueo de seguridad con llave circular modelo SAFE PRO &#8211; El candado para port\u00e1til m\u00e1s vendido del mundo para tus dispositivos port\u00e1tiles y de sobremesa.<\/p>\n","protected":false},"excerpt":{"rendered":"<p>Cable de seguridad Microsaver\u00ae Safe Pro, Bloqueo de seguridad con llave circular modelo SAFE PRO &#8211; El candado para port\u00e1til m\u00e1s vendido del mundo para tus<span class=\"excerpt-hellip\"> [\u2026]<\/span><\/p>\n","protected":false},"featured_media":3600,"comment_status":"open","ping_status":"closed","template":"","meta":{"_joinchat":[]},"product_cat":[192,329,191],"product_tag":[338],"class_list":{"0":"post-3599","1":"product","2":"type-product","3":"status-publish","4":"has-post-thumbnail","6":"product_brand-kensington","7":"product_cat-accesorios","8":"product_cat-accesorios-air","9":"product_cat-pro","10":"product_tag-k64021f","12":"first","13":"instock","14":"shipping-taxable","15":"purchasable","16":"product-type-simple"},"_links":{"self":[{"href":"https:\/\/jobstore.cl\/index.php\/wp-json\/wp\/v2\/product\/3599","targetHints":{"allow":["GET"]}}],"collection":[{"href":"https:\/\/jobstore.cl\/index.php\/wp-json\/wp\/v2\/product"}],"about":[{"href":"https:\/\/jobstore.cl\/index.php\/wp-json\/wp\/v2\/types\/product"}],"replies":[{"embeddable":true,"href":"https:\/\/jobstore.cl\/index.php\/wp-json\/wp\/v2\/comments?post=3599"}],"version-history":[{"count":3,"href":"https:\/\/jobstore.cl\/index.php\/wp-json\/wp\/v2\/product\/3599\/revisions"}],"predecessor-version":[{"id":13436,"href":"https:\/\/jobstore.cl\/index.php\/wp-json\/wp\/v2\/product\/3599\/revisions\/13436"}],"wp:featuredmedia":[{"embeddable":true,"href":"https:\/\/jobstore.cl\/index.php\/wp-json\/wp\/v2\/media\/3600"}],"wp:attachment":[{"href":"https:\/\/jobstore.cl\/index.php\/wp-json\/wp\/v2\/media?parent=3599"}],"wp:term":[{"taxonomy":"product_cat","embeddable":true,"href":"https:\/\/jobstore.cl\/index.php\/wp-json\/wp\/v2\/product_cat?post=3599"},{"taxonomy":"product_tag","embeddable":true,"href":"https:\/\/jobstore.cl\/index.php\/wp-json\/wp\/v2\/product_tag?post=3599"}],"curies":[{"name":"wp","href":"https:\/\/api.w.org\/{rel}","templated":true}]}}