{"id":3485,"date":"2021-11-17T19:33:00","date_gmt":"2021-11-17T22:33:00","guid":{"rendered":"https:\/\/jobstore.cl\/?post_type=product&#038;p=3485"},"modified":"2023-03-16T18:59:41","modified_gmt":"2023-03-16T21:59:41","slug":"loop-para-ipod-touch-black","status":"publish","type":"product","link":"https:\/\/jobstore.cl\/index.php\/product\/loop-para-ipod-touch-black\/","title":{"rendered":"Loop para iPod Touch &#8211; Color Negro"},"content":{"rendered":"<p>El <b>iPod touch loop<\/b> es una manera nueva y colorida de tener tu <b>iPod touch<\/b> a la mano. Esta correa mantendr\u00e1 seguro a tu <b>iPod touch<\/b>, de modo que no tendr\u00e1s que preocuparte si se resbala, se cae o le pase algo, como por ejemplo cuando est\u00e9s bailando al ritmo de la m\u00fasica sin pensar. Elige entre cinco colores. El iPod touch loop viene en un paquete de dos: uno en un color, y otro en blanco.<\/p>\n","protected":false},"excerpt":{"rendered":"<ul>\n<li>Las correas se venden en paquetes de a dos. Cada paquete contiene una correa que hace juego con el iPod touch en negro, rosa, amarillo, azul o rojo, adem\u00e1s de una correa blanca. La correa es f\u00e1cil de atar y desatar. Simplemente presiona el bot\u00f3n en la parte trasera, desliza la correa sobre ella, dale un peque\u00f1o tir\u00f3n a la correa, y listo.<\/li>\n<\/ul>\n<ul>\n<li>En la caja vienen dos correas: una del color que elijas, y otra en blanco.<\/li>\n<\/ul>\n","protected":false},"featured_media":3487,"comment_status":"open","ping_status":"closed","template":"","meta":{"_joinchat":[]},"product_cat":[192,202],"product_tag":[333],"class_list":{"0":"post-3485","1":"product","2":"type-product","3":"status-publish","4":"has-post-thumbnail","6":"product_cat-accesorios","7":"product_cat-ipod","8":"product_tag-md971zm-a","10":"first","11":"instock","12":"sale","13":"shipping-taxable","14":"purchasable","15":"product-type-simple"},"_links":{"self":[{"href":"https:\/\/jobstore.cl\/index.php\/wp-json\/wp\/v2\/product\/3485","targetHints":{"allow":["GET"]}}],"collection":[{"href":"https:\/\/jobstore.cl\/index.php\/wp-json\/wp\/v2\/product"}],"about":[{"href":"https:\/\/jobstore.cl\/index.php\/wp-json\/wp\/v2\/types\/product"}],"replies":[{"embeddable":true,"href":"https:\/\/jobstore.cl\/index.php\/wp-json\/wp\/v2\/comments?post=3485"}],"version-history":[{"count":5,"href":"https:\/\/jobstore.cl\/index.php\/wp-json\/wp\/v2\/product\/3485\/revisions"}],"predecessor-version":[{"id":13451,"href":"https:\/\/jobstore.cl\/index.php\/wp-json\/wp\/v2\/product\/3485\/revisions\/13451"}],"wp:featuredmedia":[{"embeddable":true,"href":"https:\/\/jobstore.cl\/index.php\/wp-json\/wp\/v2\/media\/3487"}],"wp:attachment":[{"href":"https:\/\/jobstore.cl\/index.php\/wp-json\/wp\/v2\/media?parent=3485"}],"wp:term":[{"taxonomy":"product_cat","embeddable":true,"href":"https:\/\/jobstore.cl\/index.php\/wp-json\/wp\/v2\/product_cat?post=3485"},{"taxonomy":"product_tag","embeddable":true,"href":"https:\/\/jobstore.cl\/index.php\/wp-json\/wp\/v2\/product_tag?post=3485"}],"curies":[{"name":"wp","href":"https:\/\/api.w.org\/{rel}","templated":true}]}}