{"id":3472,"date":"2021-11-17T13:53:44","date_gmt":"2021-11-17T16:53:44","guid":{"rendered":"https:\/\/jobstore.cl\/?post_type=product&#038;p=3472"},"modified":"2024-01-04T15:03:07","modified_gmt":"2024-01-04T18:03:07","slug":"magic-mouse-inalambrico-white","status":"publish","type":"product","link":"https:\/\/jobstore.cl\/index.php\/product\/magic-mouse-inalambrico-white\/","title":{"rendered":"Magic Mouse Apple Inal\u00e1mbrico &#8211; Color Blanco"},"content":{"rendered":"<p>El Magic Mouse es inal\u00e1mbrico y recargable, y tiene una base con un dise\u00f1o optimizado que te permite moverlo f\u00e1cilmente por todo el escritorio. Adem\u00e1s, la superficie Multi-Touch te permite hacer gestos sencillos para pasar de una p\u00e1gina web a otra y desplazarte por documentos.<\/p>\n<p>La bater\u00eda integrada es incre\u00edblemente duradera, lo que hace que el Magic Mouse funcione durante un mes o m\u00e1s con una sola carga. Est\u00e1 listo para usarse desde el primer d\u00eda y se conecta a tu Mac de forma autom\u00e1tica. Incluye un cable tejido de USB-C a Lightning que te permite enlazar y cargar desde el puerto USB-C en tu Mac.<\/p>\n<span style='display:inline;'><input type='hidden' bg_collapse_expand='69f4e3f3c7e3f4081333159' value='69f4e3f3c7e3f4081333159'><input type='hidden' id='bg-show-more-text-69f4e3f3c7e3f4081333159' value='Ver Mas'><input type='hidden' id='bg-show-less-text-69f4e3f3c7e3f4081333159' value='Ver Menos'><a id='bg-showmore-action-69f4e3f3c7e3f4081333159' class='bg-showmore-plg-link  '  style=\" color:#FF0000;\" href='#'>Ver Mas<\/a><span id='bg-showmore-hidden-69f4e3f3c7e3f4081333159' ><\/p>\n<p><!--more--><\/p>\n<table>\n<tbody>\n<tr>\n<td><strong>Incluye<\/strong><\/td>\n<td>\n<div class=\"para-list\">\n<p>Magic Mouse\u00a0de Apple<\/p>\n<\/div>\n<div class=\"para-list as-pdp-lastparalist\">\n<p>Cable Lightning a USB-C<\/p>\n<p>\u00a0<\/p>\n<\/div>\n<\/td>\n<\/tr>\n<tr>\n<td><strong>Especificaciones<\/strong><\/td>\n<td>\n<h4 class=\"h4-para-title\">Tama\u00f1o y peso<\/h4>\n<div class=\"para-list\">\n<p>Alto: 2,16\u00a0cm<\/p>\n<\/div>\n<div class=\"para-list as-pdp-lastparalist\">\n<p>Ancho: 5,71\u00a0cm<\/p>\n<\/div>\n<div class=\"para-list\">\n<p>Profundidad: 11,35\u00a0cm<\/p>\n<\/div>\n<div class=\"para-list as-pdp-lastparalist\">\n<p>Peso: 99\u00a0g<\/p>\n<\/div>\n<h4 class=\"h4-para-title\">General<\/h4>\n<div class=\"para-list as-pdp-lastparalist\">\n<p>Multi-Touch<\/p>\n<\/div>\n<h4 class=\"h4-para-title\">Conexiones y expansi\u00f3n<\/h4>\n<div class=\"para-list\">\n<p>Bluetooth<\/p>\n<\/div>\n<div class=\"para-list\">\n<p>Puerto Lightning<\/p>\n<\/div>\n<div class=\"para-list as-pdp-lastparalist\">\n<p>Tecnolog\u00eda inal\u00e1mbrica<\/p>\n<p>\u00a0<\/p>\n<\/div>\n<\/td>\n<\/tr>\n<tr>\n<td><strong>Requisitos de sistema<\/strong><\/td>\n<td>\n<div class=\"para-list\">\n<p>Computador Mac con macOS 10.11 o posterior y Bluetooth<\/p>\n<p>iPad con iPadOS 13.4 o posterior<\/p>\n<\/div>\n<\/td>\n<\/tr>\n<\/tbody>\n<\/table>\n<p><\/span><\/span>\n<p>\u00a0<\/p>\n","protected":false},"excerpt":{"rendered":"<p>El Magic Mouse es inal\u00e1mbrico y recargable, y tiene una base con un dise\u00f1o optimizado que te permite moverlo f\u00e1cilmente por todo el escritorio. Adem\u00e1s, la<span class=\"excerpt-hellip\"> [\u2026]<\/span><\/p>\n","protected":false},"featured_media":3474,"comment_status":"open","ping_status":"closed","template":"","meta":{"_joinchat":[]},"product_cat":[192,329,283,247,200,69],"product_tag":[331],"class_list":{"0":"post-3472","1":"product","2":"type-product","3":"status-publish","4":"has-post-thumbnail","6":"product_brand-apple","7":"product_cat-accesorios","8":"product_cat-accesorios-air","9":"product_cat-accesorios-ipad","10":"product_cat-escritorio","11":"product_cat-imac","12":"product_cat-mac","13":"product_tag-mk2e3am-a","15":"first","16":"outofstock","17":"shipping-taxable","18":"purchasable","19":"product-type-simple"},"_links":{"self":[{"href":"https:\/\/jobstore.cl\/index.php\/wp-json\/wp\/v2\/product\/3472","targetHints":{"allow":["GET"]}}],"collection":[{"href":"https:\/\/jobstore.cl\/index.php\/wp-json\/wp\/v2\/product"}],"about":[{"href":"https:\/\/jobstore.cl\/index.php\/wp-json\/wp\/v2\/types\/product"}],"replies":[{"embeddable":true,"href":"https:\/\/jobstore.cl\/index.php\/wp-json\/wp\/v2\/comments?post=3472"}],"version-history":[{"count":7,"href":"https:\/\/jobstore.cl\/index.php\/wp-json\/wp\/v2\/product\/3472\/revisions"}],"predecessor-version":[{"id":13573,"href":"https:\/\/jobstore.cl\/index.php\/wp-json\/wp\/v2\/product\/3472\/revisions\/13573"}],"wp:featuredmedia":[{"embeddable":true,"href":"https:\/\/jobstore.cl\/index.php\/wp-json\/wp\/v2\/media\/3474"}],"wp:attachment":[{"href":"https:\/\/jobstore.cl\/index.php\/wp-json\/wp\/v2\/media?parent=3472"}],"wp:term":[{"taxonomy":"product_cat","embeddable":true,"href":"https:\/\/jobstore.cl\/index.php\/wp-json\/wp\/v2\/product_cat?post=3472"},{"taxonomy":"product_tag","embeddable":true,"href":"https:\/\/jobstore.cl\/index.php\/wp-json\/wp\/v2\/product_tag?post=3472"}],"curies":[{"name":"wp","href":"https:\/\/api.w.org\/{rel}","templated":true}]}}