{"id":3457,"date":"2021-11-17T12:56:32","date_gmt":"2021-11-17T15:56:32","guid":{"rendered":"https:\/\/jobstore.cl\/?post_type=product&#038;p=3457"},"modified":"2026-03-07T12:30:12","modified_gmt":"2026-03-07T15:30:12","slug":"protector-de-pantalla-de-cristal-para-iphone-13-13-pro","status":"publish","type":"product","link":"https:\/\/jobstore.cl\/index.php\/product\/protector-de-pantalla-de-cristal-para-iphone-13-13-pro\/","title":{"rendered":"Vidrio Templado HD para iPhone 13 \/ 13 Pro"},"content":{"rendered":"<p>El aumento de fuerza, durabilidad y resistencia al rayado proviene de nuestra tecnolog\u00eda de intercambio i\u00f3nico que mejora la compresi\u00f3n de la superficie. Invisible Shield Glass Elite contiene propiedades antimicrobianas que protegen el protector de pantalla al inhibir el crecimiento de bacterias que causan olores y protegen contra la degradaci\u00f3n de los microorganismos. ClearPrint es un revolucionario tratamiento de dispersi\u00f3n de aceite, exclusivo de Glass Elite, que hace que las huellas dactilares sean casi invisibles. Los bordes reforzados evitan que las astillas y las grietas comiencen y se extiendan.<\/p>\n","protected":false},"excerpt":{"rendered":"<ul>\n<li>Potente protecci\u00f3n contra impactos.<\/li>\n<li>Compatible con iPhone 13 \/ iPhone 13 Pro.<\/li>\n<\/ul>\n","protected":false},"featured_media":3459,"comment_status":"open","ping_status":"closed","template":"","meta":{"_joinchat":[]},"product_cat":[280,394,395,611],"product_tag":[],"class_list":{"0":"post-3457","1":"product","2":"type-product","3":"status-publish","4":"has-post-thumbnail","6":"product_brand-dotfes","7":"product_cat-accesorios-iphone-accesorios-iphone","8":"product_cat-iphone-13","9":"product_cat-iphone-13-pro","10":"product_cat-tempered-glass","12":"first","13":"instock","14":"sale","15":"shipping-taxable","16":"purchasable","17":"product-type-simple"},"_links":{"self":[{"href":"https:\/\/jobstore.cl\/index.php\/wp-json\/wp\/v2\/product\/3457","targetHints":{"allow":["GET"]}}],"collection":[{"href":"https:\/\/jobstore.cl\/index.php\/wp-json\/wp\/v2\/product"}],"about":[{"href":"https:\/\/jobstore.cl\/index.php\/wp-json\/wp\/v2\/types\/product"}],"replies":[{"embeddable":true,"href":"https:\/\/jobstore.cl\/index.php\/wp-json\/wp\/v2\/comments?post=3457"}],"version-history":[{"count":11,"href":"https:\/\/jobstore.cl\/index.php\/wp-json\/wp\/v2\/product\/3457\/revisions"}],"predecessor-version":[{"id":15735,"href":"https:\/\/jobstore.cl\/index.php\/wp-json\/wp\/v2\/product\/3457\/revisions\/15735"}],"wp:featuredmedia":[{"embeddable":true,"href":"https:\/\/jobstore.cl\/index.php\/wp-json\/wp\/v2\/media\/3459"}],"wp:attachment":[{"href":"https:\/\/jobstore.cl\/index.php\/wp-json\/wp\/v2\/media?parent=3457"}],"wp:term":[{"taxonomy":"product_cat","embeddable":true,"href":"https:\/\/jobstore.cl\/index.php\/wp-json\/wp\/v2\/product_cat?post=3457"},{"taxonomy":"product_tag","embeddable":true,"href":"https:\/\/jobstore.cl\/index.php\/wp-json\/wp\/v2\/product_tag?post=3457"}],"curies":[{"name":"wp","href":"https:\/\/api.w.org\/{rel}","templated":true}]}}