{"id":3453,"date":"2021-11-17T13:19:41","date_gmt":"2021-11-17T16:19:41","guid":{"rendered":"https:\/\/jobstore.cl\/?post_type=product&#038;p=3453"},"modified":"2023-03-16T13:48:14","modified_gmt":"2023-03-16T16:48:14","slug":"cubre-lente-para-camaras-antiespias","status":"publish","type":"product","link":"https:\/\/jobstore.cl\/index.php\/product\/cubre-lente-para-camaras-antiespias\/","title":{"rendered":"Cubre Lente para C\u00e1maras Antiesp\u00edas"},"content":{"rendered":"<p>Cubierta de c\u00e1mara Web antiesp\u00eda para iPad, PC, Web, iPhone, port\u00e1til, Macbook, tableta, lentes; permitiendo proteger tu privacidad.<\/p>\n","protected":false},"excerpt":{"rendered":"<p>Cubierta de c\u00e1mara Web antiesp\u00eda para iPad, PC, Web, iPhone, port\u00e1til, Macbook, tableta, lentes; permitiendo proteger tu privacidad.<\/p>\n","protected":false},"featured_media":3468,"comment_status":"open","ping_status":"closed","template":"","meta":{"_joinchat":[]},"product_cat":[192,329,283,280],"product_tag":[],"class_list":{"0":"post-3453","1":"product","2":"type-product","3":"status-publish","4":"has-post-thumbnail","6":"product_cat-accesorios","7":"product_cat-accesorios-air","8":"product_cat-accesorios-ipad","9":"product_cat-accesorios-iphone-accesorios-iphone","11":"first","12":"instock","13":"sale","14":"shipping-taxable","15":"purchasable","16":"product-type-simple"},"_links":{"self":[{"href":"https:\/\/jobstore.cl\/index.php\/wp-json\/wp\/v2\/product\/3453","targetHints":{"allow":["GET"]}}],"collection":[{"href":"https:\/\/jobstore.cl\/index.php\/wp-json\/wp\/v2\/product"}],"about":[{"href":"https:\/\/jobstore.cl\/index.php\/wp-json\/wp\/v2\/types\/product"}],"replies":[{"embeddable":true,"href":"https:\/\/jobstore.cl\/index.php\/wp-json\/wp\/v2\/comments?post=3453"}],"version-history":[{"count":4,"href":"https:\/\/jobstore.cl\/index.php\/wp-json\/wp\/v2\/product\/3453\/revisions"}],"predecessor-version":[{"id":13220,"href":"https:\/\/jobstore.cl\/index.php\/wp-json\/wp\/v2\/product\/3453\/revisions\/13220"}],"wp:featuredmedia":[{"embeddable":true,"href":"https:\/\/jobstore.cl\/index.php\/wp-json\/wp\/v2\/media\/3468"}],"wp:attachment":[{"href":"https:\/\/jobstore.cl\/index.php\/wp-json\/wp\/v2\/media?parent=3453"}],"wp:term":[{"taxonomy":"product_cat","embeddable":true,"href":"https:\/\/jobstore.cl\/index.php\/wp-json\/wp\/v2\/product_cat?post=3453"},{"taxonomy":"product_tag","embeddable":true,"href":"https:\/\/jobstore.cl\/index.php\/wp-json\/wp\/v2\/product_tag?post=3453"}],"curies":[{"name":"wp","href":"https:\/\/api.w.org\/{rel}","templated":true}]}}