{"id":3444,"date":"2021-11-16T20:26:31","date_gmt":"2021-11-16T23:26:31","guid":{"rendered":"https:\/\/jobstore.cl\/?post_type=product&#038;p=3444"},"modified":"2023-03-23T10:08:50","modified_gmt":"2023-03-23T13:08:50","slug":"protector-de-teclado-para-macbook-air-de-13-2","status":"publish","type":"product","link":"https:\/\/jobstore.cl\/index.php\/product\/protector-de-teclado-para-macbook-air-de-13-2\/","title":{"rendered":"Protector de Teclado de Goma para MacBook Air de 13\u201d &#8211; Color Morado"},"content":{"rendered":"<p>Dise\u00f1o \u00fanico de ipearl para hacer que tu MacBook Air de 13\u201d sea m\u00e1s elegante, gracias a su protector de teclado ultradelgado.<\/p>\n","protected":false},"excerpt":{"rendered":"<ul>\n<li>Protege el teclado de tu computadora port\u00e1til del polvo, derrames y otros contratiempos.<\/li>\n<li>Su construcci\u00f3n delgada y flexible proporciona una vista clara de las teclas y amortigua el sonido de las pulsaciones de teclas.<\/li>\n<li>Desmontable y lavable. Se puede limpiar f\u00e1cilmente para evitar la propagaci\u00f3n de g\u00e9rmenes.<\/li>\n<li>Ajuste personalizado para MacBook Air de 13\u201d.<\/li>\n<li>Mantiene la sensaci\u00f3n de escritura natural, suave en los dedos.<\/li>\n<li>No incluye letra \u00d1 (Teclado americano).<\/li>\n<\/ul>\n","protected":false},"featured_media":3446,"comment_status":"open","ping_status":"closed","template":"","meta":{"_joinchat":[]},"product_cat":[192,329],"product_tag":[],"class_list":{"0":"post-3444","1":"product","2":"type-product","3":"status-publish","4":"has-post-thumbnail","6":"product_cat-accesorios","7":"product_cat-accesorios-air","9":"first","10":"instock","11":"sale","12":"shipping-taxable","13":"purchasable","14":"product-type-simple"},"_links":{"self":[{"href":"https:\/\/jobstore.cl\/index.php\/wp-json\/wp\/v2\/product\/3444","targetHints":{"allow":["GET"]}}],"collection":[{"href":"https:\/\/jobstore.cl\/index.php\/wp-json\/wp\/v2\/product"}],"about":[{"href":"https:\/\/jobstore.cl\/index.php\/wp-json\/wp\/v2\/types\/product"}],"replies":[{"embeddable":true,"href":"https:\/\/jobstore.cl\/index.php\/wp-json\/wp\/v2\/comments?post=3444"}],"version-history":[{"count":3,"href":"https:\/\/jobstore.cl\/index.php\/wp-json\/wp\/v2\/product\/3444\/revisions"}],"predecessor-version":[{"id":13622,"href":"https:\/\/jobstore.cl\/index.php\/wp-json\/wp\/v2\/product\/3444\/revisions\/13622"}],"wp:featuredmedia":[{"embeddable":true,"href":"https:\/\/jobstore.cl\/index.php\/wp-json\/wp\/v2\/media\/3446"}],"wp:attachment":[{"href":"https:\/\/jobstore.cl\/index.php\/wp-json\/wp\/v2\/media?parent=3444"}],"wp:term":[{"taxonomy":"product_cat","embeddable":true,"href":"https:\/\/jobstore.cl\/index.php\/wp-json\/wp\/v2\/product_cat?post=3444"},{"taxonomy":"product_tag","embeddable":true,"href":"https:\/\/jobstore.cl\/index.php\/wp-json\/wp\/v2\/product_tag?post=3444"}],"curies":[{"name":"wp","href":"https:\/\/api.w.org\/{rel}","templated":true}]}}