{"id":3400,"date":"2021-11-16T16:44:08","date_gmt":"2021-11-16T19:44:08","guid":{"rendered":"https:\/\/jobstore.cl\/?post_type=product&#038;p=3400"},"modified":"2023-03-31T09:58:36","modified_gmt":"2023-03-31T12:58:36","slug":"protector-de-teclado-ultradelgado-y-antibacterial-para-macbook-de-12-transparente","status":"publish","type":"product","link":"https:\/\/jobstore.cl\/index.php\/product\/protector-de-teclado-ultradelgado-y-antibacterial-para-macbook-de-12-transparente\/","title":{"rendered":"Protector de Teclado de Goma Ultra Delgado y Antibacterial para MacBook Air de 12\u201d &#8211; Transparente"},"content":{"rendered":"<p>Dise\u00f1o \u00fanico de ipearl para hacer que tu MacBook de 12&#8243; sea m\u00e1s elegante, gracias a su protector de teclado ultradelgado y antibacterial.<\/p>\n","protected":false},"excerpt":{"rendered":"<ul>\n<li>Protege el teclado de tu computadora port\u00e1til del polvo, derrames y otros contratiempos.<\/li>\n<li>Su construcci\u00f3n delgada y flexible proporciona una vista clara de las teclas y amortigua el sonido de las pulsaciones de teclas.<\/li>\n<li>Desmontable y lavable. Se puede limpiar f\u00e1cilmente para evitar la propagaci\u00f3n de g\u00e9rmenes.<\/li>\n<li>Ajuste personalizado para MacBook Pro 12&#8243;.<\/li>\n<li>Mantiene la sensaci\u00f3n de escritura natural, suave en los dedos.<\/li>\n<li>Ultradelgado y antibacterial.<\/li>\n<\/ul>\n","protected":false},"featured_media":3402,"comment_status":"open","ping_status":"closed","template":"","meta":{"_joinchat":[]},"product_cat":[192,191],"product_tag":[],"class_list":{"0":"post-3400","1":"product","2":"type-product","3":"status-publish","4":"has-post-thumbnail","6":"product_cat-accesorios","7":"product_cat-pro","9":"first","10":"instock","11":"sale","12":"shipping-taxable","13":"purchasable","14":"product-type-simple"},"_links":{"self":[{"href":"https:\/\/jobstore.cl\/index.php\/wp-json\/wp\/v2\/product\/3400","targetHints":{"allow":["GET"]}}],"collection":[{"href":"https:\/\/jobstore.cl\/index.php\/wp-json\/wp\/v2\/product"}],"about":[{"href":"https:\/\/jobstore.cl\/index.php\/wp-json\/wp\/v2\/types\/product"}],"replies":[{"embeddable":true,"href":"https:\/\/jobstore.cl\/index.php\/wp-json\/wp\/v2\/comments?post=3400"}],"version-history":[{"count":6,"href":"https:\/\/jobstore.cl\/index.php\/wp-json\/wp\/v2\/product\/3400\/revisions"}],"predecessor-version":[{"id":13811,"href":"https:\/\/jobstore.cl\/index.php\/wp-json\/wp\/v2\/product\/3400\/revisions\/13811"}],"wp:featuredmedia":[{"embeddable":true,"href":"https:\/\/jobstore.cl\/index.php\/wp-json\/wp\/v2\/media\/3402"}],"wp:attachment":[{"href":"https:\/\/jobstore.cl\/index.php\/wp-json\/wp\/v2\/media?parent=3400"}],"wp:term":[{"taxonomy":"product_cat","embeddable":true,"href":"https:\/\/jobstore.cl\/index.php\/wp-json\/wp\/v2\/product_cat?post=3400"},{"taxonomy":"product_tag","embeddable":true,"href":"https:\/\/jobstore.cl\/index.php\/wp-json\/wp\/v2\/product_tag?post=3400"}],"curies":[{"name":"wp","href":"https:\/\/api.w.org\/{rel}","templated":true}]}}