{"id":3367,"date":"2021-11-16T14:30:07","date_gmt":"2021-11-16T17:30:07","guid":{"rendered":"https:\/\/jobstore.cl\/?post_type=product&#038;p=3367"},"modified":"2023-03-20T12:37:03","modified_gmt":"2023-03-20T15:37:03","slug":"protector-de-teclado-para-macbook-air-13-gris","status":"publish","type":"product","link":"https:\/\/jobstore.cl\/index.php\/product\/protector-de-teclado-para-macbook-air-13-gris\/","title":{"rendered":"Protector de Teclado de Goma para MacBook Air 13&#8243; &#8211; Color Gris"},"content":{"rendered":"<p>Dise\u00f1o \u00fanico de ipearl para hacer que tu MacBook sea m\u00e1s elegante.<\/p>\n<p>&nbsp;<\/p>\n","protected":false},"excerpt":{"rendered":"<ul>\n<li>Protege el teclado de su computadora port\u00e1til del polvo, derrames y otros contratiempos.<\/li>\n<li>Su construcci\u00f3n delgada y flexible proporciona una vista clara de las teclas y amortigua el sonido de las pulsaciones de teclas.<\/li>\n<li>Desmontable y lavable. Se puede limpiar f\u00e1cilmente para evitar la propagaci\u00f3n de g\u00e9rmenes.<\/li>\n<li>Ajuste personalizado para MacBook 13&#8243;.<\/li>\n<li>Mantiene la sensaci\u00f3n de escritura natural, suave en los dedos.<\/li>\n<li>No incluye letra \u00d1 (Teclado americano)<\/li>\n<\/ul>\n","protected":false},"featured_media":3371,"comment_status":"open","ping_status":"closed","template":"","meta":{"_joinchat":[]},"product_cat":[192,329],"product_tag":[],"class_list":{"0":"post-3367","1":"product","2":"type-product","3":"status-publish","4":"has-post-thumbnail","6":"product_cat-accesorios","7":"product_cat-accesorios-air","9":"first","10":"instock","11":"sale","12":"shipping-taxable","13":"purchasable","14":"product-type-simple"},"_links":{"self":[{"href":"https:\/\/jobstore.cl\/index.php\/wp-json\/wp\/v2\/product\/3367","targetHints":{"allow":["GET"]}}],"collection":[{"href":"https:\/\/jobstore.cl\/index.php\/wp-json\/wp\/v2\/product"}],"about":[{"href":"https:\/\/jobstore.cl\/index.php\/wp-json\/wp\/v2\/types\/product"}],"replies":[{"embeddable":true,"href":"https:\/\/jobstore.cl\/index.php\/wp-json\/wp\/v2\/comments?post=3367"}],"version-history":[{"count":6,"href":"https:\/\/jobstore.cl\/index.php\/wp-json\/wp\/v2\/product\/3367\/revisions"}],"predecessor-version":[{"id":13562,"href":"https:\/\/jobstore.cl\/index.php\/wp-json\/wp\/v2\/product\/3367\/revisions\/13562"}],"wp:featuredmedia":[{"embeddable":true,"href":"https:\/\/jobstore.cl\/index.php\/wp-json\/wp\/v2\/media\/3371"}],"wp:attachment":[{"href":"https:\/\/jobstore.cl\/index.php\/wp-json\/wp\/v2\/media?parent=3367"}],"wp:term":[{"taxonomy":"product_cat","embeddable":true,"href":"https:\/\/jobstore.cl\/index.php\/wp-json\/wp\/v2\/product_cat?post=3367"},{"taxonomy":"product_tag","embeddable":true,"href":"https:\/\/jobstore.cl\/index.php\/wp-json\/wp\/v2\/product_tag?post=3367"}],"curies":[{"name":"wp","href":"https:\/\/api.w.org\/{rel}","templated":true}]}}