{"id":3336,"date":"2021-11-15T20:52:52","date_gmt":"2021-11-15T23:52:52","guid":{"rendered":"https:\/\/jobstore.cl\/?post_type=product&#038;p=3336"},"modified":"2023-03-20T12:36:22","modified_gmt":"2023-03-20T15:36:22","slug":"protector-de-teclado-para-macbook-air-11-6-azul","status":"publish","type":"product","link":"https:\/\/jobstore.cl\/index.php\/product\/protector-de-teclado-para-macbook-air-11-6-azul\/","title":{"rendered":"Protector de Teclado de Goma para MacBook Air 11.6\u201d &#8211; Color Azul"},"content":{"rendered":"<p>El protector de teclado m\u00e1s delgado y claro, fabricado con termopl\u00e1stico de gran calidad, duradero y no t\u00f3xico. El cual protege tu teclado contra derrames y grasas.<\/p>\n<p>La moldura de alta precisi\u00f3n se ajusta al 100% a las teclas originales del teclado, lo que permite una respuesta t\u00e1ctil incomparable.<\/p>\n","protected":false},"excerpt":{"rendered":"<ul>\n<li>Un moldeado de alta precisi\u00f3n permite una respuesta t\u00e1ctil incomparable.<\/li>\n<li>Fabricado con un uretano termopl\u00e1stico de calidad de ingenier\u00eda durable y no t\u00f3xico.<\/li>\n<li>Completamente lavable y reutilizable.<\/li>\n<li>Mide 0.1mm del grosor (un quinto del grosor de los protectores de silicone).<\/li>\n<li>La pel\u00edcula de alta transparencia permite ver el brillo de las teclas retroilimunadas.<\/li>\n<li>Teclado ingl\u00e9s (no incluye \u00d1)<\/li>\n<\/ul>\n","protected":false},"featured_media":3340,"comment_status":"open","ping_status":"closed","template":"","meta":{"_joinchat":[]},"product_cat":[190],"product_tag":[],"class_list":{"0":"post-3336","1":"product","2":"type-product","3":"status-publish","4":"has-post-thumbnail","6":"product_cat-air","8":"first","9":"instock","10":"sale","11":"shipping-taxable","12":"purchasable","13":"product-type-simple"},"_links":{"self":[{"href":"https:\/\/jobstore.cl\/index.php\/wp-json\/wp\/v2\/product\/3336","targetHints":{"allow":["GET"]}}],"collection":[{"href":"https:\/\/jobstore.cl\/index.php\/wp-json\/wp\/v2\/product"}],"about":[{"href":"https:\/\/jobstore.cl\/index.php\/wp-json\/wp\/v2\/types\/product"}],"replies":[{"embeddable":true,"href":"https:\/\/jobstore.cl\/index.php\/wp-json\/wp\/v2\/comments?post=3336"}],"version-history":[{"count":3,"href":"https:\/\/jobstore.cl\/index.php\/wp-json\/wp\/v2\/product\/3336\/revisions"}],"predecessor-version":[{"id":13560,"href":"https:\/\/jobstore.cl\/index.php\/wp-json\/wp\/v2\/product\/3336\/revisions\/13560"}],"wp:featuredmedia":[{"embeddable":true,"href":"https:\/\/jobstore.cl\/index.php\/wp-json\/wp\/v2\/media\/3340"}],"wp:attachment":[{"href":"https:\/\/jobstore.cl\/index.php\/wp-json\/wp\/v2\/media?parent=3336"}],"wp:term":[{"taxonomy":"product_cat","embeddable":true,"href":"https:\/\/jobstore.cl\/index.php\/wp-json\/wp\/v2\/product_cat?post=3336"},{"taxonomy":"product_tag","embeddable":true,"href":"https:\/\/jobstore.cl\/index.php\/wp-json\/wp\/v2\/product_tag?post=3336"}],"curies":[{"name":"wp","href":"https:\/\/api.w.org\/{rel}","templated":true}]}}