{"id":3317,"date":"2021-11-15T15:54:45","date_gmt":"2021-11-15T18:54:45","guid":{"rendered":"https:\/\/jobstore.cl\/?post_type=product&#038;p=3317"},"modified":"2023-03-13T12:04:43","modified_gmt":"2023-03-13T15:04:43","slug":"lamina-protectora-para-macbook-pro-de-13","status":"publish","type":"product","link":"https:\/\/jobstore.cl\/index.php\/product\/lamina-protectora-para-macbook-pro-de-13\/","title":{"rendered":"Protector de Pantalla L\u00e1mina para MacBook Pro de 13\u201d"},"content":{"rendered":"<p>Con el protector de pantalla MacBook Pro de 13 pulgadas, tanto los ara\u00f1azos como la suciedad en tu pantalla pasan. El protector de pantalla es ultra transparente y personalizado para tu Macbook Air de 11\u201d. Gracias al especial anti-reflejo tendr\u00e1s menos problemas como la luz del sol mientras te sientas al aire libre. Adem\u00e1s los ara\u00f1azos y golpes existentes en tu pantalla ya no ser\u00e1n visibles porque esta l\u00e1mina lo filtrar\u00e1 con un nuevo aspecto.<\/p>\n","protected":false},"excerpt":{"rendered":"<p>Con el protector de pantalla MacBook Pro de 13 pulgadas, tanto los ara\u00f1azos como la suciedad en tu pantalla pasan. El protector de pantalla es ultra<span class=\"excerpt-hellip\"> [\u2026]<\/span><\/p>\n","protected":false},"featured_media":3319,"comment_status":"open","ping_status":"closed","template":"","meta":{"_joinchat":[]},"product_cat":[192,191],"product_tag":[],"class_list":{"0":"post-3317","1":"product","2":"type-product","3":"status-publish","4":"has-post-thumbnail","6":"product_cat-accesorios","7":"product_cat-pro","9":"first","10":"instock","11":"sale","12":"shipping-taxable","13":"purchasable","14":"product-type-simple"},"_links":{"self":[{"href":"https:\/\/jobstore.cl\/index.php\/wp-json\/wp\/v2\/product\/3317","targetHints":{"allow":["GET"]}}],"collection":[{"href":"https:\/\/jobstore.cl\/index.php\/wp-json\/wp\/v2\/product"}],"about":[{"href":"https:\/\/jobstore.cl\/index.php\/wp-json\/wp\/v2\/types\/product"}],"replies":[{"embeddable":true,"href":"https:\/\/jobstore.cl\/index.php\/wp-json\/wp\/v2\/comments?post=3317"}],"version-history":[{"count":2,"href":"https:\/\/jobstore.cl\/index.php\/wp-json\/wp\/v2\/product\/3317\/revisions"}],"predecessor-version":[{"id":12899,"href":"https:\/\/jobstore.cl\/index.php\/wp-json\/wp\/v2\/product\/3317\/revisions\/12899"}],"wp:featuredmedia":[{"embeddable":true,"href":"https:\/\/jobstore.cl\/index.php\/wp-json\/wp\/v2\/media\/3319"}],"wp:attachment":[{"href":"https:\/\/jobstore.cl\/index.php\/wp-json\/wp\/v2\/media?parent=3317"}],"wp:term":[{"taxonomy":"product_cat","embeddable":true,"href":"https:\/\/jobstore.cl\/index.php\/wp-json\/wp\/v2\/product_cat?post=3317"},{"taxonomy":"product_tag","embeddable":true,"href":"https:\/\/jobstore.cl\/index.php\/wp-json\/wp\/v2\/product_tag?post=3317"}],"curies":[{"name":"wp","href":"https:\/\/api.w.org\/{rel}","templated":true}]}}