{"id":3306,"date":"2021-11-15T14:51:28","date_gmt":"2021-11-15T17:51:28","guid":{"rendered":"https:\/\/jobstore.cl\/?post_type=product&#038;p=3306"},"modified":"2023-03-13T16:46:01","modified_gmt":"2023-03-13T19:46:01","slug":"protector-de-pantalla-ar-para-macbook-de-11","status":"publish","type":"product","link":"https:\/\/jobstore.cl\/index.php\/product\/protector-de-pantalla-ar-para-macbook-de-11\/","title":{"rendered":"Protector de Pantalla AR para Macbook de 11\u201d"},"content":{"rendered":"<p>Las soluciones de recubrimiento AR son formulaciones l\u00edquidas que permiten la fabricaci\u00f3n de pel\u00edculas antirreflectantes de una sola capa para la parte frontal de las pantallas Oled \/ LCD que disminuyen en gran medida los reflejos de la superficie. Adem\u00e1s, brindan resistencia al desgaste y eliminan el 99% de la radiaci\u00f3n, para aumentar el contraste y permitir colores m\u00e1s brillantes y v\u00edvidos.<\/p>\n","protected":false},"excerpt":{"rendered":"<ul>\n<li>Protege tu pantalla de ara\u00f1azos, suciedad, derrames y polvo.<\/li>\n<li>Fabricado con las mejores materias primas, contra la suciedad y el polvo.<\/li>\n<li>Alta transparencia y protecci\u00f3n contra huellas dactilares.<\/li>\n<li>Se puede quitar sin dejar marcas de residuos.<\/li>\n<li>La instalaci\u00f3n, pr\u00e1cticamente solo toma unos segundos sin dejar burbujas de aire.<\/li>\n<li>Hecha con tecnolog\u00eda avanzada de silicona de adherencia est\u00e1tica que no deja residuos si se quita.<\/li>\n<\/ul>\n","protected":false},"featured_media":3308,"comment_status":"open","ping_status":"closed","template":"","meta":{"_joinchat":[]},"product_cat":[192,191],"product_tag":[],"class_list":{"0":"post-3306","1":"product","2":"type-product","3":"status-publish","4":"has-post-thumbnail","6":"product_cat-accesorios","7":"product_cat-pro","9":"first","10":"instock","11":"sale","12":"shipping-taxable","13":"purchasable","14":"product-type-simple"},"_links":{"self":[{"href":"https:\/\/jobstore.cl\/index.php\/wp-json\/wp\/v2\/product\/3306","targetHints":{"allow":["GET"]}}],"collection":[{"href":"https:\/\/jobstore.cl\/index.php\/wp-json\/wp\/v2\/product"}],"about":[{"href":"https:\/\/jobstore.cl\/index.php\/wp-json\/wp\/v2\/types\/product"}],"replies":[{"embeddable":true,"href":"https:\/\/jobstore.cl\/index.php\/wp-json\/wp\/v2\/comments?post=3306"}],"version-history":[{"count":3,"href":"https:\/\/jobstore.cl\/index.php\/wp-json\/wp\/v2\/product\/3306\/revisions"}],"predecessor-version":[{"id":12944,"href":"https:\/\/jobstore.cl\/index.php\/wp-json\/wp\/v2\/product\/3306\/revisions\/12944"}],"wp:featuredmedia":[{"embeddable":true,"href":"https:\/\/jobstore.cl\/index.php\/wp-json\/wp\/v2\/media\/3308"}],"wp:attachment":[{"href":"https:\/\/jobstore.cl\/index.php\/wp-json\/wp\/v2\/media?parent=3306"}],"wp:term":[{"taxonomy":"product_cat","embeddable":true,"href":"https:\/\/jobstore.cl\/index.php\/wp-json\/wp\/v2\/product_cat?post=3306"},{"taxonomy":"product_tag","embeddable":true,"href":"https:\/\/jobstore.cl\/index.php\/wp-json\/wp\/v2\/product_tag?post=3306"}],"curies":[{"name":"wp","href":"https:\/\/api.w.org\/{rel}","templated":true}]}}