{"id":3266,"date":"2021-11-12T19:10:02","date_gmt":"2021-11-12T22:10:02","guid":{"rendered":"https:\/\/jobstore.cl\/?post_type=product&#038;p=3266"},"modified":"2023-03-16T13:51:20","modified_gmt":"2023-03-16T16:51:20","slug":"smart-cover-carcasa-para-ipad-mini-negro","status":"publish","type":"product","link":"https:\/\/jobstore.cl\/index.php\/product\/smart-cover-carcasa-para-ipad-mini-negro\/","title":{"rendered":"Funda Smart Cover para el iPad Mini &#8211; Color Negro"},"content":{"rendered":"<p>Protege tu equipo de forma completa de ca\u00eddas y golpes. Hecho de materiales resistentes, y as\u00ed obtener la protecci\u00f3n que necesitas. Adem\u00e1s pliega el estuche para afirmar tu iPad de forma horizontal.<\/p>\n<p>El Smart Cover e iPad fueron hechos el uno al otro. Gracias a los imanes integrados, se adaptan perfectamente no solo para proteger, sino tambi\u00e9n para activar, levantar y dar color a tu iPad mini.<\/p>\n","protected":false},"excerpt":{"rendered":"<ul>\n<li>Material poliuretano + micro fibra.<\/li>\n<li>Se engancha magn\u00e9ticamente de forma f\u00e1cil.<\/li>\n<li>Soporte ideal para vista de im\u00e1genes y videos.<\/li>\n<\/ul>\n","protected":false},"featured_media":3269,"comment_status":"open","ping_status":"closed","template":"","meta":{"_joinchat":[]},"product_cat":[283],"product_tag":[],"class_list":{"0":"post-3266","1":"product","2":"type-product","3":"status-publish","4":"has-post-thumbnail","6":"product_cat-accesorios-ipad","8":"first","9":"instock","10":"sale","11":"shipping-taxable","12":"purchasable","13":"product-type-simple"},"_links":{"self":[{"href":"https:\/\/jobstore.cl\/index.php\/wp-json\/wp\/v2\/product\/3266","targetHints":{"allow":["GET"]}}],"collection":[{"href":"https:\/\/jobstore.cl\/index.php\/wp-json\/wp\/v2\/product"}],"about":[{"href":"https:\/\/jobstore.cl\/index.php\/wp-json\/wp\/v2\/types\/product"}],"replies":[{"embeddable":true,"href":"https:\/\/jobstore.cl\/index.php\/wp-json\/wp\/v2\/comments?post=3266"}],"version-history":[{"count":6,"href":"https:\/\/jobstore.cl\/index.php\/wp-json\/wp\/v2\/product\/3266\/revisions"}],"predecessor-version":[{"id":13226,"href":"https:\/\/jobstore.cl\/index.php\/wp-json\/wp\/v2\/product\/3266\/revisions\/13226"}],"wp:featuredmedia":[{"embeddable":true,"href":"https:\/\/jobstore.cl\/index.php\/wp-json\/wp\/v2\/media\/3269"}],"wp:attachment":[{"href":"https:\/\/jobstore.cl\/index.php\/wp-json\/wp\/v2\/media?parent=3266"}],"wp:term":[{"taxonomy":"product_cat","embeddable":true,"href":"https:\/\/jobstore.cl\/index.php\/wp-json\/wp\/v2\/product_cat?post=3266"},{"taxonomy":"product_tag","embeddable":true,"href":"https:\/\/jobstore.cl\/index.php\/wp-json\/wp\/v2\/product_tag?post=3266"}],"curies":[{"name":"wp","href":"https:\/\/api.w.org\/{rel}","templated":true}]}}