{"id":3161,"date":"2021-11-11T16:49:38","date_gmt":"2021-11-11T19:49:38","guid":{"rendered":"https:\/\/jobstore.cl\/?post_type=product&#038;p=3161"},"modified":"2023-03-17T17:19:37","modified_gmt":"2023-03-17T20:19:37","slug":"funda-soft-metallic-plate-para-iphone-7-plus-pink","status":"publish","type":"product","link":"https:\/\/jobstore.cl\/index.php\/product\/funda-soft-metallic-plate-para-iphone-7-plus-pink\/","title":{"rendered":"Carcasa Soft Metallic Plate para iPhone 7 Plus &#8211; Color Rosa"},"content":{"rendered":"<p>La funda Soft Metallic plate de iPearl para iPhone 7 Plus permite que el celular haga cosas que otras fundas restringir\u00edan, dando a tu tel\u00e9fono una mejor protecci\u00f3n. Permite el acceso completo a todos los puertos del dispositivo, ya que tiene un impacto m\u00ednimo en el tama\u00f1o general de \u00e9ste.<span class=\"Apple-converted-space\">\u00a0<\/span><\/p>\n<p>Representa la era cl\u00e1sica con un toque de ingenier\u00eda moderna que proporciona el m\u00e1s alto nivel de protecci\u00f3n para el iPhone, protegiendo tu tel\u00e9fono de da\u00f1os innecesarios, adem\u00e1s de salir con estilo.<\/p>\n","protected":false},"excerpt":{"rendered":"<ul>\n<li>Doble protecci\u00f3n.<\/li>\n<li>Cubierta protectora.<\/li>\n<li>Resistente a los ara\u00f1azos.<\/li>\n<li>Material de alta calidad y resistente.<\/li>\n<\/ul>\n","protected":false},"featured_media":3163,"comment_status":"open","ping_status":"closed","template":"","meta":{"_joinchat":[]},"product_cat":[192,280],"product_tag":[],"class_list":{"0":"post-3161","1":"product","2":"type-product","3":"status-publish","4":"has-post-thumbnail","6":"product_cat-accesorios","7":"product_cat-accesorios-iphone-accesorios-iphone","9":"first","10":"instock","11":"sale","12":"shipping-taxable","13":"purchasable","14":"product-type-simple"},"_links":{"self":[{"href":"https:\/\/jobstore.cl\/index.php\/wp-json\/wp\/v2\/product\/3161","targetHints":{"allow":["GET"]}}],"collection":[{"href":"https:\/\/jobstore.cl\/index.php\/wp-json\/wp\/v2\/product"}],"about":[{"href":"https:\/\/jobstore.cl\/index.php\/wp-json\/wp\/v2\/types\/product"}],"replies":[{"embeddable":true,"href":"https:\/\/jobstore.cl\/index.php\/wp-json\/wp\/v2\/comments?post=3161"}],"version-history":[{"count":6,"href":"https:\/\/jobstore.cl\/index.php\/wp-json\/wp\/v2\/product\/3161\/revisions"}],"predecessor-version":[{"id":13529,"href":"https:\/\/jobstore.cl\/index.php\/wp-json\/wp\/v2\/product\/3161\/revisions\/13529"}],"wp:featuredmedia":[{"embeddable":true,"href":"https:\/\/jobstore.cl\/index.php\/wp-json\/wp\/v2\/media\/3163"}],"wp:attachment":[{"href":"https:\/\/jobstore.cl\/index.php\/wp-json\/wp\/v2\/media?parent=3161"}],"wp:term":[{"taxonomy":"product_cat","embeddable":true,"href":"https:\/\/jobstore.cl\/index.php\/wp-json\/wp\/v2\/product_cat?post=3161"},{"taxonomy":"product_tag","embeddable":true,"href":"https:\/\/jobstore.cl\/index.php\/wp-json\/wp\/v2\/product_tag?post=3161"}],"curies":[{"name":"wp","href":"https:\/\/api.w.org\/{rel}","templated":true}]}}