{"id":3144,"date":"2021-11-11T14:36:03","date_gmt":"2021-11-11T14:36:03","guid":{"rendered":"https:\/\/jobstore.cl\/?post_type=product&#038;p=3144"},"modified":"2022-11-07T09:34:49","modified_gmt":"2022-11-07T12:34:49","slug":"funda-folio-casense-para-ipad-pro-de-105-7","status":"publish","type":"product","link":"https:\/\/jobstore.cl\/index.php\/product\/funda-folio-casense-para-ipad-pro-de-105-7\/","title":{"rendered":"Funda Folio Casense para iPad Pro de 10,5 \u00ab"},"content":{"rendered":"<p>La funda tipo folio Casense ultradelgada y ligera proporciona una protecci\u00f3n elegante para tu iPad Pro de 10,5 pulgadas. Con una cubierta plegable que admite m\u00faltiples \u00e1ngulos de visi\u00f3n y una carcasa de policarbonato duradera, la funda brinda una protecci\u00f3n completa sin restringir el acceso a los botones o la c\u00e1mara del iPad.<\/p>\n","protected":false},"excerpt":{"rendered":"<ul>\n<li>Funda plegable premium<\/li>\n<li>Funcionalidad inteligente para dormir \/ despertar<\/li>\n<li>Dise\u00f1o ultradelgado y ligero<\/li>\n<li>La cubierta se pliega para sujetar el iPad a 30 \u00b0 o 60 \u00b0<\/li>\n<li>Color: Negro<\/li>\n<\/ul>\n","protected":false},"featured_media":3147,"comment_status":"open","ping_status":"closed","template":"","meta":{"_joinchat":[]},"product_cat":[283],"product_tag":[],"class_list":{"0":"post-3144","1":"product","2":"type-product","3":"status-publish","4":"has-post-thumbnail","6":"product_brand-jcpal","7":"product_cat-accesorios-ipad","9":"first","10":"instock","11":"sale","12":"shipping-taxable","13":"purchasable","14":"product-type-simple"},"_links":{"self":[{"href":"https:\/\/jobstore.cl\/index.php\/wp-json\/wp\/v2\/product\/3144","targetHints":{"allow":["GET"]}}],"collection":[{"href":"https:\/\/jobstore.cl\/index.php\/wp-json\/wp\/v2\/product"}],"about":[{"href":"https:\/\/jobstore.cl\/index.php\/wp-json\/wp\/v2\/types\/product"}],"replies":[{"embeddable":true,"href":"https:\/\/jobstore.cl\/index.php\/wp-json\/wp\/v2\/comments?post=3144"}],"version-history":[{"count":3,"href":"https:\/\/jobstore.cl\/index.php\/wp-json\/wp\/v2\/product\/3144\/revisions"}],"predecessor-version":[{"id":3150,"href":"https:\/\/jobstore.cl\/index.php\/wp-json\/wp\/v2\/product\/3144\/revisions\/3150"}],"wp:featuredmedia":[{"embeddable":true,"href":"https:\/\/jobstore.cl\/index.php\/wp-json\/wp\/v2\/media\/3147"}],"wp:attachment":[{"href":"https:\/\/jobstore.cl\/index.php\/wp-json\/wp\/v2\/media?parent=3144"}],"wp:term":[{"taxonomy":"product_cat","embeddable":true,"href":"https:\/\/jobstore.cl\/index.php\/wp-json\/wp\/v2\/product_cat?post=3144"},{"taxonomy":"product_tag","embeddable":true,"href":"https:\/\/jobstore.cl\/index.php\/wp-json\/wp\/v2\/product_tag?post=3144"}],"curies":[{"name":"wp","href":"https:\/\/api.w.org\/{rel}","templated":true}]}}