{"id":3047,"date":"2021-11-10T14:05:31","date_gmt":"2021-11-10T17:05:31","guid":{"rendered":"https:\/\/jobstore.cl\/?post_type=product&#038;p=3047"},"modified":"2024-04-01T13:49:05","modified_gmt":"2024-04-01T16:49:05","slug":"soporte-magnetico-para-iphone-o-bolso-hoco-gold","status":"publish","type":"product","link":"https:\/\/jobstore.cl\/index.php\/product\/soporte-magnetico-para-iphone-o-bolso-hoco-gold\/","title":{"rendered":"Soporte Magn\u00e9tico de Auto para iPhone o iPad &#8211; Color Gold"},"content":{"rendered":"<p>Soporte magn\u00e9tico para colocar el iPhone o colgar un bolso en la cabecera trasera del asiento del auto.<\/p>\n","protected":false},"excerpt":{"rendered":"<p><strong>Descripci\u00f3n:<\/strong><\/p>\n<p>\u00ba Marca: Hoco<\/p>\n<p>\u00ba Modelo: CA18<\/p>\n<p>\u00ba Material: ABS + Im\u00e1n + Silicona + Aleaci\u00f3n de aluminio<\/p>\n<p>\u00ba Tama\u00f1o: 35 * 55 mm<\/p>\n<p>\u00ba Fijado en la varilla de metal debajo del reposacabezas, con pestillo de palanca para la instalaci\u00f3n<\/p>\n<p>\u00ba Fijaci\u00f3n del tel\u00e9fono m\u00f3vil mediante atracci\u00f3n magn\u00e9tica.<\/p>\n","protected":false},"featured_media":3049,"comment_status":"open","ping_status":"closed","template":"","meta":{"_joinchat":[]},"product_cat":[192],"product_tag":[297],"class_list":{"0":"post-3047","1":"product","2":"type-product","3":"status-publish","4":"has-post-thumbnail","6":"product_brand-hoco","7":"product_cat-accesorios","8":"product_tag-ca18","10":"first","11":"instock","12":"shipping-taxable","13":"purchasable","14":"product-type-simple"},"_links":{"self":[{"href":"https:\/\/jobstore.cl\/index.php\/wp-json\/wp\/v2\/product\/3047","targetHints":{"allow":["GET"]}}],"collection":[{"href":"https:\/\/jobstore.cl\/index.php\/wp-json\/wp\/v2\/product"}],"about":[{"href":"https:\/\/jobstore.cl\/index.php\/wp-json\/wp\/v2\/types\/product"}],"replies":[{"embeddable":true,"href":"https:\/\/jobstore.cl\/index.php\/wp-json\/wp\/v2\/comments?post=3047"}],"version-history":[{"count":6,"href":"https:\/\/jobstore.cl\/index.php\/wp-json\/wp\/v2\/product\/3047\/revisions"}],"predecessor-version":[{"id":13626,"href":"https:\/\/jobstore.cl\/index.php\/wp-json\/wp\/v2\/product\/3047\/revisions\/13626"}],"wp:featuredmedia":[{"embeddable":true,"href":"https:\/\/jobstore.cl\/index.php\/wp-json\/wp\/v2\/media\/3049"}],"wp:attachment":[{"href":"https:\/\/jobstore.cl\/index.php\/wp-json\/wp\/v2\/media?parent=3047"}],"wp:term":[{"taxonomy":"product_cat","embeddable":true,"href":"https:\/\/jobstore.cl\/index.php\/wp-json\/wp\/v2\/product_cat?post=3047"},{"taxonomy":"product_tag","embeddable":true,"href":"https:\/\/jobstore.cl\/index.php\/wp-json\/wp\/v2\/product_tag?post=3047"}],"curies":[{"name":"wp","href":"https:\/\/api.w.org\/{rel}","templated":true}]}}