{"id":2975,"date":"2021-11-09T15:09:00","date_gmt":"2021-11-09T18:09:00","guid":{"rendered":"https:\/\/jobstore.cl\/?post_type=product&#038;p=2975"},"modified":"2024-08-08T11:16:51","modified_gmt":"2024-08-08T14:16:51","slug":"lamina-de-vidrio-templado-hd-dotfes-e01-para-iphone-xs-max","status":"publish","type":"product","link":"https:\/\/jobstore.cl\/index.php\/product\/lamina-de-vidrio-templado-hd-dotfes-e01-para-iphone-xs-max\/","title":{"rendered":"Vidrio Templado HD para iPhone XS Max \/ 11 Pro Max"},"content":{"rendered":"<p>Especialmente dise\u00f1ado para adaptarse al iPhone XS Max y 11 PRO MAX, hecho con recorte y pulido precisos para brindar una mejor protecci\u00f3n a la superficie de la pantalla t\u00e1ctil de tus dispositivos. Borde tallado con l\u00e1ser de precisi\u00f3n y adaptable perfectamente a tu tel\u00e9fono.Ultra claro: con un 99,9% de transparencia para promover una experiencia visual \u00f3ptima y natural<\/p>\n<p>Antideslumbrante y antihuellas: el protector tiene un revestimiento oleof\u00f3bico que evita las huellas dactilares y otros contaminantes, hace que la pel\u00edcula sea f\u00e1cil de limpiar.<\/p>\n","protected":false},"excerpt":{"rendered":"<p>1. Adsorci\u00f3n autom\u00e1tica, f\u00e1cil de pegar y tacto suave en la mano. Ultra delgado, solo 0,25 mm de grosor.<\/p>\n<p>2. Borde de arco liso 2.5D, resistencia al rayado de dureza 9H (evita que se raye debido la mayor\u00eda de los objetos afilados).<\/p>\n<p>3. La herramienta de alineaci\u00f3n profesional ayuda a guiar la pel\u00edcula de vidrio a la posici\u00f3n correcta al pegar.<\/p>\n","protected":false},"featured_media":2981,"comment_status":"open","ping_status":"closed","template":"","meta":{"_joinchat":[]},"product_cat":[280,611],"product_tag":[],"class_list":{"0":"post-2975","1":"product","2":"type-product","3":"status-publish","4":"has-post-thumbnail","6":"product_brand-dotfes","7":"product_cat-accesorios-iphone-accesorios-iphone","8":"product_cat-tempered-glass","10":"first","11":"instock","12":"shipping-taxable","13":"purchasable","14":"product-type-simple"},"_links":{"self":[{"href":"https:\/\/jobstore.cl\/index.php\/wp-json\/wp\/v2\/product\/2975","targetHints":{"allow":["GET"]}}],"collection":[{"href":"https:\/\/jobstore.cl\/index.php\/wp-json\/wp\/v2\/product"}],"about":[{"href":"https:\/\/jobstore.cl\/index.php\/wp-json\/wp\/v2\/types\/product"}],"replies":[{"embeddable":true,"href":"https:\/\/jobstore.cl\/index.php\/wp-json\/wp\/v2\/comments?post=2975"}],"version-history":[{"count":8,"href":"https:\/\/jobstore.cl\/index.php\/wp-json\/wp\/v2\/product\/2975\/revisions"}],"predecessor-version":[{"id":15738,"href":"https:\/\/jobstore.cl\/index.php\/wp-json\/wp\/v2\/product\/2975\/revisions\/15738"}],"wp:featuredmedia":[{"embeddable":true,"href":"https:\/\/jobstore.cl\/index.php\/wp-json\/wp\/v2\/media\/2981"}],"wp:attachment":[{"href":"https:\/\/jobstore.cl\/index.php\/wp-json\/wp\/v2\/media?parent=2975"}],"wp:term":[{"taxonomy":"product_cat","embeddable":true,"href":"https:\/\/jobstore.cl\/index.php\/wp-json\/wp\/v2\/product_cat?post=2975"},{"taxonomy":"product_tag","embeddable":true,"href":"https:\/\/jobstore.cl\/index.php\/wp-json\/wp\/v2\/product_tag?post=2975"}],"curies":[{"name":"wp","href":"https:\/\/api.w.org\/{rel}","templated":true}]}}